{"id":10,"date":"2013-09-04T16:11:01","date_gmt":"2013-09-04T15:11:01","guid":{"rendered":"http:\/\/janrehak.gur.sk\/?page_id=10"},"modified":"2022-12-20T08:03:43","modified_gmt":"2022-12-20T07:03:43","slug":"kontakt","status":"publish","type":"page","link":"https:\/\/regiontzb.sk\/?page_id=10","title":{"rendered":"Kontakt"},"content":{"rendered":"<div  class='avia-builder-widget-area clearfix  avia-builder-el-0  el_before_av_one_third  avia-builder-el-first '><div id=\"avia_google_maps-2\" class=\"widget clearfix avia_google_maps\"><div class=\"av_gmaps_widget_main_wrap av_gmaps_main_wrap\"><div id='av_gmap_0' class='avia-google-map-container avia-google-map-widget av_gmaps_show_unconditionally av-no-fallback-img' data-mapid='av_gmap_0' ><\/div><\/div><\/div><\/div>\n<div class=\"flex_column av_one_third  flex_column_div av-zero-column-padding first  avia-builder-el-1  el_after_av_sidebar  el_before_av_one_third  \" style='border-radius:0px; '><p><div  style='padding-bottom:10px; ' class='av-special-heading av-special-heading-h3    avia-builder-el-2  el_before_av_textblock  avia-builder-el-first  '><h3 class='av-special-heading-tag '  itemprop=\"headline\"  >Technick\u00e9 oddelenia<\/h3><div class='special-heading-border'><div class='special-heading-inner-border' ><\/div><\/div><\/div><br \/>\n<section class=\"av_textblock_section \"  itemscope=\"itemscope\" itemtype=\"https:\/\/schema.org\/CreativeWork\" ><div class='avia_textblock  '   itemprop=\"text\" ><p><strong>OKN\u00c1 A DVERE (inform\u00e1cie a cenov\u00e9 ponuky):<\/strong><\/p>\n<p>Timotej Votruba,\u00a0<a href=\"mailto:okna@regiontzb.sk\">okna@regiontzb.sk<\/a><br \/>\ntel. +421 948 101 666.<\/p>\n<p><strong>TEPELN\u00c1 TECHNIKA A ZDRAVOTECHNIKA:<\/strong><\/p>\n<p>Ing. Ivan Votruba,\u00a0<a href=\"mailto:regiontzb@regiontzb.sk\">regiontzb@regiontzb.sk<br \/>\n<\/a>tel. +421 902 902 930<\/p>\n<p>R\u00f3bert Z\u00e1le\u0161\u00e1k,\u00a0<a href=\"mailto:zalesak@regiontzb.sk\">zalesak@regiontzb.sk<br \/>\n<\/a>tel. +421 902 902 932<\/p>\n<p><strong>FOTOVOLTIKA\u00a0:<\/strong><\/p>\n<p>Ing. Ivan Votruba,\u00a0<a href=\"mailto:regiontzb@regiontzb.sk\">regiontzb@regiontzb.sk<br \/>\n<\/a>tel. +421 902 902 930<\/p>\n<\/div><\/section><\/p><\/div>\n<div class=\"flex_column av_one_third  flex_column_div av-zero-column-padding   avia-builder-el-4  el_after_av_one_third  avia-builder-el-last  \" style='border-radius:0px; '><p><div  style='padding-bottom:10px; ' class='av-special-heading av-special-heading-h3    avia-builder-el-5  el_before_av_textblock  avia-builder-el-first  '><h3 class='av-special-heading-tag '  itemprop=\"headline\"  >Kontaktn\u00e9 \u00fadaje<\/h3><div class='special-heading-border'><div class='special-heading-inner-border' ><\/div><\/div><\/div><br \/>\n<section class=\"av_textblock_section \"  itemscope=\"itemscope\" itemtype=\"https:\/\/schema.org\/CreativeWork\" ><div class='avia_textblock  '   itemprop=\"text\" ><p><strong>REGION TZB, spol. s r.o.<br \/>\n<\/strong>Partiz\u00e1nska 25<br \/>\n908 51 Hol\u00ed\u010d<br \/>\n<strong><br \/>\nI\u010cO:<\/strong> 34 116 745<br \/>\n<strong>I\u010c DPH:<\/strong> SK2020379119<\/p>\n<p>Spolo\u010dnos\u0165 zap\u00edsan\u00e1 v Obchodnom registri<\/p>\n<p>Okresn\u00e9ho s\u00fadu Trnava Oddiel: S. r. o. ,<\/p>\n<p>vlo\u017eka \u010d. 1021\/T<\/p>\n<\/div><\/section><br \/>\n<section class=\"av_textblock_section \"  itemscope=\"itemscope\" itemtype=\"https:\/\/schema.org\/CreativeWork\" ><div class='avia_textblock  '   itemprop=\"text\" ><p><strong>tel.<\/strong> +421 34 668 2780<br \/>\n<strong>email:<\/strong> regiontzb@regiontzb.sk<\/p>\n<\/div><\/section><br \/>\n<\/p><\/div>\n","protected":false},"excerpt":{"rendered":"","protected":false},"author":3,"featured_media":0,"parent":361,"menu_order":3,"comment_status":"open","ping_status":"open","template":"","meta":{"footnotes":""},"yoast_head":"<!-- This site is optimized with the Yoast SEO plugin v22.2 - https:\/\/yoast.com\/wordpress\/plugins\/seo\/ -->\n<title>Kontakt - REGION TZB<\/title>\n<meta name=\"robots\" content=\"index, follow, max-snippet:-1, max-image-preview:large, max-video-preview:-1\" \/>\n<link rel=\"canonical\" href=\"https:\/\/regiontzb.sk\/?page_id=10\" \/>\n<meta property=\"og:locale\" content=\"sk_SK\" \/>\n<meta property=\"og:type\" content=\"article\" \/>\n<meta property=\"og:title\" content=\"Kontakt - REGION TZB\" \/>\n<meta property=\"og:url\" content=\"https:\/\/regiontzb.sk\/?page_id=10\" \/>\n<meta property=\"og:site_name\" content=\"REGION TZB\" \/>\n<meta property=\"article:modified_time\" content=\"2022-12-20T07:03:43+00:00\" \/>\n<meta name=\"twitter:card\" content=\"summary_large_image\" \/>\n<meta name=\"twitter:label1\" content=\"Predpokladan\u00fd \u010das \u010d\u00edtania\" \/>\n\t<meta name=\"twitter:data1\" content=\"2 min\u00faty\" \/>\n<script type=\"application\/ld+json\" class=\"yoast-schema-graph\">{\"@context\":\"https:\/\/schema.org\",\"@graph\":[{\"@type\":\"WebPage\",\"@id\":\"https:\/\/regiontzb.sk\/?page_id=10\",\"url\":\"https:\/\/regiontzb.sk\/?page_id=10\",\"name\":\"Kontakt - REGION TZB\",\"isPartOf\":{\"@id\":\"https:\/\/regiontzb.sk\/#website\"},\"datePublished\":\"2013-09-04T15:11:01+00:00\",\"dateModified\":\"2022-12-20T07:03:43+00:00\",\"breadcrumb\":{\"@id\":\"https:\/\/regiontzb.sk\/?page_id=10#breadcrumb\"},\"inLanguage\":\"sk-SK\",\"potentialAction\":[{\"@type\":\"ReadAction\",\"target\":[\"https:\/\/regiontzb.sk\/?page_id=10\"]}]},{\"@type\":\"BreadcrumbList\",\"@id\":\"https:\/\/regiontzb.sk\/?page_id=10#breadcrumb\",\"itemListElement\":[{\"@type\":\"ListItem\",\"position\":1,\"name\":\"Domovsk\u00e1 str\u00e1nka\",\"item\":\"https:\/\/regiontzb.sk\/\"},{\"@type\":\"ListItem\",\"position\":2,\"name\":\"Spolo\u010dnos\u0165\",\"item\":\"https:\/\/regiontzb.sk\/?page_id=361\"},{\"@type\":\"ListItem\",\"position\":3,\"name\":\"Kontakt\"}]},{\"@type\":\"WebSite\",\"@id\":\"https:\/\/regiontzb.sk\/#website\",\"url\":\"https:\/\/regiontzb.sk\/\",\"name\":\"REGION TZB\",\"description\":\"v\u0161etko pre va\u0161e spokojn\u00e9 b\u00fdvanie\",\"potentialAction\":[{\"@type\":\"SearchAction\",\"target\":{\"@type\":\"EntryPoint\",\"urlTemplate\":\"https:\/\/regiontzb.sk\/?s={search_term_string}\"},\"query-input\":\"required name=search_term_string\"}],\"inLanguage\":\"sk-SK\"}]}<\/script>\n<!-- \/ Yoast SEO plugin. -->","yoast_head_json":{"title":"Kontakt - REGION TZB","robots":{"index":"index","follow":"follow","max-snippet":"max-snippet:-1","max-image-preview":"max-image-preview:large","max-video-preview":"max-video-preview:-1"},"canonical":"https:\/\/regiontzb.sk\/?page_id=10","og_locale":"sk_SK","og_type":"article","og_title":"Kontakt - REGION TZB","og_url":"https:\/\/regiontzb.sk\/?page_id=10","og_site_name":"REGION TZB","article_modified_time":"2022-12-20T07:03:43+00:00","twitter_card":"summary_large_image","twitter_misc":{"Predpokladan\u00fd \u010das \u010d\u00edtania":"2 min\u00faty"},"schema":{"@context":"https:\/\/schema.org","@graph":[{"@type":"WebPage","@id":"https:\/\/regiontzb.sk\/?page_id=10","url":"https:\/\/regiontzb.sk\/?page_id=10","name":"Kontakt - REGION TZB","isPartOf":{"@id":"https:\/\/regiontzb.sk\/#website"},"datePublished":"2013-09-04T15:11:01+00:00","dateModified":"2022-12-20T07:03:43+00:00","breadcrumb":{"@id":"https:\/\/regiontzb.sk\/?page_id=10#breadcrumb"},"inLanguage":"sk-SK","potentialAction":[{"@type":"ReadAction","target":["https:\/\/regiontzb.sk\/?page_id=10"]}]},{"@type":"BreadcrumbList","@id":"https:\/\/regiontzb.sk\/?page_id=10#breadcrumb","itemListElement":[{"@type":"ListItem","position":1,"name":"Domovsk\u00e1 str\u00e1nka","item":"https:\/\/regiontzb.sk\/"},{"@type":"ListItem","position":2,"name":"Spolo\u010dnos\u0165","item":"https:\/\/regiontzb.sk\/?page_id=361"},{"@type":"ListItem","position":3,"name":"Kontakt"}]},{"@type":"WebSite","@id":"https:\/\/regiontzb.sk\/#website","url":"https:\/\/regiontzb.sk\/","name":"REGION TZB","description":"v\u0161etko pre va\u0161e spokojn\u00e9 b\u00fdvanie","potentialAction":[{"@type":"SearchAction","target":{"@type":"EntryPoint","urlTemplate":"https:\/\/regiontzb.sk\/?s={search_term_string}"},"query-input":"required name=search_term_string"}],"inLanguage":"sk-SK"}]}},"_links":{"self":[{"href":"https:\/\/regiontzb.sk\/index.php?rest_route=\/wp\/v2\/pages\/10"}],"collection":[{"href":"https:\/\/regiontzb.sk\/index.php?rest_route=\/wp\/v2\/pages"}],"about":[{"href":"https:\/\/regiontzb.sk\/index.php?rest_route=\/wp\/v2\/types\/page"}],"author":[{"embeddable":true,"href":"https:\/\/regiontzb.sk\/index.php?rest_route=\/wp\/v2\/users\/3"}],"replies":[{"embeddable":true,"href":"https:\/\/regiontzb.sk\/index.php?rest_route=%2Fwp%2Fv2%2Fcomments&post=10"}],"version-history":[{"count":46,"href":"https:\/\/regiontzb.sk\/index.php?rest_route=\/wp\/v2\/pages\/10\/revisions"}],"predecessor-version":[{"id":1334,"href":"https:\/\/regiontzb.sk\/index.php?rest_route=\/wp\/v2\/pages\/10\/revisions\/1334"}],"up":[{"embeddable":true,"href":"https:\/\/regiontzb.sk\/index.php?rest_route=\/wp\/v2\/pages\/361"}],"wp:attachment":[{"href":"https:\/\/regiontzb.sk\/index.php?rest_route=%2Fwp%2Fv2%2Fmedia&parent=10"}],"curies":[{"name":"wp","href":"https:\/\/api.w.org\/{rel}","templated":true}]}}