{"id":12,"date":"2013-09-04T16:11:15","date_gmt":"2013-09-04T15:11:15","guid":{"rendered":"http:\/\/janrehak.gur.sk\/?page_id=12"},"modified":"2013-09-04T16:27:00","modified_gmt":"2013-09-04T15:27:00","slug":"referencie","status":"publish","type":"page","link":"https:\/\/regiontzb.sk\/?page_id=12","title":{"rendered":"Novinky a akcie"},"content":{"rendered":"","protected":false},"excerpt":{"rendered":"","protected":false},"author":3,"featured_media":0,"parent":0,"menu_order":0,"comment_status":"open","ping_status":"open","template":"","meta":{"footnotes":""},"yoast_head":"<!-- This site is optimized with the Yoast SEO plugin v22.2 - https:\/\/yoast.com\/wordpress\/plugins\/seo\/ -->\n<title>Novinky a akcie - REGION TZB<\/title>\n<meta name=\"robots\" content=\"index, follow, max-snippet:-1, max-image-preview:large, max-video-preview:-1\" \/>\n<link rel=\"canonical\" href=\"https:\/\/regiontzb.sk\/?page_id=12\" \/>\n<meta property=\"og:locale\" content=\"sk_SK\" \/>\n<meta property=\"og:type\" content=\"article\" \/>\n<meta property=\"og:title\" content=\"Novinky a akcie - REGION TZB\" \/>\n<meta property=\"og:url\" content=\"https:\/\/regiontzb.sk\/?page_id=12\" \/>\n<meta property=\"og:site_name\" content=\"REGION TZB\" \/>\n<meta property=\"article:modified_time\" content=\"2013-09-04T15:27:00+00:00\" \/>\n<meta name=\"twitter:card\" content=\"summary_large_image\" \/>\n<script type=\"application\/ld+json\" class=\"yoast-schema-graph\">{\"@context\":\"https:\/\/schema.org\",\"@graph\":[{\"@type\":[\"WebPage\",\"CollectionPage\"],\"@id\":\"https:\/\/regiontzb.sk\/?page_id=12\",\"url\":\"https:\/\/regiontzb.sk\/?page_id=12\",\"name\":\"Novinky a akcie - REGION TZB\",\"isPartOf\":{\"@id\":\"https:\/\/regiontzb.sk\/#website\"},\"datePublished\":\"2013-09-04T15:11:15+00:00\",\"dateModified\":\"2013-09-04T15:27:00+00:00\",\"breadcrumb\":{\"@id\":\"https:\/\/regiontzb.sk\/?page_id=12#breadcrumb\"},\"inLanguage\":\"sk-SK\"},{\"@type\":\"BreadcrumbList\",\"@id\":\"https:\/\/regiontzb.sk\/?page_id=12#breadcrumb\",\"itemListElement\":[{\"@type\":\"ListItem\",\"position\":1,\"name\":\"Domovsk\u00e1 str\u00e1nka\",\"item\":\"https:\/\/regiontzb.sk\/\"},{\"@type\":\"ListItem\",\"position\":2,\"name\":\"Novinky a akcie\"}]},{\"@type\":\"WebSite\",\"@id\":\"https:\/\/regiontzb.sk\/#website\",\"url\":\"https:\/\/regiontzb.sk\/\",\"name\":\"REGION TZB\",\"description\":\"v\u0161etko pre va\u0161e spokojn\u00e9 b\u00fdvanie\",\"potentialAction\":[{\"@type\":\"SearchAction\",\"target\":{\"@type\":\"EntryPoint\",\"urlTemplate\":\"https:\/\/regiontzb.sk\/?s={search_term_string}\"},\"query-input\":\"required name=search_term_string\"}],\"inLanguage\":\"sk-SK\"}]}<\/script>\n<!-- \/ Yoast SEO plugin. -->","yoast_head_json":{"title":"Novinky a akcie - REGION TZB","robots":{"index":"index","follow":"follow","max-snippet":"max-snippet:-1","max-image-preview":"max-image-preview:large","max-video-preview":"max-video-preview:-1"},"canonical":"https:\/\/regiontzb.sk\/?page_id=12","og_locale":"sk_SK","og_type":"article","og_title":"Novinky a akcie - REGION TZB","og_url":"https:\/\/regiontzb.sk\/?page_id=12","og_site_name":"REGION TZB","article_modified_time":"2013-09-04T15:27:00+00:00","twitter_card":"summary_large_image","schema":{"@context":"https:\/\/schema.org","@graph":[{"@type":["WebPage","CollectionPage"],"@id":"https:\/\/regiontzb.sk\/?page_id=12","url":"https:\/\/regiontzb.sk\/?page_id=12","name":"Novinky a akcie - REGION TZB","isPartOf":{"@id":"https:\/\/regiontzb.sk\/#website"},"datePublished":"2013-09-04T15:11:15+00:00","dateModified":"2013-09-04T15:27:00+00:00","breadcrumb":{"@id":"https:\/\/regiontzb.sk\/?page_id=12#breadcrumb"},"inLanguage":"sk-SK"},{"@type":"BreadcrumbList","@id":"https:\/\/regiontzb.sk\/?page_id=12#breadcrumb","itemListElement":[{"@type":"ListItem","position":1,"name":"Domovsk\u00e1 str\u00e1nka","item":"https:\/\/regiontzb.sk\/"},{"@type":"ListItem","position":2,"name":"Novinky a akcie"}]},{"@type":"WebSite","@id":"https:\/\/regiontzb.sk\/#website","url":"https:\/\/regiontzb.sk\/","name":"REGION TZB","description":"v\u0161etko pre va\u0161e spokojn\u00e9 b\u00fdvanie","potentialAction":[{"@type":"SearchAction","target":{"@type":"EntryPoint","urlTemplate":"https:\/\/regiontzb.sk\/?s={search_term_string}"},"query-input":"required name=search_term_string"}],"inLanguage":"sk-SK"}]}},"_links":{"self":[{"href":"https:\/\/regiontzb.sk\/index.php?rest_route=\/wp\/v2\/pages\/12"}],"collection":[{"href":"https:\/\/regiontzb.sk\/index.php?rest_route=\/wp\/v2\/pages"}],"about":[{"href":"https:\/\/regiontzb.sk\/index.php?rest_route=\/wp\/v2\/types\/page"}],"author":[{"embeddable":true,"href":"https:\/\/regiontzb.sk\/index.php?rest_route=\/wp\/v2\/users\/3"}],"replies":[{"embeddable":true,"href":"https:\/\/regiontzb.sk\/index.php?rest_route=%2Fwp%2Fv2%2Fcomments&post=12"}],"version-history":[{"count":2,"href":"https:\/\/regiontzb.sk\/index.php?rest_route=\/wp\/v2\/pages\/12\/revisions"}],"predecessor-version":[{"id":14,"href":"https:\/\/regiontzb.sk\/index.php?rest_route=\/wp\/v2\/pages\/12\/revisions\/14"}],"wp:attachment":[{"href":"https:\/\/regiontzb.sk\/index.php?rest_route=%2Fwp%2Fv2%2Fmedia&parent=12"}],"curies":[{"name":"wp","href":"https:\/\/api.w.org\/{rel}","templated":true}]}}