{"id":169,"date":"2013-09-14T15:13:53","date_gmt":"2013-09-14T14:13:53","guid":{"rendered":"http:\/\/janrehak.gur.sk\/?page_id=169"},"modified":"2013-12-07T19:15:04","modified_gmt":"2013-12-07T18:15:04","slug":"plastove-okna","status":"publish","type":"page","link":"https:\/\/regiontzb.sk\/?page_id=169","title":{"rendered":"Plastov\u00e9 okn\u00e1"},"content":{"rendered":"<div   data-size='entry_with_sidebar'  data-lightbox_size='large'  data-animation='slide'  data-conditional_play=''  data-ids='487'  data-video_counter='0'  data-autoplay='false'  data-bg_slider='false'  data-slide_height=''  data-handle='av_slideshow'  data-interval='5'  data-class=' avia-builder-el-0  el_before_av_textblock  avia-builder-el-first  '  data-el_id=''  data-css_id=''  data-scroll_down=''  data-control_layout=''  data-custom_markup=''  data-perma_caption=''  data-autoplay_stopper=''  data-image_attachment=''  data-min_height='0px'  data-lazy_loading='disabled'  data-default-height='37.9881656805'  class='avia-slideshow avia-slideshow-1  av-default-height-applied avia-slideshow-entry_with_sidebar av_slideshow  avia-builder-el-0  el_before_av_textblock  avia-builder-el-first   avia-slide-slider '  itemprop=\"image\" itemscope=\"itemscope\" itemtype=\"https:\/\/schema.org\/ImageObject\" ><ul class='avia-slideshow-inner ' style='padding-bottom: 38.0281690141%;' ><li  class=' av-single-slide slide-1 ' ><div data-rel='slideshow-1' class='avia-slide-wrap '   ><img class=\"wp-image-487 avia-img-lazy-loading-not-487\"  src='https:\/\/regiontzb.sk\/wp-content\/uploads\/2013\/11\/plastove_okna_1088_1030x390-710x270.png' width='710' height='270' title='Plastov\u00e9 okn\u00e1 a dvere' alt=''  itemprop=\"thumbnailUrl\"   \/><\/div><\/li><\/ul><\/div>\n<section class=\"av_textblock_section \"  itemscope=\"itemscope\" itemtype=\"https:\/\/schema.org\/CreativeWork\" ><div class='avia_textblock  '   itemprop=\"text\" ><p style=\"text-align: justify;\"><a href=\"http:\/\/regiontzb.sk\/wp-content\/uploads\/2013\/09\/logotyp-zelena-r-jpg-2.jpg\"><img loading=\"lazy\" decoding=\"async\" class=\"size-full wp-image-672 alignleft\" alt=\"\" src=\"http:\/\/regiontzb.sk\/wp-content\/uploads\/2013\/09\/logotyp-zelena-r-jpg-2.jpg\" width=\"219\" height=\"62\" \/><\/a>Do dne\u0161n\u00fdch dn\u00ed, cca 80% okien vyr\u00e1ban\u00fdch v Eur\u00f3pe obsahuje\u00a0 OLOVO &#8211; zdraviu \u0161kodliv\u00fd a \u017eivotn\u00e9 prostredie ni\u010diaci prvok! Svetov\u00fd l\u00edder pr\u00e1v ochrany \u017eivotn\u00e9ho prostredia &#8211; D\u00e1nsko, zaviedlo u\u017e v roku 2001 z\u00e1kaz v\u00fdroby a predaja profilov obsahuj\u00facich olovo. Z\u00e1kaz pou\u017e\u00edvania olova ako zlo\u017eky PVC plat\u00ed nieko\u013eko rokov u\u017e aj na \u00fazem\u00ed USA. V\u0161etky tieto opatrenia vych\u00e1dzaj\u00fa z faktu, \u017ee olovo m\u00f4\u017ee by\u0165 obzvl\u00e1\u0161\u0165 nebezpe\u010dn\u00e9 pre mal\u00e9 deti, doj\u010dence a tehotn\u00e9 \u017eeny. Pr\u00e1ve v D\u00e1nsku &#8211; na za\u010diatku 90-tych rokov bolo postaven\u00e9 s\u00eddlisko\u00a0 pre alergikov. Komora lek\u00e1rov rozhodla, \u017ee domy pre t\u00fdchto \u013eud\u00ed bud\u00fa vybaven\u00e9 oknami vyroben\u00fdmi z profilov PVC bez obsahu olova !<\/p>\n<blockquote>\n<p style=\"text-align: justify;\">V\u00e1pnikovo &#8211; zinkov\u00fd stabiliz\u00e1tor, ktor\u00fd sa pou\u017e\u00edva pri v\u00fdrobe profilov\u00a0<span style=\"color: #99cc00;\">HORIZONT PS\u00ae<\/span>\u00a0je uveden\u00fd v &#8222;<span style=\"color: #99cc00;\">Zelenej knihe PVC<\/span>&#8220; publikovanej\u00a0 E\u00da ako jedin\u00e1 alternat\u00edva elimin\u00e1cie \u0165a\u017ek\u00fdch\u00a0 kovov &#8211; olova a kadmia. Nahr\u00e1dzaj\u00fa sa l\u00e1tkami, ktor\u00e9 neohrozuj\u00fa zdravie \u010dloveka a ne\u0161kodia \u017eivotn\u00e9mu\u00a0 prostrediu.<\/p>\n<\/blockquote>\n<p style=\"text-align: justify;\">PRO Nature je ozna\u010denie novej bezolovnatej recept\u00fary. T\u00e1to zatia\u013e dobrovo\u013en\u00e1 aktivita si d\u00e1va za \u00falohu zn\u00ed\u017ei\u0165 obsah olova vo v\u00fdrobkoch z\u00a0PVC o 50 percent do roku 2010 (v porovnan\u00ed s\u00a0rokom 2000).\u00a0<span style=\"color: #99cc00;\">Spolo\u010dnos\u0165 Region TZB spol. s r.o. sa od roku 2009 s\u00fastred\u00ed v\u00fdhradne na tento zdraviu ne\u0161kodliv\u00fd profilov\u00fd syst\u00e9m.<\/span><\/p>\n<p style=\"text-align: justify;\"><strong><\/strong>Profily<span style=\"color: #99cc00;\">\u00a0HORIZONT PS\u00ae penta plus<\/span>\u00a0spracujeme na okn\u00e1 ka\u017ed\u00e9ho \u017eelan\u00e9ho druhu (jednokr\u00eddlov\u00e9, v\u00fdklopn\u00e9, dvojkr\u00eddlov\u00e9 s pevn\u00fdm st\u013apikom, plastov\u00e9 okn\u00e1 na &#8222;\u0161tulp&#8220;, trojkr\u00eddlov\u00e9, okn\u00e1 s nadsvetl\u00edkmi a pr\u00edsvetl\u00edkmi, viackr\u00eddlov\u00e9, at\u010f.). Pod\u013ea va\u0161ich po\u017eiadaviek vyr\u00e1bame aj atypick\u00e9 plastov\u00e9 okn\u00e1 na mieru. M\u00e1me pre V\u00e1s pripraven\u00fa \u0161irok\u00fa paletu farebn\u00fdch preveden\u00ed plastov\u00fdch okien, v\u00fdber\u00a0 z r\u00f4znych druhov izola\u010dn\u00fdch skiel.<\/p>\n<\/div><\/section>\n","protected":false},"excerpt":{"rendered":"","protected":false},"author":3,"featured_media":0,"parent":469,"menu_order":2,"comment_status":"open","ping_status":"open","template":"","meta":{"footnotes":""},"yoast_head":"<!-- This site is optimized with the Yoast SEO plugin v22.2 - https:\/\/yoast.com\/wordpress\/plugins\/seo\/ -->\n<title>Plastov\u00e9 okn\u00e1 - REGION TZB<\/title>\n<meta name=\"robots\" content=\"index, follow, max-snippet:-1, max-image-preview:large, max-video-preview:-1\" \/>\n<link rel=\"canonical\" href=\"https:\/\/regiontzb.sk\/?page_id=169\" \/>\n<meta property=\"og:locale\" content=\"sk_SK\" \/>\n<meta property=\"og:type\" content=\"article\" \/>\n<meta property=\"og:title\" content=\"Plastov\u00e9 okn\u00e1 - REGION TZB\" \/>\n<meta property=\"og:url\" content=\"https:\/\/regiontzb.sk\/?page_id=169\" \/>\n<meta property=\"og:site_name\" content=\"REGION TZB\" \/>\n<meta property=\"article:modified_time\" content=\"2013-12-07T18:15:04+00:00\" \/>\n<meta property=\"og:image\" content=\"http:\/\/regiontzb.sk\/wp-content\/uploads\/2013\/09\/logotyp-zelena-r-jpg-2.jpg\" \/>\n<meta name=\"twitter:card\" content=\"summary_large_image\" \/>\n<meta name=\"twitter:label1\" content=\"Predpokladan\u00fd \u010das \u010d\u00edtania\" \/>\n\t<meta name=\"twitter:data1\" content=\"2 min\u00faty\" \/>\n<script type=\"application\/ld+json\" class=\"yoast-schema-graph\">{\"@context\":\"https:\/\/schema.org\",\"@graph\":[{\"@type\":\"WebPage\",\"@id\":\"https:\/\/regiontzb.sk\/?page_id=169\",\"url\":\"https:\/\/regiontzb.sk\/?page_id=169\",\"name\":\"Plastov\u00e9 okn\u00e1 - REGION TZB\",\"isPartOf\":{\"@id\":\"https:\/\/regiontzb.sk\/#website\"},\"primaryImageOfPage\":{\"@id\":\"https:\/\/regiontzb.sk\/?page_id=169#primaryimage\"},\"image\":{\"@id\":\"https:\/\/regiontzb.sk\/?page_id=169#primaryimage\"},\"thumbnailUrl\":\"http:\/\/regiontzb.sk\/wp-content\/uploads\/2013\/09\/logotyp-zelena-r-jpg-2.jpg\",\"datePublished\":\"2013-09-14T14:13:53+00:00\",\"dateModified\":\"2013-12-07T18:15:04+00:00\",\"breadcrumb\":{\"@id\":\"https:\/\/regiontzb.sk\/?page_id=169#breadcrumb\"},\"inLanguage\":\"sk-SK\",\"potentialAction\":[{\"@type\":\"ReadAction\",\"target\":[\"https:\/\/regiontzb.sk\/?page_id=169\"]}]},{\"@type\":\"ImageObject\",\"inLanguage\":\"sk-SK\",\"@id\":\"https:\/\/regiontzb.sk\/?page_id=169#primaryimage\",\"url\":\"http:\/\/regiontzb.sk\/wp-content\/uploads\/2013\/09\/logotyp-zelena-r-jpg-2.jpg\",\"contentUrl\":\"http:\/\/regiontzb.sk\/wp-content\/uploads\/2013\/09\/logotyp-zelena-r-jpg-2.jpg\"},{\"@type\":\"BreadcrumbList\",\"@id\":\"https:\/\/regiontzb.sk\/?page_id=169#breadcrumb\",\"itemListElement\":[{\"@type\":\"ListItem\",\"position\":1,\"name\":\"Domovsk\u00e1 str\u00e1nka\",\"item\":\"https:\/\/regiontzb.sk\/\"},{\"@type\":\"ListItem\",\"position\":2,\"name\":\"Plastov\u00e9 okn\u00e1 a dvere\",\"item\":\"https:\/\/regiontzb.sk\/?page_id=469\"},{\"@type\":\"ListItem\",\"position\":3,\"name\":\"Plastov\u00e9 okn\u00e1\"}]},{\"@type\":\"WebSite\",\"@id\":\"https:\/\/regiontzb.sk\/#website\",\"url\":\"https:\/\/regiontzb.sk\/\",\"name\":\"REGION TZB\",\"description\":\"v\u0161etko pre va\u0161e spokojn\u00e9 b\u00fdvanie\",\"potentialAction\":[{\"@type\":\"SearchAction\",\"target\":{\"@type\":\"EntryPoint\",\"urlTemplate\":\"https:\/\/regiontzb.sk\/?s={search_term_string}\"},\"query-input\":\"required name=search_term_string\"}],\"inLanguage\":\"sk-SK\"}]}<\/script>\n<!-- \/ Yoast SEO plugin. -->","yoast_head_json":{"title":"Plastov\u00e9 okn\u00e1 - REGION TZB","robots":{"index":"index","follow":"follow","max-snippet":"max-snippet:-1","max-image-preview":"max-image-preview:large","max-video-preview":"max-video-preview:-1"},"canonical":"https:\/\/regiontzb.sk\/?page_id=169","og_locale":"sk_SK","og_type":"article","og_title":"Plastov\u00e9 okn\u00e1 - REGION TZB","og_url":"https:\/\/regiontzb.sk\/?page_id=169","og_site_name":"REGION TZB","article_modified_time":"2013-12-07T18:15:04+00:00","og_image":[{"url":"http:\/\/regiontzb.sk\/wp-content\/uploads\/2013\/09\/logotyp-zelena-r-jpg-2.jpg"}],"twitter_card":"summary_large_image","twitter_misc":{"Predpokladan\u00fd \u010das \u010d\u00edtania":"2 min\u00faty"},"schema":{"@context":"https:\/\/schema.org","@graph":[{"@type":"WebPage","@id":"https:\/\/regiontzb.sk\/?page_id=169","url":"https:\/\/regiontzb.sk\/?page_id=169","name":"Plastov\u00e9 okn\u00e1 - REGION TZB","isPartOf":{"@id":"https:\/\/regiontzb.sk\/#website"},"primaryImageOfPage":{"@id":"https:\/\/regiontzb.sk\/?page_id=169#primaryimage"},"image":{"@id":"https:\/\/regiontzb.sk\/?page_id=169#primaryimage"},"thumbnailUrl":"http:\/\/regiontzb.sk\/wp-content\/uploads\/2013\/09\/logotyp-zelena-r-jpg-2.jpg","datePublished":"2013-09-14T14:13:53+00:00","dateModified":"2013-12-07T18:15:04+00:00","breadcrumb":{"@id":"https:\/\/regiontzb.sk\/?page_id=169#breadcrumb"},"inLanguage":"sk-SK","potentialAction":[{"@type":"ReadAction","target":["https:\/\/regiontzb.sk\/?page_id=169"]}]},{"@type":"ImageObject","inLanguage":"sk-SK","@id":"https:\/\/regiontzb.sk\/?page_id=169#primaryimage","url":"http:\/\/regiontzb.sk\/wp-content\/uploads\/2013\/09\/logotyp-zelena-r-jpg-2.jpg","contentUrl":"http:\/\/regiontzb.sk\/wp-content\/uploads\/2013\/09\/logotyp-zelena-r-jpg-2.jpg"},{"@type":"BreadcrumbList","@id":"https:\/\/regiontzb.sk\/?page_id=169#breadcrumb","itemListElement":[{"@type":"ListItem","position":1,"name":"Domovsk\u00e1 str\u00e1nka","item":"https:\/\/regiontzb.sk\/"},{"@type":"ListItem","position":2,"name":"Plastov\u00e9 okn\u00e1 a dvere","item":"https:\/\/regiontzb.sk\/?page_id=469"},{"@type":"ListItem","position":3,"name":"Plastov\u00e9 okn\u00e1"}]},{"@type":"WebSite","@id":"https:\/\/regiontzb.sk\/#website","url":"https:\/\/regiontzb.sk\/","name":"REGION TZB","description":"v\u0161etko pre va\u0161e spokojn\u00e9 b\u00fdvanie","potentialAction":[{"@type":"SearchAction","target":{"@type":"EntryPoint","urlTemplate":"https:\/\/regiontzb.sk\/?s={search_term_string}"},"query-input":"required name=search_term_string"}],"inLanguage":"sk-SK"}]}},"_links":{"self":[{"href":"https:\/\/regiontzb.sk\/index.php?rest_route=\/wp\/v2\/pages\/169"}],"collection":[{"href":"https:\/\/regiontzb.sk\/index.php?rest_route=\/wp\/v2\/pages"}],"about":[{"href":"https:\/\/regiontzb.sk\/index.php?rest_route=\/wp\/v2\/types\/page"}],"author":[{"embeddable":true,"href":"https:\/\/regiontzb.sk\/index.php?rest_route=\/wp\/v2\/users\/3"}],"replies":[{"embeddable":true,"href":"https:\/\/regiontzb.sk\/index.php?rest_route=%2Fwp%2Fv2%2Fcomments&post=169"}],"version-history":[{"count":13,"href":"https:\/\/regiontzb.sk\/index.php?rest_route=\/wp\/v2\/pages\/169\/revisions"}],"predecessor-version":[{"id":835,"href":"https:\/\/regiontzb.sk\/index.php?rest_route=\/wp\/v2\/pages\/169\/revisions\/835"}],"up":[{"embeddable":true,"href":"https:\/\/regiontzb.sk\/index.php?rest_route=\/wp\/v2\/pages\/469"}],"wp:attachment":[{"href":"https:\/\/regiontzb.sk\/index.php?rest_route=%2Fwp%2Fv2%2Fmedia&parent=169"}],"curies":[{"name":"wp","href":"https:\/\/api.w.org\/{rel}","templated":true}]}}