{"id":23,"date":"2013-09-04T16:29:44","date_gmt":"2013-09-04T15:29:44","guid":{"rendered":"http:\/\/janrehak.gur.sk\/?page_id=23"},"modified":"2014-09-19T12:45:18","modified_gmt":"2014-09-19T11:45:18","slug":"vykurovanie","status":"publish","type":"page","link":"https:\/\/regiontzb.sk\/?page_id=23","title":{"rendered":"Vykurovanie"},"content":{"rendered":"<div   data-size='entry_with_sidebar'  data-lightbox_size='large'  data-animation='fade'  data-conditional_play=''  data-ids='589,141'  data-video_counter='0'  data-autoplay='true'  data-bg_slider='false'  data-slide_height=''  data-handle='av_slideshow'  data-interval='5'  data-class=' avia-builder-el-0  el_before_av_one_full  avia-builder-el-first  '  data-el_id=''  data-css_id=''  data-scroll_down=''  data-control_layout=''  data-custom_markup=''  data-perma_caption=''  data-autoplay_stopper=''  data-image_attachment=''  data-min_height='0px'  data-lazy_loading='disabled'  data-default-height='37.9881656805'  class='avia-slideshow avia-slideshow-1  av-default-height-applied avia-slideshow-entry_with_sidebar av_slideshow  avia-builder-el-0  el_before_av_one_full  avia-builder-el-first   avia-fade-slider '  itemprop=\"image\" itemscope=\"itemscope\" itemtype=\"https:\/\/schema.org\/ImageObject\" ><ul class='avia-slideshow-inner ' style='padding-bottom: 38.0281690141%;' ><li  class=' slide-1 ' ><div data-rel='slideshow-1' class='avia-slide-wrap '   ><div class=\"avia-caption av-slideshow-caption\"><div class=\"avia-inner-caption\"><h2  class='avia-caption-title  '  itemprop=\"name\" >Vykurovanie r\u00edmskeho domu<\/h2><div class='avia-caption-content  '  itemprop=\"description\"  ><p>Carnuntum cca. 300.n.l.<\/p>\n<\/div><\/div><\/div><img class=\"wp-image-589 avia-img-lazy-loading-not-589\"  src='https:\/\/regiontzb.sk\/wp-content\/uploads\/2013\/09\/rim_kurenie_8951_1030x360-710x270.jpg' width='710' height='270' title='rim_kurenie_8951_1030x360' alt=''  itemprop=\"thumbnailUrl\"   \/><\/div><\/li><li  class=' slide-2 ' ><div data-rel='slideshow-1' class='avia-slide-wrap '   ><img class=\"wp-image-141 avia-img-lazy-loading-not-141\"  src='https:\/\/regiontzb.sk\/wp-content\/uploads\/2013\/09\/main_08-710x270.png' width='710' height='270' title='main_08' alt=''  itemprop=\"thumbnailUrl\"   \/><\/div><\/li><\/ul><div class='avia-slideshow-arrows avia-slideshow-controls'><a href='#prev' class='prev-slide' aria-hidden='true' data-av_icon='\ue87c' data-av_iconfont='entypo-fontello'>Sp\u00e4\u0165<\/a><a href='#next' class='next-slide' aria-hidden='true' data-av_icon='\ue87d' data-av_iconfont='entypo-fontello'>\u010ealej<\/a><\/div><div class='avia-slideshow-dots avia-slideshow-controls'><a href='#1' class='goto-slide active' >1<\/a><a href='#2' class='goto-slide ' >2<\/a><\/div><\/div>\n<div class=\"flex_column av_one_full  flex_column_div first  avia-builder-el-1  el_after_av_slideshow  avia-builder-el-last  \" ><section class=\"av_textblock_section \"  itemscope=\"itemscope\" itemtype=\"https:\/\/schema.org\/CreativeWork\" ><div class='avia_textblock  '   itemprop=\"text\" ><p style=\"text-align: justify;\">Na\u0161ou silnou str\u00e1nkou je oblas\u0165 technick\u00fdch zariaden\u00ed budov \u2013 \u010dasti vykurovania. Projekcia, dod\u00e1vka a mont\u00e1\u017e vykurovac\u00edch syst\u00e9mov s\u00fa korene na\u0161ej \u010dinnosti na slovenskom trhu u\u017e od roku 1995. Realizujeme mont\u00e1\u017e radi\u00e1torov\u00fdch, podlahov\u00fdch, teplovzdu\u0161n\u00fdch a s\u00e1lav\u00fdch syst\u00e9mov vykurovania. Dod\u00e1vame kompletn\u00e9 vykurovacie syst\u00e9my a vybavenie kotoln\u00ed od mal\u00fdch a\u017e po ve\u013ek\u00e9 v\u00fdkony pre firmy, v\u00fdrobn\u00e9 haly alebo bytov\u00e9 domy.<\/p>\n<p style=\"text-align: justify;\">Pre rodinn\u00e9 domy navrhujeme, dod\u00e1vame a montujeme syst\u00e9my teplovodn\u00e9ho podlahov\u00e9ho, radi\u00e1torov\u00e9ho vykurovania. Pre podlahov\u00e9 vykurovanie pou\u017e\u00edvame kvalitn\u00e9 komponenty od renomovan\u00fdch v\u00fdrobcov. R\u00farky pou\u017e\u00edvame kvalitn\u00e9 PEX-ov\u00e9 triedy A , tak aj plastohlin\u00edkov\u00e9 r\u00farky. Ako zdroje tepla pou\u017e\u00edvame \u00a0plynov\u00e9, tak aj zdroje tepla na tuh\u00e9 paliv\u00e1, elektrick\u00e9 kotly a nakoniec aj modern\u00e9 a popul\u00e1rne tepeln\u00e9 \u010derpadl\u00e1.<\/p>\n<blockquote>\n<p style=\"text-align: justify;\">Vzh\u013eadom na fakt, \u017ee modern\u00e9 syst\u00e9my vykurovania umo\u017e\u0148uj\u00fa ve\u013ea mo\u017enost\u00ed a sp\u00f4sobov vyu\u017eitia, pracujeme s ka\u017ed\u00fdm z\u00e1ujemcom na individu\u00e1lnom rie\u0161en\u00ed jeho mo\u017enost\u00ed a potrieb.<\/p>\n<\/blockquote>\n<p style=\"text-align: justify;\">Ka\u017ed\u00e9mu z\u00e1ujemcovi spracuv\u00e1vame individu\u00e1lne rie\u0161enie spolu s cenovou ponukou.\u00a0Na\u0161i odborn\u00edci v oblasti vykurovac\u00edch syst\u00e9mov V\u00e1m s\u00fa plne k dispoz\u00edcii.<\/p>\n<\/div><\/section><\/div>\n","protected":false},"excerpt":{"rendered":"","protected":false},"author":3,"featured_media":0,"parent":19,"menu_order":1,"comment_status":"open","ping_status":"open","template":"","meta":{"footnotes":""},"yoast_head":"<!-- This site is optimized with the Yoast SEO plugin v22.2 - https:\/\/yoast.com\/wordpress\/plugins\/seo\/ -->\n<title>Vykurovanie - REGION TZB<\/title>\n<meta name=\"robots\" content=\"index, follow, max-snippet:-1, max-image-preview:large, max-video-preview:-1\" \/>\n<link rel=\"canonical\" href=\"https:\/\/regiontzb.sk\/?page_id=23\" \/>\n<meta property=\"og:locale\" content=\"sk_SK\" \/>\n<meta property=\"og:type\" content=\"article\" \/>\n<meta property=\"og:title\" content=\"Vykurovanie - REGION TZB\" \/>\n<meta property=\"og:url\" content=\"https:\/\/regiontzb.sk\/?page_id=23\" \/>\n<meta property=\"og:site_name\" content=\"REGION TZB\" \/>\n<meta property=\"article:modified_time\" content=\"2014-09-19T11:45:18+00:00\" \/>\n<meta name=\"twitter:card\" content=\"summary_large_image\" \/>\n<meta name=\"twitter:label1\" content=\"Predpokladan\u00fd \u010das \u010d\u00edtania\" \/>\n\t<meta name=\"twitter:data1\" content=\"1 min\u00fata\" \/>\n<script type=\"application\/ld+json\" class=\"yoast-schema-graph\">{\"@context\":\"https:\/\/schema.org\",\"@graph\":[{\"@type\":\"WebPage\",\"@id\":\"https:\/\/regiontzb.sk\/?page_id=23\",\"url\":\"https:\/\/regiontzb.sk\/?page_id=23\",\"name\":\"Vykurovanie - REGION TZB\",\"isPartOf\":{\"@id\":\"https:\/\/regiontzb.sk\/#website\"},\"datePublished\":\"2013-09-04T15:29:44+00:00\",\"dateModified\":\"2014-09-19T11:45:18+00:00\",\"breadcrumb\":{\"@id\":\"https:\/\/regiontzb.sk\/?page_id=23#breadcrumb\"},\"inLanguage\":\"sk-SK\",\"potentialAction\":[{\"@type\":\"ReadAction\",\"target\":[\"https:\/\/regiontzb.sk\/?page_id=23\"]}]},{\"@type\":\"BreadcrumbList\",\"@id\":\"https:\/\/regiontzb.sk\/?page_id=23#breadcrumb\",\"itemListElement\":[{\"@type\":\"ListItem\",\"position\":1,\"name\":\"Domovsk\u00e1 str\u00e1nka\",\"item\":\"https:\/\/regiontzb.sk\/\"},{\"@type\":\"ListItem\",\"position\":2,\"name\":\"Slu\u017eby TZB\",\"item\":\"https:\/\/regiontzb.sk\/?page_id=19\"},{\"@type\":\"ListItem\",\"position\":3,\"name\":\"Vykurovanie\"}]},{\"@type\":\"WebSite\",\"@id\":\"https:\/\/regiontzb.sk\/#website\",\"url\":\"https:\/\/regiontzb.sk\/\",\"name\":\"REGION TZB\",\"description\":\"v\u0161etko pre va\u0161e spokojn\u00e9 b\u00fdvanie\",\"potentialAction\":[{\"@type\":\"SearchAction\",\"target\":{\"@type\":\"EntryPoint\",\"urlTemplate\":\"https:\/\/regiontzb.sk\/?s={search_term_string}\"},\"query-input\":\"required name=search_term_string\"}],\"inLanguage\":\"sk-SK\"}]}<\/script>\n<!-- \/ Yoast SEO plugin. -->","yoast_head_json":{"title":"Vykurovanie - REGION TZB","robots":{"index":"index","follow":"follow","max-snippet":"max-snippet:-1","max-image-preview":"max-image-preview:large","max-video-preview":"max-video-preview:-1"},"canonical":"https:\/\/regiontzb.sk\/?page_id=23","og_locale":"sk_SK","og_type":"article","og_title":"Vykurovanie - REGION TZB","og_url":"https:\/\/regiontzb.sk\/?page_id=23","og_site_name":"REGION TZB","article_modified_time":"2014-09-19T11:45:18+00:00","twitter_card":"summary_large_image","twitter_misc":{"Predpokladan\u00fd \u010das \u010d\u00edtania":"1 min\u00fata"},"schema":{"@context":"https:\/\/schema.org","@graph":[{"@type":"WebPage","@id":"https:\/\/regiontzb.sk\/?page_id=23","url":"https:\/\/regiontzb.sk\/?page_id=23","name":"Vykurovanie - REGION TZB","isPartOf":{"@id":"https:\/\/regiontzb.sk\/#website"},"datePublished":"2013-09-04T15:29:44+00:00","dateModified":"2014-09-19T11:45:18+00:00","breadcrumb":{"@id":"https:\/\/regiontzb.sk\/?page_id=23#breadcrumb"},"inLanguage":"sk-SK","potentialAction":[{"@type":"ReadAction","target":["https:\/\/regiontzb.sk\/?page_id=23"]}]},{"@type":"BreadcrumbList","@id":"https:\/\/regiontzb.sk\/?page_id=23#breadcrumb","itemListElement":[{"@type":"ListItem","position":1,"name":"Domovsk\u00e1 str\u00e1nka","item":"https:\/\/regiontzb.sk\/"},{"@type":"ListItem","position":2,"name":"Slu\u017eby TZB","item":"https:\/\/regiontzb.sk\/?page_id=19"},{"@type":"ListItem","position":3,"name":"Vykurovanie"}]},{"@type":"WebSite","@id":"https:\/\/regiontzb.sk\/#website","url":"https:\/\/regiontzb.sk\/","name":"REGION TZB","description":"v\u0161etko pre va\u0161e spokojn\u00e9 b\u00fdvanie","potentialAction":[{"@type":"SearchAction","target":{"@type":"EntryPoint","urlTemplate":"https:\/\/regiontzb.sk\/?s={search_term_string}"},"query-input":"required name=search_term_string"}],"inLanguage":"sk-SK"}]}},"_links":{"self":[{"href":"https:\/\/regiontzb.sk\/index.php?rest_route=\/wp\/v2\/pages\/23"}],"collection":[{"href":"https:\/\/regiontzb.sk\/index.php?rest_route=\/wp\/v2\/pages"}],"about":[{"href":"https:\/\/regiontzb.sk\/index.php?rest_route=\/wp\/v2\/types\/page"}],"author":[{"embeddable":true,"href":"https:\/\/regiontzb.sk\/index.php?rest_route=\/wp\/v2\/users\/3"}],"replies":[{"embeddable":true,"href":"https:\/\/regiontzb.sk\/index.php?rest_route=%2Fwp%2Fv2%2Fcomments&post=23"}],"version-history":[{"count":10,"href":"https:\/\/regiontzb.sk\/index.php?rest_route=\/wp\/v2\/pages\/23\/revisions"}],"predecessor-version":[{"id":1067,"href":"https:\/\/regiontzb.sk\/index.php?rest_route=\/wp\/v2\/pages\/23\/revisions\/1067"}],"up":[{"embeddable":true,"href":"https:\/\/regiontzb.sk\/index.php?rest_route=\/wp\/v2\/pages\/19"}],"wp:attachment":[{"href":"https:\/\/regiontzb.sk\/index.php?rest_route=%2Fwp%2Fv2%2Fmedia&parent=23"}],"curies":[{"name":"wp","href":"https:\/\/api.w.org\/{rel}","templated":true}]}}