{"id":31,"date":"2013-09-04T16:32:13","date_gmt":"2013-09-04T15:32:13","guid":{"rendered":"http:\/\/janrehak.gur.sk\/?page_id=31"},"modified":"2013-12-07T18:45:02","modified_gmt":"2013-12-07T17:45:02","slug":"energeticka-certifikacia-budov","status":"publish","type":"page","link":"https:\/\/regiontzb.sk\/?page_id=31","title":{"rendered":"Energetick\u00e1 certifik\u00e1cia budov"},"content":{"rendered":"<div   data-size='entry_with_sidebar'  data-lightbox_size='large'  data-animation='slide'  data-conditional_play=''  data-ids='113'  data-video_counter='0'  data-autoplay='false'  data-bg_slider='false'  data-slide_height=''  data-handle='av_slideshow'  data-interval='5'  data-class=' avia-builder-el-0  el_before_av_textblock  avia-builder-el-first  '  data-el_id=''  data-css_id=''  data-scroll_down=''  data-control_layout=''  data-custom_markup=''  data-perma_caption=''  data-autoplay_stopper=''  data-image_attachment=''  data-min_height='0px'  data-lazy_loading='disabled'  data-default-height='37.9881656805'  class='avia-slideshow avia-slideshow-1  av-default-height-applied avia-slideshow-entry_with_sidebar av_slideshow  avia-builder-el-0  el_before_av_textblock  avia-builder-el-first   avia-slide-slider '  itemprop=\"image\" itemscope=\"itemscope\" itemtype=\"https:\/\/schema.org\/ImageObject\" ><ul class='avia-slideshow-inner ' style='padding-bottom: 38.0281690141%;' ><li  class=' av-single-slide slide-1 ' ><div data-rel='slideshow-1' class='avia-slide-wrap '   ><img class=\"wp-image-113 avia-img-lazy-loading-not-113\"  src='https:\/\/regiontzb.sk\/wp-content\/uploads\/2013\/09\/main_04-710x270.png' width='710' height='270' title='Energetick\u00e1 certifik\u00e1cia' alt=''  itemprop=\"thumbnailUrl\"   \/><\/div><\/li><\/ul><\/div>\n<section class=\"av_textblock_section \"  itemscope=\"itemscope\" itemtype=\"https:\/\/schema.org\/CreativeWork\" ><div class='avia_textblock  '   itemprop=\"text\" ><h3>Na\u010do sl\u00fa\u017ei Energetick\u00e1 certifik\u00e1cia budov?<\/h3>\n<p style=\"text-align: justify;\">Sk\u00fasime to pop\u00edsa\u0165 trochu inak ako sa be\u017ene o energetickej certifik\u00e1ci\u00ed p\u00ed\u0161e. \u010co kto mus\u00ed, ak\u00fa s\u00fa pokuty at\u010f.\u00a0Je to \u201enutn\u00e9 zlo\u201c, ktor\u00e9 mus\u00edme dolo\u017ei\u0165 ku kolaud\u00e1ci\u00ed budovy, resp. pri predaji a pren\u00e1jme budovy?\u00a0To s\u00fa ot\u00e1zky, ktor\u00e9 si klad\u00fa nielen investori, ktor\u00ed musia da\u0165 vyhotovi\u0165 EC, ale aj my samotn\u00ed zhotovitelia Energetick\u00fdch Certifik\u00e1tov.<\/p>\n<p style=\"text-align: justify;\">Energetick\u00e1 certifik\u00e1cia budov &#8211; n\u00e1m budovu hodnot\u00ed z h\u013eadiska potrieb energie. \u010co istotne nie je a\u017e tak\u00e9 zl\u00e9, lebo n\u00e1m ukazuje predpoklad &#8211; ko\u013eko energie spotrebujeme na prev\u00e1dzku tej konkr\u00e9tnej budovy &#8211; z \u010doho sa d\u00e1 u\u017e ve\u013emi r\u00fdchlo zisti\u0165, ako to vych\u00e1dza aj po finan\u010dnej str\u00e1nke. V dne\u0161nej dobe ale mus\u00edme kon\u0161tatova\u0165, \u017ee v 99 % pr\u00edpadoch je to hodnotenie budovy u\u017e bez vplyvu na projekt a realiz\u00e1ciu energetickej hospod\u00e1rnosti novej alebo rekon\u0161truovanej (zateplovanej) budovy.<\/p>\n<p style=\"text-align: justify;\">Ka\u017ed\u00fd z n\u00e1s m\u00e1 z\u00e1ujem postavi\u0165 budovu ( napr. rodinn\u00fd dom v ktorom budem b\u00fdva\u0165 ) \u010do najlep\u0161ie, najkvalitnej\u0161ie, za primeran\u00e9 investi\u010dn\u00e9 n\u00e1klady a aby prev\u00e1dzka potom pri b\u00fdvan\u00ed bola \u010do najni\u017e\u0161ia.<\/p>\n<p style=\"text-align: justify;\">To znamen\u00e1, \u017ee je potrebn\u00e9 od sam\u00e9ho za\u010diatku u\u017e pri n\u00e1vrhu budovy t.j. pri spracov\u00e1van\u00ed projektovej dokument\u00e1cie spr\u00e1vne voli\u0165 orient\u00e1ciu k svetov\u00fdm stran\u00e1m, ve\u013ekosti okien a typ zasklen\u00ed, vo\u013eba a skladba obvodov\u00fdch stien a hr\u00fabka zateplenia, ko\u013eko tepelnej izol\u00e1cie do podlahy, ko\u013eko do stropu resp. do strechy. Tie\u017e je dole\u017eit\u00e9 navrhn\u00fa\u0165 spr\u00e1vny typ vykurovania a ohrev teplej vody.<\/p>\n<p style=\"text-align: justify;\">Tak\u00fdmto pr\u00edstupom bude zhotovenie projektu n\u00e1ro\u010dnej\u0161ie a o nie\u010do drah\u0161ie, ale vlo\u017een\u00e1 invest\u00edcia sa 100 % vr\u00e1ti behom kr\u00e1tkej doby a hlavne nebude si \u010dlovek vy\u010d\u00edta\u0165, \u017ee teraz u\u017e to nie je mo\u017en\u00e9 zmeni\u0165.<\/p>\n<p style=\"text-align: justify;\">Pri takomto postupe sa m\u00f4\u017ee sta\u0165 aj energetick\u00e1 certifik\u00e1cia \u201epr\u00edjemn\u00fdm\u201c hodnoten\u00edm a vizitkou \u2013 toho \u010do som vlastne postavil.\u00a0A na z\u00e1ver, ke\u010f to u\u017e mus\u00edm urobi\u0165 nech to stoj\u00ed za to. (navy\u0161e nevieme za \u010do budeme v bud\u00facnosti e\u0161te plati\u0165 dane)<\/p>\n<\/div><\/section>\n<div class=\"flex_column av_one_full  flex_column_div first  avia-builder-el-2  el_after_av_textblock  el_before_av_textblock  column-top-margin\" ><div   class='av_promobox  avia-button-no   avia-builder-el-3  avia-builder-el-no-sibling '>\t\t<div class='avia-promocontent'><\/p>\n<h3>A cena?<\/h3>\n<p style=\"text-align: justify;\">Za RD \u2013 bungalov zaplat\u00edme 100 000 \u00f7 130 000 \u20ac pri v\u00e4\u010d\u0161\u00edch aj 2\u00f73 kr\u00e1t to\u013eko. Pri dobrom n\u00e1vrhu rodinn\u00e9ho domu, so spracovan\u00fdm dobr\u00fdm tepelnotechnick\u00fdm posudkom v r\u00e1mci projektovej dokument\u00e1cie a <strong>hlavne d\u00f4kladnom dozorovan\u00ed a kontrole ako mi dom stavaj\u00fa<\/strong> cena za EC okolo 180 \u00f7 200 \u20ac \u010do je 0,14 % a menej z ceny domu by sa mohla da\u0165 zvl\u00e1dnu\u0165.<\/p>\n<p>\n<\/div><\/div><\/div>\n<section class=\"av_textblock_section \"  itemscope=\"itemscope\" itemtype=\"https:\/\/schema.org\/CreativeWork\" ><div class='avia_textblock  '   itemprop=\"text\" ><h3 style=\"text-align: left;\"><span style=\"font-size: 1.17em;\">Ktor\u00e9 legislat\u00edvne predpisy upravuj\u00fa oblas\u0165 energetickej certifik\u00e1cie budov?<\/span><\/h3>\n<p style=\"text-align: justify;\">Je to predov\u0161etk\u00fdm z\u00e1kon \u010d. 555\/2005 Z. z. o energetickej hospod\u00e1rnosti budov v znen\u00ed neskor\u0161\u00edch predpisov (najm\u00e4 z\u00e1kona \u010d. 300\/2012 Z. z.) a vyhl\u00e1\u0161ka MDVRR SR \u010d. 364\/2012 Z. z. Niektor\u00e9 ustanovenia upravil aj z\u00e1kon \u010d. 476\/2008 Z. z. o efekt\u00edvnosti pri pou\u017e\u00edvan\u00ed energie (o energetickej efekt\u00edvnosti) a \u010fal\u0161ie z\u00e1kony.<\/p>\n<p style=\"text-align: justify;\">V t\u00fdchto z\u00e1konoch je uveden\u00e9, \u010do kto mus\u00ed a ak\u00e9 postihy m\u00f4\u017ee o\u010dak\u00e1va\u0165 za nesplnenie si povinnosti. Vo vyhl\u00e1\u0161kach s\u00fa uveden\u00e9 postupy jako EC vykon\u00e1va\u0165.<\/p>\n<blockquote>\n<p style=\"text-align: justify;\">Od roku 2013 je povinnos\u0165ou vlastn\u00edka budovy ako s\u00fa\u010das\u0165 ponuky na predaj alebo pren\u00e1jom budovy uvies\u0165 v reklame v komer\u010dnom m\u00e9diu aj ukazovate\u013e jej integrovanej energetickej hospod\u00e1rnosti z energetick\u00e9ho certifik\u00e1tu. To plat\u00ed aj na samostatn\u00fa \u010das\u0165, na ktor\u00fa bol vypracovan\u00fd energetick\u00fd certifik\u00e1t.<\/p>\n<\/blockquote>\n<\/div><\/section>\n<div  style='height:30px' class='hr hr-invisible   avia-builder-el-5  el_after_av_textblock  el_before_av_gallery '><span class='hr-inner ' ><span class='hr-inner-style'><\/span><\/span><\/div>\n<div  class='avia-gallery  avia-gallery-1 avia_lazyload avia-gallery-animate avia_animate_when_visible  avia-builder-el-6  el_after_av_hr  el_before_av_hr '  itemprop=\"image\" itemscope=\"itemscope\" itemtype=\"https:\/\/schema.org\/ImageObject\" ><div class='avia-gallery-thumb'> <a href='https:\/\/regiontzb.sk\/wp-content\/uploads\/2013\/09\/ecb_kniha01.jpg' data-rel='gallery-1' data-prev-img='https:\/\/regiontzb.sk\/wp-content\/uploads\/2013\/09\/ecb_kniha01-320x400.jpg' class='first_thumb avianolink noLightbox ' data-onclick='1' title=''  itemprop=\"thumbnailUrl\"  ><img class=\"wp-image-813 avia-img-lazy-loading-not-813\"   src='https:\/\/regiontzb.sk\/wp-content\/uploads\/2013\/09\/ecb_kniha01.jpg' width='320' height='454'  title='' alt='' \/><\/a> <a href='https:\/\/regiontzb.sk\/wp-content\/uploads\/2013\/09\/ecb_kniha02.jpg' data-rel='gallery-1' data-prev-img='https:\/\/regiontzb.sk\/wp-content\/uploads\/2013\/09\/ecb_kniha02-320x400.jpg' class='avianolink noLightbox ' data-onclick='2' title=''  itemprop=\"thumbnailUrl\"  ><img class=\"wp-image-814 avia-img-lazy-loading-not-814\"   src='https:\/\/regiontzb.sk\/wp-content\/uploads\/2013\/09\/ecb_kniha02.jpg' width='320' height='452'  title='' alt='' \/><\/a> <a href='https:\/\/regiontzb.sk\/wp-content\/uploads\/2013\/09\/ecb_kniha03.jpg' data-rel='gallery-1' data-prev-img='https:\/\/regiontzb.sk\/wp-content\/uploads\/2013\/09\/ecb_kniha03.jpg' class='avianolink noLightbox ' data-onclick='3' title=''  itemprop=\"thumbnailUrl\"  ><img class=\"wp-image-815 avia-img-lazy-loading-not-815\"   src='https:\/\/regiontzb.sk\/wp-content\/uploads\/2013\/09\/ecb_kniha03.jpg' width='253' height='354'  title='' alt='' \/><\/a><\/div><\/div>\n<div  style='height:30px' class='hr hr-invisible   avia-builder-el-7  el_after_av_gallery  el_before_av_textblock '><span class='hr-inner ' ><span class='hr-inner-style'><\/span><\/span><\/div>\n<section class=\"av_textblock_section \"  itemscope=\"itemscope\" itemtype=\"https:\/\/schema.org\/CreativeWork\" ><div class='avia_textblock  '   itemprop=\"text\" ><h3 style=\"text-align: left;\"><span style=\"font-size: 1.17em; text-align: justify;\">Nov\u00e9 od roku 2013<\/span><\/h3>\n<p style=\"text-align: justify;\">V\u00fdznamnou obnovou budovy s\u00fa stavebn\u00e9 \u00fapravy existuj\u00facej budovy, ktor\u00fdmi sa vykon\u00e1va z\u00e1sah do jej obalovej kon\u0161trukcie v rozsahu viac ako 25 % jej plochy, najm\u00e4 zateplen\u00edm obvodov\u00e9ho pl\u00e1\u0161\u0165a, stre\u0161n\u00e9ho pl\u00e1\u0161\u0165a a v\u00fdmenou p\u00f4vodn\u00fdch otvorov\u00fdch v\u00fdpln\u00ed.<\/p>\n<\/div><\/section>\n<div class=\"flex_column av_one_full  flex_column_div first  avia-builder-el-9  el_after_av_textblock  el_before_av_textblock  column-top-margin\" ><div   class='av_promobox  avia-button-no   avia-builder-el-10  avia-builder-el-no-sibling '>\t\t<div class='avia-promocontent'><p>\nEnergetick\u00e1 certifik\u00e1cia budov vr\u00e1tane syst\u00e9mov techniky prostredia, ktor\u00e9 sa v t\u00fdchto budov\u00e1ch nach\u00e1dzaj\u00fa (vykurovanie, pr\u00edprava teplej vody, vetranie, chladenie, osvetlenie a ich kombin\u00e1ci\u00ed) sa t\u00fdka len vybran\u00fdch typov budov. Ide o tieto typy budov:<\/p>\n<p>a) rodinn\u00e9 domy,<\/p>\n<p>b) bytov\u00e9 domy,<\/p>\n<p>c) administrat\u00edvne budovy,<\/p>\n<p>d) budovy \u0161k\u00f4l a \u0161kolsk\u00fdch zariaden\u00ed,<\/p>\n<p>e) budovy nemocn\u00edc,<\/p>\n<p>f) budovy hotelov a re\u0161taur\u00e1ci\u00ed,<\/p>\n<p>g) \u0161portov\u00e9 haly a in\u00e9 budovy ur\u010den\u00e9 na \u0161port,<\/p>\n<p>h) budovy pre ve\u013ekoobchodn\u00e9 a maloobchodn\u00e9 slu\u017eby,<\/p>\n<p>i) ostatn\u00e9 nev\u00fdrobn\u00e9 budovy spotreb\u00favaj\u00face energiu.<\/p>\n<p>V pr\u00edpade rodinn\u00fdch domov a bytov\u00fdch domov, v\u00fdpo\u010det energetickej hospod\u00e1rnosti nezoh\u013ead\u0148uje vplyv osvetlenia a klimatiz\u00e1cie.<\/p>\n<\/div><\/div><\/div>\n<section class=\"av_textblock_section \"  itemscope=\"itemscope\" itemtype=\"https:\/\/schema.org\/CreativeWork\" ><div class='avia_textblock  '   itemprop=\"text\" ><h3>\u010co je v\u00fdsledkom energetickej certifik\u00e1cie budov?<\/h3>\n<p style=\"text-align: justify;\">V\u00fdsledkom energetickej certifik\u00e1cie je energetick\u00fd certifik\u00e1t budovy. Tieto doklady dokumentuj\u00fa kvalitat\u00edvne vlastnosti budovy \u2013 energetick\u00fa hospod\u00e1rnos\u0165 budovy, jej zaradenie do pr\u00edslu\u0161nej energetickej triedy. \u010ealej je to n\u00e1vrh opatren\u00ed na zlep\u0161enie energetickej hospod\u00e1rnos\u0165 budovy a syst\u00e9mov techniky prostredia.<\/p>\n<\/div><\/section>\n<div  class='avia-gallery  avia-gallery-2 avia_lazyload avia-gallery-animate avia_animate_when_visible  avia-builder-el-12  el_after_av_textblock  el_before_av_hr '  itemprop=\"image\" itemscope=\"itemscope\" itemtype=\"https:\/\/schema.org\/ImageObject\" ><div class='avia-gallery-thumb'> <a href='https:\/\/regiontzb.sk\/wp-content\/uploads\/2013\/09\/ecb_energeticky_stitok-623x1030.jpg' data-rel='gallery-2' data-prev-img='https:\/\/regiontzb.sk\/wp-content\/uploads\/2013\/09\/ecb_energeticky_stitok-495x400.jpg' class='first_thumb lightbox ' data-onclick='1' title='ecb_energeticky_stitok'  itemprop=\"thumbnailUrl\"  ><img class=\"wp-image-820 avia-img-lazy-loading-not-820\"   src='https:\/\/regiontzb.sk\/wp-content\/uploads\/2013\/09\/ecb_energeticky_stitok.jpg' width='651' height='1075'  title='ecb_energeticky_stitok' alt='' \/><\/a> <a href='https:\/\/regiontzb.sk\/wp-content\/uploads\/2013\/09\/ecb_energeticky_certifikat-728x1030.jpg' data-rel='gallery-2' data-prev-img='https:\/\/regiontzb.sk\/wp-content\/uploads\/2013\/09\/ecb_energeticky_certifikat-495x400.jpg' class='lightbox ' data-onclick='2' title='ecb_energeticky_certifikat'  itemprop=\"thumbnailUrl\"  ><img class=\"wp-image-819 avia-img-lazy-loading-not-819\"   src='https:\/\/regiontzb.sk\/wp-content\/uploads\/2013\/09\/ecb_energeticky_certifikat.jpg' width='2477' height='3500'  title='ecb_energeticky_certifikat' alt='' \/><\/a> <a href='https:\/\/regiontzb.sk\/wp-content\/uploads\/2013\/09\/ecb_graf_uspor-728x1030.jpg' data-rel='gallery-2' data-prev-img='https:\/\/regiontzb.sk\/wp-content\/uploads\/2013\/09\/ecb_graf_uspor-495x400.jpg' class='lightbox ' data-onclick='3' title='ecb_graf_uspor'  itemprop=\"thumbnailUrl\"  ><img class=\"wp-image-821 avia-img-lazy-loading-not-821\"   src='https:\/\/regiontzb.sk\/wp-content\/uploads\/2013\/09\/ecb_graf_uspor.jpg' width='2477' height='3500'  title='ecb_graf_uspor' alt='' \/><\/a> <a href='https:\/\/regiontzb.sk\/wp-content\/uploads\/2013\/09\/ecb_seminar_ehb.jpg' data-rel='gallery-2' data-prev-img='https:\/\/regiontzb.sk\/wp-content\/uploads\/2013\/09\/ecb_seminar_ehb-493x400.jpg' class='lightbox ' data-onclick='4' title=''  itemprop=\"thumbnailUrl\"  ><img class=\"wp-image-828 avia-img-lazy-loading-not-828\"   src='https:\/\/regiontzb.sk\/wp-content\/uploads\/2013\/09\/ecb_seminar_ehb.jpg' width='493' height='717'  title='' alt='' \/><\/a><\/div><\/div>\n<div  style='height:30px' class='hr hr-invisible   avia-builder-el-13  el_after_av_gallery  el_before_av_image '><span class='hr-inner ' ><span class='hr-inner-style'><\/span><\/span><\/div>\n<div  class='avia-image-container  av-styling-    avia-builder-el-14  el_after_av_hr  el_before_av_hr  avia-align-center '  itemprop=\"image\" itemscope=\"itemscope\" itemtype=\"https:\/\/schema.org\/ImageObject\"  ><div class='avia-image-container-inner'><div class='avia-image-overlay-wrap'><img class='wp-image-827 avia-img-lazy-loading-not-827 avia_image' src='http:\/\/regiontzb.sk\/wp-content\/uploads\/2013\/09\/ecb_pojmy.png' alt='' title=''   itemprop=\"thumbnailUrl\"  \/><\/div><\/div><\/div>\n<div  style='height:30px' class='hr hr-invisible   avia-builder-el-15  el_after_av_image  el_before_av_image '><span class='hr-inner ' ><span class='hr-inner-style'><\/span><\/span><\/div>\n<div  class='avia-image-container  av-styling-    avia-builder-el-16  el_after_av_hr  avia-builder-el-last  avia-align-center '  itemprop=\"image\" itemscope=\"itemscope\" itemtype=\"https:\/\/schema.org\/ImageObject\"  ><div class='avia-image-container-inner'><div class='avia-image-overlay-wrap'><img class='wp-image-826 avia-img-lazy-loading-not-826 avia_image' src='http:\/\/regiontzb.sk\/wp-content\/uploads\/2013\/09\/ecb_tabulka.png' alt='' title=''   itemprop=\"thumbnailUrl\"  \/><\/div><\/div><\/div>\n","protected":false},"excerpt":{"rendered":"","protected":false},"author":3,"featured_media":0,"parent":345,"menu_order":2,"comment_status":"open","ping_status":"open","template":"","meta":{"footnotes":""},"yoast_head":"<!-- This site is optimized with the Yoast SEO plugin v22.2 - https:\/\/yoast.com\/wordpress\/plugins\/seo\/ -->\n<title>Energetick\u00e1 certifik\u00e1cia budov - REGION TZB<\/title>\n<meta name=\"robots\" content=\"index, follow, max-snippet:-1, max-image-preview:large, max-video-preview:-1\" \/>\n<link rel=\"canonical\" href=\"https:\/\/regiontzb.sk\/?page_id=31\" \/>\n<meta property=\"og:locale\" content=\"sk_SK\" \/>\n<meta property=\"og:type\" content=\"article\" \/>\n<meta property=\"og:title\" content=\"Energetick\u00e1 certifik\u00e1cia budov - REGION TZB\" \/>\n<meta property=\"og:url\" content=\"https:\/\/regiontzb.sk\/?page_id=31\" \/>\n<meta property=\"og:site_name\" content=\"REGION TZB\" \/>\n<meta property=\"article:modified_time\" content=\"2013-12-07T17:45:02+00:00\" \/>\n<meta name=\"twitter:card\" content=\"summary_large_image\" \/>\n<meta name=\"twitter:label1\" content=\"Predpokladan\u00fd \u010das \u010d\u00edtania\" \/>\n\t<meta name=\"twitter:data1\" content=\"5 min\u00fat\" \/>\n<script type=\"application\/ld+json\" class=\"yoast-schema-graph\">{\"@context\":\"https:\/\/schema.org\",\"@graph\":[{\"@type\":\"WebPage\",\"@id\":\"https:\/\/regiontzb.sk\/?page_id=31\",\"url\":\"https:\/\/regiontzb.sk\/?page_id=31\",\"name\":\"Energetick\u00e1 certifik\u00e1cia budov - REGION TZB\",\"isPartOf\":{\"@id\":\"https:\/\/regiontzb.sk\/#website\"},\"datePublished\":\"2013-09-04T15:32:13+00:00\",\"dateModified\":\"2013-12-07T17:45:02+00:00\",\"breadcrumb\":{\"@id\":\"https:\/\/regiontzb.sk\/?page_id=31#breadcrumb\"},\"inLanguage\":\"sk-SK\",\"potentialAction\":[{\"@type\":\"ReadAction\",\"target\":[\"https:\/\/regiontzb.sk\/?page_id=31\"]}]},{\"@type\":\"BreadcrumbList\",\"@id\":\"https:\/\/regiontzb.sk\/?page_id=31#breadcrumb\",\"itemListElement\":[{\"@type\":\"ListItem\",\"position\":1,\"name\":\"Domovsk\u00e1 str\u00e1nka\",\"item\":\"https:\/\/regiontzb.sk\/\"},{\"@type\":\"ListItem\",\"position\":2,\"name\":\"Energie stavieb\",\"item\":\"https:\/\/regiontzb.sk\/?page_id=345\"},{\"@type\":\"ListItem\",\"position\":3,\"name\":\"Energetick\u00e1 certifik\u00e1cia budov\"}]},{\"@type\":\"WebSite\",\"@id\":\"https:\/\/regiontzb.sk\/#website\",\"url\":\"https:\/\/regiontzb.sk\/\",\"name\":\"REGION TZB\",\"description\":\"v\u0161etko pre va\u0161e spokojn\u00e9 b\u00fdvanie\",\"potentialAction\":[{\"@type\":\"SearchAction\",\"target\":{\"@type\":\"EntryPoint\",\"urlTemplate\":\"https:\/\/regiontzb.sk\/?s={search_term_string}\"},\"query-input\":\"required name=search_term_string\"}],\"inLanguage\":\"sk-SK\"}]}<\/script>\n<!-- \/ Yoast SEO plugin. -->","yoast_head_json":{"title":"Energetick\u00e1 certifik\u00e1cia budov - REGION TZB","robots":{"index":"index","follow":"follow","max-snippet":"max-snippet:-1","max-image-preview":"max-image-preview:large","max-video-preview":"max-video-preview:-1"},"canonical":"https:\/\/regiontzb.sk\/?page_id=31","og_locale":"sk_SK","og_type":"article","og_title":"Energetick\u00e1 certifik\u00e1cia budov - REGION TZB","og_url":"https:\/\/regiontzb.sk\/?page_id=31","og_site_name":"REGION TZB","article_modified_time":"2013-12-07T17:45:02+00:00","twitter_card":"summary_large_image","twitter_misc":{"Predpokladan\u00fd \u010das \u010d\u00edtania":"5 min\u00fat"},"schema":{"@context":"https:\/\/schema.org","@graph":[{"@type":"WebPage","@id":"https:\/\/regiontzb.sk\/?page_id=31","url":"https:\/\/regiontzb.sk\/?page_id=31","name":"Energetick\u00e1 certifik\u00e1cia budov - REGION TZB","isPartOf":{"@id":"https:\/\/regiontzb.sk\/#website"},"datePublished":"2013-09-04T15:32:13+00:00","dateModified":"2013-12-07T17:45:02+00:00","breadcrumb":{"@id":"https:\/\/regiontzb.sk\/?page_id=31#breadcrumb"},"inLanguage":"sk-SK","potentialAction":[{"@type":"ReadAction","target":["https:\/\/regiontzb.sk\/?page_id=31"]}]},{"@type":"BreadcrumbList","@id":"https:\/\/regiontzb.sk\/?page_id=31#breadcrumb","itemListElement":[{"@type":"ListItem","position":1,"name":"Domovsk\u00e1 str\u00e1nka","item":"https:\/\/regiontzb.sk\/"},{"@type":"ListItem","position":2,"name":"Energie stavieb","item":"https:\/\/regiontzb.sk\/?page_id=345"},{"@type":"ListItem","position":3,"name":"Energetick\u00e1 certifik\u00e1cia budov"}]},{"@type":"WebSite","@id":"https:\/\/regiontzb.sk\/#website","url":"https:\/\/regiontzb.sk\/","name":"REGION TZB","description":"v\u0161etko pre va\u0161e spokojn\u00e9 b\u00fdvanie","potentialAction":[{"@type":"SearchAction","target":{"@type":"EntryPoint","urlTemplate":"https:\/\/regiontzb.sk\/?s={search_term_string}"},"query-input":"required name=search_term_string"}],"inLanguage":"sk-SK"}]}},"_links":{"self":[{"href":"https:\/\/regiontzb.sk\/index.php?rest_route=\/wp\/v2\/pages\/31"}],"collection":[{"href":"https:\/\/regiontzb.sk\/index.php?rest_route=\/wp\/v2\/pages"}],"about":[{"href":"https:\/\/regiontzb.sk\/index.php?rest_route=\/wp\/v2\/types\/page"}],"author":[{"embeddable":true,"href":"https:\/\/regiontzb.sk\/index.php?rest_route=\/wp\/v2\/users\/3"}],"replies":[{"embeddable":true,"href":"https:\/\/regiontzb.sk\/index.php?rest_route=%2Fwp%2Fv2%2Fcomments&post=31"}],"version-history":[{"count":33,"href":"https:\/\/regiontzb.sk\/index.php?rest_route=\/wp\/v2\/pages\/31\/revisions"}],"predecessor-version":[{"id":831,"href":"https:\/\/regiontzb.sk\/index.php?rest_route=\/wp\/v2\/pages\/31\/revisions\/831"}],"up":[{"embeddable":true,"href":"https:\/\/regiontzb.sk\/index.php?rest_route=\/wp\/v2\/pages\/345"}],"wp:attachment":[{"href":"https:\/\/regiontzb.sk\/index.php?rest_route=%2Fwp%2Fv2%2Fmedia&parent=31"}],"curies":[{"name":"wp","href":"https:\/\/api.w.org\/{rel}","templated":true}]}}