{"id":333,"date":"2013-11-01T09:28:08","date_gmt":"2013-11-01T08:28:08","guid":{"rendered":"http:\/\/janrehak.gur.sk\/?page_id=333"},"modified":"2013-11-29T11:02:09","modified_gmt":"2013-11-29T10:02:09","slug":"profesionalna-montaz","status":"publish","type":"page","link":"https:\/\/regiontzb.sk\/?page_id=333","title":{"rendered":"Profesion\u00e1lna mont\u00e1\u017e"},"content":{"rendered":"<div   data-size='entry_with_sidebar'  data-lightbox_size='large'  data-animation='fade'  data-conditional_play=''  data-ids='652,653,654,578,651'  data-video_counter='0'  data-autoplay='true'  data-bg_slider='false'  data-slide_height=''  data-handle='av_slideshow'  data-interval='5'  data-class=' avia-builder-el-0  el_before_av_textblock  avia-builder-el-first  '  data-el_id=''  data-css_id=''  data-scroll_down=''  data-control_layout=''  data-custom_markup=''  data-perma_caption=''  data-autoplay_stopper=''  data-image_attachment=''  data-min_height='0px'  data-lazy_loading='disabled'  data-default-height='37.9881656805'  class='avia-slideshow avia-slideshow-1  av-default-height-applied avia-slideshow-entry_with_sidebar av_slideshow  avia-builder-el-0  el_before_av_textblock  avia-builder-el-first   avia-fade-slider '  itemprop=\"image\" itemscope=\"itemscope\" itemtype=\"https:\/\/schema.org\/ImageObject\" ><ul class='avia-slideshow-inner ' style='padding-bottom: 38.0281690141%;' ><li  class=' slide-1 ' ><div data-rel='slideshow-1' class='avia-slide-wrap '   ><img class=\"wp-image-652 avia-img-lazy-loading-not-652\"  src='https:\/\/regiontzb.sk\/wp-content\/uploads\/2013\/11\/vykurovanie_0012_1030x360-710x270.jpg' width='710' height='270' title='vykurovanie_0012_1030x360' alt=''  itemprop=\"thumbnailUrl\"   \/><\/div><\/li><li  class=' slide-2 ' ><div data-rel='slideshow-1' class='avia-slide-wrap '   ><img class=\"wp-image-653 avia-img-lazy-loading-not-653\"  src='https:\/\/regiontzb.sk\/wp-content\/uploads\/2013\/11\/vykurovanie_0013_1030x360-710x270.jpg' width='710' height='270' title='vykurovanie_0013_1030x360' alt=''  itemprop=\"thumbnailUrl\"   \/><\/div><\/li><li  class=' slide-3 ' ><div data-rel='slideshow-1' class='avia-slide-wrap '   ><img class=\"wp-image-654 avia-img-lazy-loading-not-654\"  src='https:\/\/regiontzb.sk\/wp-content\/uploads\/2013\/11\/vykurovanie_0014_1030x360-710x270.jpg' width='710' height='270' title='vykurovanie_0014_1030x360' alt=''  itemprop=\"thumbnailUrl\"   \/><\/div><\/li><li  class=' slide-4 ' ><div data-rel='slideshow-1' class='avia-slide-wrap '   ><img class=\"wp-image-578 avia-img-lazy-loading-not-578\"  src='https:\/\/regiontzb.sk\/wp-content\/uploads\/2013\/11\/plastove_okna_montaz_1178_1030x360-710x270.jpg' width='710' height='270' title='Profesion\u00e1lna mont\u00e1\u017e' alt=''  itemprop=\"thumbnailUrl\"   \/><\/div><\/li><li  class=' slide-5 ' ><div data-rel='slideshow-1' class='avia-slide-wrap '   ><img class=\"wp-image-651 avia-img-lazy-loading-not-651\"  src='https:\/\/regiontzb.sk\/wp-content\/uploads\/2013\/11\/vykurovanie_0011_1030x360-710x270.jpg' width='710' height='270' title='Profesion\u00e1lna mont\u00e1\u017e' alt=''  itemprop=\"thumbnailUrl\"   \/><\/div><\/li><\/ul><div class='avia-slideshow-arrows avia-slideshow-controls'><a href='#prev' class='prev-slide' aria-hidden='true' data-av_icon='\ue87c' data-av_iconfont='entypo-fontello'>Sp\u00e4\u0165<\/a><a href='#next' class='next-slide' aria-hidden='true' data-av_icon='\ue87d' data-av_iconfont='entypo-fontello'>\u010ealej<\/a><\/div><div class='avia-slideshow-dots avia-slideshow-controls'><a href='#1' class='goto-slide active' >1<\/a><a href='#2' class='goto-slide ' >2<\/a><a href='#3' class='goto-slide ' >3<\/a><a href='#4' class='goto-slide ' >4<\/a><a href='#5' class='goto-slide ' >5<\/a><\/div><\/div>\n<section class=\"av_textblock_section \"  itemscope=\"itemscope\" itemtype=\"https:\/\/schema.org\/CreativeWork\" ><div class='avia_textblock  '   itemprop=\"text\" ><p style=\"text-align: justify;\">Na\u0161a firma priamo zamestn\u00e1va odborn\u00edkov \u2013 in\u0161talat\u00e9rov s\u00a0dlhoro\u010dn\u00fdmi sk\u00fasenos\u0165ami v\u00a0obore technick\u00fdch zariaden\u00ed budov. Zabezpe\u010d\u00edme V\u00e1m \u00fapln\u00fd servis a\u00a0rie\u0161enie technick\u00fdch probl\u00e9mov.<\/p>\n<blockquote>\n<p style=\"text-align: justify;\">Na\u0161i zamestnanci nav\u0161tevuj\u00fa pravideln\u00e9 \u0161kolenia v\u00a0oblasti technick\u00fdch zariaden\u00ed budov. Vlastn\u00edme viacer\u00e9 certifik\u00e1ty a\u00a0opr\u00e1vnenia na realiz\u00e1cie vykurovac\u00edch syst\u00e9mov, rozvodov vody,\u00a0 kanaliz\u00e1cie\u00a0 a\u00a0plynoin\u0161tal\u00e1ci\u00ed.<\/p>\n<\/blockquote>\n<p style=\"text-align: justify;\">Disponujeme pln\u00fdm technick\u00fdm zabezpe\u010den\u00edm pre \u010do najr\u00fdchlej\u0161iu a\u00a0najspo\u013eahlivej\u0161iu dod\u00e1vku k\u00farenia, zdravotechniky (voda, kanaliz\u00e1cia) a\u00a0plynoin\u0161tal\u00e1ci\u00ed.<\/p>\n<p style=\"text-align: justify;\"><strong>Garantujeme V\u00e1m:<\/strong><\/p>\n<ul style=\"text-align: justify;\">\n<li>seri\u00f3zny pr\u00edstup \u00a0a\u00a0profesionalitu,<\/li>\n<li>mont\u00e1\u017e syst\u00e9mov z\u00e1sadne podlo\u017een\u00fdmi technick\u00fdmi v\u00fdpo\u010dtami a\u00a0dokument\u00e1ciou,<\/li>\n<li>dlhoro\u010dn\u00e9 sk\u00fasenosti v\u00a0obore,<\/li>\n<li>odborn\u00fa mont\u00e1\u017e v\u00a0s\u00falade s\u00a0STN,\u00a0technick\u00fdch pravidiel a\u00a0vyhl\u00e1\u0161ok,<\/li>\n<li>dod\u00e1vame z\u00e1sadne certifikovan\u00e9 v\u00fdrobky s\u00a0overenou kvalitou a\u00a0\u017eivotnos\u0165ou,<\/li>\n<li>z\u00e1ruku na materi\u00e1l a mont\u00e1\u017ene pr\u00e1ce,<\/li>\n<li>ak n\u00e1s kontaktujete, tak vieme rie\u0161i\u0165 V\u00e1\u0161 probl\u00e9m okam\u017eite.<\/li>\n<\/ul>\n<p style=\"text-align: justify;\">Sme na trhu od roku 1995, a\u00a0ohlasy na\u0161ich z\u00e1kazn\u00edkov n\u00e1s utvrdzuj\u00fa, \u017ee na\u0161u pr\u00e1cu odv\u00e1dzame s\u00a0plnou profesionalitou a\u00a0zodpovednos\u0165ou. Ak n\u00e1s kontaktujete bude ve\u013emi radi, a\u00a0m\u00f4\u017eete sa prida\u0165 k\u00a0dlhej rade na\u0161ich spokojn\u00fdch z\u00e1kazn\u00edkov.<\/p>\n<\/div><\/section>\n","protected":false},"excerpt":{"rendered":"","protected":false},"author":3,"featured_media":0,"parent":19,"menu_order":4,"comment_status":"open","ping_status":"open","template":"","meta":{"footnotes":""},"yoast_head":"<!-- This site is optimized with the Yoast SEO plugin v22.2 - https:\/\/yoast.com\/wordpress\/plugins\/seo\/ -->\n<title>Profesion\u00e1lna mont\u00e1\u017e - REGION TZB<\/title>\n<meta name=\"robots\" content=\"index, follow, max-snippet:-1, max-image-preview:large, max-video-preview:-1\" \/>\n<link rel=\"canonical\" href=\"https:\/\/regiontzb.sk\/?page_id=333\" \/>\n<meta property=\"og:locale\" content=\"sk_SK\" \/>\n<meta property=\"og:type\" content=\"article\" \/>\n<meta property=\"og:title\" content=\"Profesion\u00e1lna mont\u00e1\u017e - REGION TZB\" \/>\n<meta property=\"og:url\" content=\"https:\/\/regiontzb.sk\/?page_id=333\" \/>\n<meta property=\"og:site_name\" content=\"REGION TZB\" \/>\n<meta property=\"article:modified_time\" content=\"2013-11-29T10:02:09+00:00\" \/>\n<meta name=\"twitter:card\" content=\"summary_large_image\" \/>\n<meta name=\"twitter:label1\" content=\"Predpokladan\u00fd \u010das \u010d\u00edtania\" \/>\n\t<meta name=\"twitter:data1\" content=\"2 min\u00faty\" \/>\n<script type=\"application\/ld+json\" class=\"yoast-schema-graph\">{\"@context\":\"https:\/\/schema.org\",\"@graph\":[{\"@type\":\"WebPage\",\"@id\":\"https:\/\/regiontzb.sk\/?page_id=333\",\"url\":\"https:\/\/regiontzb.sk\/?page_id=333\",\"name\":\"Profesion\u00e1lna mont\u00e1\u017e - REGION TZB\",\"isPartOf\":{\"@id\":\"https:\/\/regiontzb.sk\/#website\"},\"datePublished\":\"2013-11-01T08:28:08+00:00\",\"dateModified\":\"2013-11-29T10:02:09+00:00\",\"breadcrumb\":{\"@id\":\"https:\/\/regiontzb.sk\/?page_id=333#breadcrumb\"},\"inLanguage\":\"sk-SK\",\"potentialAction\":[{\"@type\":\"ReadAction\",\"target\":[\"https:\/\/regiontzb.sk\/?page_id=333\"]}]},{\"@type\":\"BreadcrumbList\",\"@id\":\"https:\/\/regiontzb.sk\/?page_id=333#breadcrumb\",\"itemListElement\":[{\"@type\":\"ListItem\",\"position\":1,\"name\":\"Domovsk\u00e1 str\u00e1nka\",\"item\":\"https:\/\/regiontzb.sk\/\"},{\"@type\":\"ListItem\",\"position\":2,\"name\":\"Slu\u017eby TZB\",\"item\":\"https:\/\/regiontzb.sk\/?page_id=19\"},{\"@type\":\"ListItem\",\"position\":3,\"name\":\"Profesion\u00e1lna mont\u00e1\u017e\"}]},{\"@type\":\"WebSite\",\"@id\":\"https:\/\/regiontzb.sk\/#website\",\"url\":\"https:\/\/regiontzb.sk\/\",\"name\":\"REGION TZB\",\"description\":\"v\u0161etko pre va\u0161e spokojn\u00e9 b\u00fdvanie\",\"potentialAction\":[{\"@type\":\"SearchAction\",\"target\":{\"@type\":\"EntryPoint\",\"urlTemplate\":\"https:\/\/regiontzb.sk\/?s={search_term_string}\"},\"query-input\":\"required name=search_term_string\"}],\"inLanguage\":\"sk-SK\"}]}<\/script>\n<!-- \/ Yoast SEO plugin. -->","yoast_head_json":{"title":"Profesion\u00e1lna mont\u00e1\u017e - REGION TZB","robots":{"index":"index","follow":"follow","max-snippet":"max-snippet:-1","max-image-preview":"max-image-preview:large","max-video-preview":"max-video-preview:-1"},"canonical":"https:\/\/regiontzb.sk\/?page_id=333","og_locale":"sk_SK","og_type":"article","og_title":"Profesion\u00e1lna mont\u00e1\u017e - REGION TZB","og_url":"https:\/\/regiontzb.sk\/?page_id=333","og_site_name":"REGION TZB","article_modified_time":"2013-11-29T10:02:09+00:00","twitter_card":"summary_large_image","twitter_misc":{"Predpokladan\u00fd \u010das \u010d\u00edtania":"2 min\u00faty"},"schema":{"@context":"https:\/\/schema.org","@graph":[{"@type":"WebPage","@id":"https:\/\/regiontzb.sk\/?page_id=333","url":"https:\/\/regiontzb.sk\/?page_id=333","name":"Profesion\u00e1lna mont\u00e1\u017e - REGION TZB","isPartOf":{"@id":"https:\/\/regiontzb.sk\/#website"},"datePublished":"2013-11-01T08:28:08+00:00","dateModified":"2013-11-29T10:02:09+00:00","breadcrumb":{"@id":"https:\/\/regiontzb.sk\/?page_id=333#breadcrumb"},"inLanguage":"sk-SK","potentialAction":[{"@type":"ReadAction","target":["https:\/\/regiontzb.sk\/?page_id=333"]}]},{"@type":"BreadcrumbList","@id":"https:\/\/regiontzb.sk\/?page_id=333#breadcrumb","itemListElement":[{"@type":"ListItem","position":1,"name":"Domovsk\u00e1 str\u00e1nka","item":"https:\/\/regiontzb.sk\/"},{"@type":"ListItem","position":2,"name":"Slu\u017eby TZB","item":"https:\/\/regiontzb.sk\/?page_id=19"},{"@type":"ListItem","position":3,"name":"Profesion\u00e1lna mont\u00e1\u017e"}]},{"@type":"WebSite","@id":"https:\/\/regiontzb.sk\/#website","url":"https:\/\/regiontzb.sk\/","name":"REGION TZB","description":"v\u0161etko pre va\u0161e spokojn\u00e9 b\u00fdvanie","potentialAction":[{"@type":"SearchAction","target":{"@type":"EntryPoint","urlTemplate":"https:\/\/regiontzb.sk\/?s={search_term_string}"},"query-input":"required name=search_term_string"}],"inLanguage":"sk-SK"}]}},"_links":{"self":[{"href":"https:\/\/regiontzb.sk\/index.php?rest_route=\/wp\/v2\/pages\/333"}],"collection":[{"href":"https:\/\/regiontzb.sk\/index.php?rest_route=\/wp\/v2\/pages"}],"about":[{"href":"https:\/\/regiontzb.sk\/index.php?rest_route=\/wp\/v2\/types\/page"}],"author":[{"embeddable":true,"href":"https:\/\/regiontzb.sk\/index.php?rest_route=\/wp\/v2\/users\/3"}],"replies":[{"embeddable":true,"href":"https:\/\/regiontzb.sk\/index.php?rest_route=%2Fwp%2Fv2%2Fcomments&post=333"}],"version-history":[{"count":8,"href":"https:\/\/regiontzb.sk\/index.php?rest_route=\/wp\/v2\/pages\/333\/revisions"}],"predecessor-version":[{"id":659,"href":"https:\/\/regiontzb.sk\/index.php?rest_route=\/wp\/v2\/pages\/333\/revisions\/659"}],"up":[{"embeddable":true,"href":"https:\/\/regiontzb.sk\/index.php?rest_route=\/wp\/v2\/pages\/19"}],"wp:attachment":[{"href":"https:\/\/regiontzb.sk\/index.php?rest_route=%2Fwp%2Fv2%2Fmedia&parent=333"}],"curies":[{"name":"wp","href":"https:\/\/api.w.org\/{rel}","templated":true}]}}