{"id":335,"date":"2013-11-01T09:28:25","date_gmt":"2013-11-01T08:28:25","guid":{"rendered":"http:\/\/janrehak.gur.sk\/?page_id=335"},"modified":"2022-12-06T12:46:58","modified_gmt":"2022-12-06T11:46:58","slug":"servis-kotlov","status":"publish","type":"page","link":"https:\/\/regiontzb.sk\/?page_id=335","title":{"rendered":"10"},"content":{"rendered":"<div   data-size='entry_with_sidebar'  data-lightbox_size='large'  data-animation='fade'  data-conditional_play=''  data-ids='557'  data-video_counter='0'  data-autoplay='true'  data-bg_slider='false'  data-slide_height=''  data-handle='av_slideshow'  data-interval='5'  data-class=' avia-builder-el-0  el_before_av_textblock  avia-builder-el-first  '  data-el_id=''  data-css_id=''  data-scroll_down=''  data-control_layout=''  data-custom_markup=''  data-perma_caption=''  data-autoplay_stopper=''  data-image_attachment=''  data-min_height='0px'  data-lazy_loading='disabled'  data-default-height='37.9881656805'  class='avia-slideshow avia-slideshow-1  av-default-height-applied avia-slideshow-entry_with_sidebar av_slideshow  avia-builder-el-0  el_before_av_textblock  avia-builder-el-first   avia-fade-slider '  itemprop=\"image\" itemscope=\"itemscope\" itemtype=\"https:\/\/schema.org\/ImageObject\" ><ul class='avia-slideshow-inner ' style='padding-bottom: 38.0281690141%;' ><li  class=' av-single-slide slide-1 ' ><div data-rel='slideshow-1' class='avia-slide-wrap '   ><img class=\"wp-image-557 avia-img-lazy-loading-not-557\"  src='https:\/\/regiontzb.sk\/wp-content\/uploads\/2013\/09\/vykurovanie_0009_1030x360-710x270.png' width='710' height='270' title='Kontrola kotlov' alt=''  itemprop=\"thumbnailUrl\"   \/><\/div><\/li><\/ul><\/div>\n<section class=\"av_textblock_section \"  itemscope=\"itemscope\" itemtype=\"https:\/\/schema.org\/CreativeWork\" ><div class='avia_textblock  '   itemprop=\"text\" ><p style=\"text-align: justify;\">Pred za\u010diatkom vykurovacej sez\u00f3ny majte v\u017edy na pam\u00e4ti, \u017ee kotol treba spr\u00e1vne pripravi\u0165 na jeho \u010fal\u0161iu bezprobl\u00e9mov\u00fa prev\u00e1dzku. \u00a0Nezanedbajte jeho servis, preto\u017ee t\u00fdm riskujete v\u00fdpadok dod\u00e1vky tepla a\u00a0teplej vody.\u00a0\u201e<em>A\u00a0samozrejme ako z\u00e1kon schv\u00e1lnosti to bude na \u0161tedr\u00fd de\u0148, Silvester a\u00a0podobne.<\/em>\u201c Zohna\u0165 ochotn\u00e9ho servisn\u00e9ho technika cez sviatky bude ve\u013emi obtia\u017ene.<\/p>\n<p style=\"text-align: justify;\">Rie\u0161enie je pritom \u00faplne jednoduch\u00e9. Sta\u010d\u00ed, ak si zabezpe\u010d\u00edte pravideln\u00e9 servisn\u00e9 prehliadky a\u00a0\u00fadr\u017ebu.<\/p>\n<p style=\"text-align: justify;\">Aj ke\u010f v\u00e4\u010d\u0161ina odborn\u00edkov odpor\u00fa\u010da uskuto\u010dni\u0165 prehliadku kotla po skon\u010den\u00ed vykurovacieho obdobia, na kontrolu nie je nikdy neskoro, hoci aj tesne pred sez\u00f3nou.<\/p>\n<blockquote>\n<p>Z\u00e1kon NR SR \u010d. 17\/2007 Z. z. o pravidelnej kontrole kotlov, vykurovac\u00edch s\u00fastav a klimatiza\u010dn\u00fdch syst\u00e9mov a o zmene a doplnen\u00ed niektor\u00fdch z\u00e1konov ustanovuje od 1. janu\u00e1ra 2008 povinnos\u0165 vykon\u00e1va\u0165 pravideln\u00fa kontrolu kotlov, vykurovac\u00edch s\u00fastav a klimatiza\u010dn\u00fdch syst\u00e9mov v t\u00fdchto objektoch:<\/p>\n<ul>\n<li>rodinn\u00e9 domy,<\/li>\n<li>obytn\u00e9 domy,<\/li>\n<li>in\u00e9 budovy, najm\u00e4 \u0161kolsk\u00e9, administrat\u00edvne, zdravotn\u00edcke a kult\u00farne priestory.<\/li>\n<\/ul>\n<\/blockquote>\n<h3 style=\"text-align: justify;\">Pre\u010do nezabudn\u00fa\u0165 na servis kotla<\/h3>\n<p style=\"text-align: justify;\">Ak zabudnete na servisn\u00fa prehliadku, va\u0161a spotreba plynu sa m\u00f4\u017ee zv\u00fd\u0161i\u0165 a\u017e o 25%. Z technick\u00e9ho h\u013eadiska je zv\u00fd\u0161en\u00e1 spotreba sp\u00f4soben\u00e1 pri plynov\u00fdch kotloch predov\u0161etk\u00fdm usadeninami na tepelnom v\u00fdmenn\u00edku. Kotol sa za dobu pou\u017e\u00edvania zanesie a potom nepracuje tak, ako by mal. Vplyvom usaden\u00edn je zhor\u0161en\u00e1 tepeln\u00e1 v\u00fdmena medzi vykurovacou vodou a\u00a0kotlom.<\/p>\n<blockquote>\n<p style=\"text-align: justify;\">Pokia\u013e je kotol vy\u010disten\u00fd a spr\u00e1vne nastaven\u00fd, jeho spotreba paliva sa bude pohybova\u0165 na minim\u00e1lnych hodnot\u00e1ch ur\u010den\u00fdch pre dan\u00fd model. Kotol tak bude pracova\u0165 ekonomickej\u0161ie a jeho \u017eivotnos\u0165 pred\u013a\u017eite o nieko\u013eko \u010fal\u0161\u00edch rokov.<\/p>\n<\/blockquote>\n<p style=\"text-align: justify;\">Ak ste prehliadku nestihli na jar a spomeniete si na \u0148u a\u017e v novembri, je potrebn\u00e9 si uvedomi\u0165, \u017ee \u010dakacia doba na n\u00e1\u0161ho servisn\u00e9ho technika m\u00f4\u017ee by\u0165 dlh\u0161ia, a technik v\u00e1m kotol u\u017e nemus\u00ed stihn\u00fa\u0165 skontrolova\u0165. Nikdy preto nezab\u00fadajte na servis kotla, preto\u017ee v\u010faka pravidelnej prehliadke a pri spr\u00e1vnej \u00fadr\u017ebe m\u00f4\u017eete pred\u013a\u017ei\u0165 jeho \u017eivotnos\u0165. A ak spr\u00e1vne nastav\u00edte jeho v\u00fdkonnos\u0165, u\u0161etr\u00edte najm\u00e4 peniaze za energie.<\/p>\n<p style=\"text-align: justify;\"><a title=\"Kontakt\" href=\"http:\/\/janrehak.gur.sk\/?page_id=10\">Kontaktujte<\/a> n\u00e1s a\u00a0zabezpe\u010dte si term\u00edn servisnej prehliadky.<\/p>\n<\/div><\/section>\n","protected":false},"excerpt":{"rendered":"","protected":false},"author":3,"featured_media":0,"parent":19,"menu_order":5,"comment_status":"open","ping_status":"open","template":"","meta":{"footnotes":""},"yoast_head":"<!-- This site is optimized with the Yoast SEO plugin v22.2 - https:\/\/yoast.com\/wordpress\/plugins\/seo\/ -->\n<title>10 - REGION TZB<\/title>\n<meta name=\"robots\" content=\"index, follow, max-snippet:-1, max-image-preview:large, max-video-preview:-1\" \/>\n<link rel=\"canonical\" href=\"https:\/\/regiontzb.sk\/?page_id=335\" \/>\n<meta property=\"og:locale\" content=\"sk_SK\" \/>\n<meta property=\"og:type\" content=\"article\" \/>\n<meta property=\"og:title\" content=\"10 - REGION TZB\" \/>\n<meta property=\"og:url\" content=\"https:\/\/regiontzb.sk\/?page_id=335\" \/>\n<meta property=\"og:site_name\" content=\"REGION TZB\" \/>\n<meta property=\"article:modified_time\" content=\"2022-12-06T11:46:58+00:00\" \/>\n<meta name=\"twitter:card\" content=\"summary_large_image\" \/>\n<meta name=\"twitter:label1\" content=\"Predpokladan\u00fd \u010das \u010d\u00edtania\" \/>\n\t<meta name=\"twitter:data1\" content=\"2 min\u00faty\" \/>\n<script type=\"application\/ld+json\" class=\"yoast-schema-graph\">{\"@context\":\"https:\/\/schema.org\",\"@graph\":[{\"@type\":\"WebPage\",\"@id\":\"https:\/\/regiontzb.sk\/?page_id=335\",\"url\":\"https:\/\/regiontzb.sk\/?page_id=335\",\"name\":\"10 - REGION TZB\",\"isPartOf\":{\"@id\":\"https:\/\/regiontzb.sk\/#website\"},\"datePublished\":\"2013-11-01T08:28:25+00:00\",\"dateModified\":\"2022-12-06T11:46:58+00:00\",\"breadcrumb\":{\"@id\":\"https:\/\/regiontzb.sk\/?page_id=335#breadcrumb\"},\"inLanguage\":\"sk-SK\",\"potentialAction\":[{\"@type\":\"ReadAction\",\"target\":[\"https:\/\/regiontzb.sk\/?page_id=335\"]}]},{\"@type\":\"BreadcrumbList\",\"@id\":\"https:\/\/regiontzb.sk\/?page_id=335#breadcrumb\",\"itemListElement\":[{\"@type\":\"ListItem\",\"position\":1,\"name\":\"Domovsk\u00e1 str\u00e1nka\",\"item\":\"https:\/\/regiontzb.sk\/\"},{\"@type\":\"ListItem\",\"position\":2,\"name\":\"Slu\u017eby TZB\",\"item\":\"https:\/\/regiontzb.sk\/?page_id=19\"},{\"@type\":\"ListItem\",\"position\":3,\"name\":\"10\"}]},{\"@type\":\"WebSite\",\"@id\":\"https:\/\/regiontzb.sk\/#website\",\"url\":\"https:\/\/regiontzb.sk\/\",\"name\":\"REGION TZB\",\"description\":\"v\u0161etko pre va\u0161e spokojn\u00e9 b\u00fdvanie\",\"potentialAction\":[{\"@type\":\"SearchAction\",\"target\":{\"@type\":\"EntryPoint\",\"urlTemplate\":\"https:\/\/regiontzb.sk\/?s={search_term_string}\"},\"query-input\":\"required name=search_term_string\"}],\"inLanguage\":\"sk-SK\"}]}<\/script>\n<!-- \/ Yoast SEO plugin. -->","yoast_head_json":{"title":"10 - REGION TZB","robots":{"index":"index","follow":"follow","max-snippet":"max-snippet:-1","max-image-preview":"max-image-preview:large","max-video-preview":"max-video-preview:-1"},"canonical":"https:\/\/regiontzb.sk\/?page_id=335","og_locale":"sk_SK","og_type":"article","og_title":"10 - REGION TZB","og_url":"https:\/\/regiontzb.sk\/?page_id=335","og_site_name":"REGION TZB","article_modified_time":"2022-12-06T11:46:58+00:00","twitter_card":"summary_large_image","twitter_misc":{"Predpokladan\u00fd \u010das \u010d\u00edtania":"2 min\u00faty"},"schema":{"@context":"https:\/\/schema.org","@graph":[{"@type":"WebPage","@id":"https:\/\/regiontzb.sk\/?page_id=335","url":"https:\/\/regiontzb.sk\/?page_id=335","name":"10 - REGION TZB","isPartOf":{"@id":"https:\/\/regiontzb.sk\/#website"},"datePublished":"2013-11-01T08:28:25+00:00","dateModified":"2022-12-06T11:46:58+00:00","breadcrumb":{"@id":"https:\/\/regiontzb.sk\/?page_id=335#breadcrumb"},"inLanguage":"sk-SK","potentialAction":[{"@type":"ReadAction","target":["https:\/\/regiontzb.sk\/?page_id=335"]}]},{"@type":"BreadcrumbList","@id":"https:\/\/regiontzb.sk\/?page_id=335#breadcrumb","itemListElement":[{"@type":"ListItem","position":1,"name":"Domovsk\u00e1 str\u00e1nka","item":"https:\/\/regiontzb.sk\/"},{"@type":"ListItem","position":2,"name":"Slu\u017eby TZB","item":"https:\/\/regiontzb.sk\/?page_id=19"},{"@type":"ListItem","position":3,"name":"10"}]},{"@type":"WebSite","@id":"https:\/\/regiontzb.sk\/#website","url":"https:\/\/regiontzb.sk\/","name":"REGION TZB","description":"v\u0161etko pre va\u0161e spokojn\u00e9 b\u00fdvanie","potentialAction":[{"@type":"SearchAction","target":{"@type":"EntryPoint","urlTemplate":"https:\/\/regiontzb.sk\/?s={search_term_string}"},"query-input":"required name=search_term_string"}],"inLanguage":"sk-SK"}]}},"_links":{"self":[{"href":"https:\/\/regiontzb.sk\/index.php?rest_route=\/wp\/v2\/pages\/335"}],"collection":[{"href":"https:\/\/regiontzb.sk\/index.php?rest_route=\/wp\/v2\/pages"}],"about":[{"href":"https:\/\/regiontzb.sk\/index.php?rest_route=\/wp\/v2\/types\/page"}],"author":[{"embeddable":true,"href":"https:\/\/regiontzb.sk\/index.php?rest_route=\/wp\/v2\/users\/3"}],"replies":[{"embeddable":true,"href":"https:\/\/regiontzb.sk\/index.php?rest_route=%2Fwp%2Fv2%2Fcomments&post=335"}],"version-history":[{"count":7,"href":"https:\/\/regiontzb.sk\/index.php?rest_route=\/wp\/v2\/pages\/335\/revisions"}],"predecessor-version":[{"id":1328,"href":"https:\/\/regiontzb.sk\/index.php?rest_route=\/wp\/v2\/pages\/335\/revisions\/1328"}],"up":[{"embeddable":true,"href":"https:\/\/regiontzb.sk\/index.php?rest_route=\/wp\/v2\/pages\/19"}],"wp:attachment":[{"href":"https:\/\/regiontzb.sk\/index.php?rest_route=%2Fwp%2Fv2%2Fmedia&parent=335"}],"curies":[{"name":"wp","href":"https:\/\/api.w.org\/{rel}","templated":true}]}}