{"id":345,"date":"2013-11-01T09:56:15","date_gmt":"2013-11-01T08:56:15","guid":{"rendered":"http:\/\/janrehak.gur.sk\/?page_id=345"},"modified":"2013-12-08T11:26:53","modified_gmt":"2013-12-08T10:26:53","slug":"energie-stavieb","status":"publish","type":"page","link":"https:\/\/regiontzb.sk\/?page_id=345","title":{"rendered":"Energie stavieb"},"content":{"rendered":"<div   data-size='entry_without_sidebar'  data-lightbox_size='large'  data-animation='fade'  data-conditional_play=''  data-ids='870,869,116'  data-video_counter='0'  data-autoplay='true'  data-bg_slider='false'  data-slide_height=''  data-handle='av_slideshow'  data-interval='5'  data-class=' avia-builder-el-0  el_before_av_one_fourth  avia-builder-el-first  '  data-el_id=''  data-css_id=''  data-scroll_down=''  data-control_layout=''  data-custom_markup=''  data-perma_caption=''  data-autoplay_stopper=''  data-image_attachment=''  data-min_height='0px'  data-lazy_loading='disabled'  data-default-height='34.958677686'  class='avia-slideshow avia-slideshow-1  av-default-height-applied avia-slideshow-entry_without_sidebar av_slideshow  avia-builder-el-0  el_before_av_one_fourth  avia-builder-el-first   avia-fade-slider '  itemprop=\"image\" itemscope=\"itemscope\" itemtype=\"https:\/\/schema.org\/ImageObject\" ><ul class='avia-slideshow-inner ' style='padding-bottom: 34.9514563107%;' ><li  class=' slide-1 ' ><div data-rel='slideshow-1' class='avia-slide-wrap '   ><img class=\"wp-image-870 avia-img-lazy-loading-not-870\"  src='https:\/\/regiontzb.sk\/wp-content\/uploads\/2013\/11\/pm_termografia_02_1030x360.png' width='1030' height='360' title='Energetick\u00fd audit' alt=''  itemprop=\"thumbnailUrl\"   \/><\/div><\/li><li  class=' slide-2 ' ><div data-rel='slideshow-1' class='avia-slide-wrap '   ><img class=\"wp-image-869 avia-img-lazy-loading-not-869\"  src='https:\/\/regiontzb.sk\/wp-content\/uploads\/2013\/11\/pm_termografia_01_1030x360.png' width='1030' height='360' title='pm_termografia_01_1030x360' alt=''  itemprop=\"thumbnailUrl\"   \/><\/div><\/li><li  class=' slide-3 ' ><div data-rel='slideshow-1' class='avia-slide-wrap '   ><img class=\"wp-image-116 avia-img-lazy-loading-not-116\"  src='https:\/\/regiontzb.sk\/wp-content\/uploads\/2013\/09\/main_05.png' width='1030' height='360' title='' alt=''  itemprop=\"thumbnailUrl\"   \/><\/div><\/li><\/ul><div class='avia-slideshow-arrows avia-slideshow-controls'><a href='#prev' class='prev-slide' aria-hidden='true' data-av_icon='\ue87c' data-av_iconfont='entypo-fontello'>Sp\u00e4\u0165<\/a><a href='#next' class='next-slide' aria-hidden='true' data-av_icon='\ue87d' data-av_iconfont='entypo-fontello'>\u010ealej<\/a><\/div><div class='avia-slideshow-dots avia-slideshow-controls'><a href='#1' class='goto-slide active' >1<\/a><a href='#2' class='goto-slide ' >2<\/a><a href='#3' class='goto-slide ' >3<\/a><\/div><\/div>\n<div class=\"flex_column av_one_fourth  flex_column_div first  avia-builder-el-1  el_after_av_slideshow  el_before_av_one_fourth  \" ><p><div  class='avia-image-container  av-styling-    avia-builder-el-2  el_before_av_textblock  avia-builder-el-first  avia-align-center '  itemprop=\"image\" itemscope=\"itemscope\" itemtype=\"https:\/\/schema.org\/ImageObject\"  ><div class='avia-image-container-inner'><div class='avia-image-overlay-wrap'><a href='https:\/\/regiontzb.sk\/?page_id=33' class='avia_image'  ><img class='wp-image-116 avia-img-lazy-loading-not-116 avia_image' src='http:\/\/regiontzb.sk\/wp-content\/uploads\/2013\/09\/main_05-300x104.png' alt='' title=''  itemprop=\"thumbnailUrl\"  \/><\/a><\/div><\/div><\/div><br \/>\n<section class=\"av_textblock_section \"  itemscope=\"itemscope\" itemtype=\"https:\/\/schema.org\/CreativeWork\" ><div class='avia_textblock  '   itemprop=\"text\" ><p style=\"text-align: center;\">Termografia<\/p>\n<\/div><\/section><\/p><\/div>\n<div class=\"flex_column av_one_fourth  flex_column_div   avia-builder-el-4  el_after_av_one_fourth  el_before_av_one_fourth  \" ><p><div  class='avia-image-container  av-styling-    avia-builder-el-5  el_before_av_textblock  avia-builder-el-first  avia-align-center '  itemprop=\"image\" itemscope=\"itemscope\" itemtype=\"https:\/\/schema.org\/ImageObject\"  ><div class='avia-image-container-inner'><div class='avia-image-overlay-wrap'><a href='https:\/\/regiontzb.sk\/?page_id=31' class='avia_image'  ><img class='wp-image-113 avia-img-lazy-loading-not-113 avia_image' src='http:\/\/regiontzb.sk\/wp-content\/uploads\/2013\/09\/main_04-300x104.png' alt='' title='Energetick\u00e1 certifik\u00e1cia'  itemprop=\"thumbnailUrl\"  \/><\/a><\/div><\/div><\/div><br \/>\n<section class=\"av_textblock_section \"  itemscope=\"itemscope\" itemtype=\"https:\/\/schema.org\/CreativeWork\" ><div class='avia_textblock  '   itemprop=\"text\" ><p style=\"text-align: center;\">Energetick\u00e1 certifik\u00e1cia budov<\/p>\n<\/div><\/section><\/p><\/div>\n<div class=\"flex_column av_one_fourth  flex_column_div   avia-builder-el-7  el_after_av_one_fourth  el_before_av_one_fourth  \" ><p><div  class='avia-image-container  av-styling-    avia-builder-el-8  el_before_av_textblock  avia-builder-el-first  avia-align-center '  itemprop=\"image\" itemscope=\"itemscope\" itemtype=\"https:\/\/schema.org\/ImageObject\"  ><div class='avia-image-container-inner'><div class='avia-image-overlay-wrap'><a href='https:\/\/regiontzb.sk\/?page_id=348' class='avia_image'  ><img class='wp-image-870 avia-img-lazy-loading-not-870 avia_image' src='http:\/\/regiontzb.sk\/wp-content\/uploads\/2013\/11\/pm_termografia_02_1030x360-300x104.png' alt='' title='Energetick\u00fd audit'  itemprop=\"thumbnailUrl\"  \/><\/a><\/div><\/div><\/div><br \/>\n<section class=\"av_textblock_section \"  itemscope=\"itemscope\" itemtype=\"https:\/\/schema.org\/CreativeWork\" ><div class='avia_textblock  '   itemprop=\"text\" ><p style=\"text-align: center;\">Energetick\u00fd audit<\/p>\n<\/div><\/section><\/p><\/div>\n<div class=\"flex_column av_one_fourth  flex_column_div   avia-builder-el-10  el_after_av_one_fourth  avia-builder-el-last  \" ><p><div  class='avia-image-container  av-styling-    avia-builder-el-11  el_before_av_textblock  avia-builder-el-first  avia-align-center '  itemprop=\"image\" itemscope=\"itemscope\" itemtype=\"https:\/\/schema.org\/ImageObject\"  ><div class='avia-image-container-inner'><div class='avia-image-overlay-wrap'><a href='https:\/\/regiontzb.sk\/?page_id=766' class='avia_image'  ><img class='wp-image-557 avia-img-lazy-loading-not-557 avia_image' src='http:\/\/regiontzb.sk\/wp-content\/uploads\/2013\/09\/vykurovanie_0009_1030x360-300x104.png' alt='' title='Kontrola kotlov'  itemprop=\"thumbnailUrl\"  \/><\/a><\/div><\/div><\/div><br \/>\n<section class=\"av_textblock_section \"  itemscope=\"itemscope\" itemtype=\"https:\/\/schema.org\/CreativeWork\" ><div class='avia_textblock  '   itemprop=\"text\" ><p style=\"text-align: center;\">Kontrola kotlov<\/p>\n<\/div><\/section><\/p><\/div>\n","protected":false},"excerpt":{"rendered":"","protected":false},"author":3,"featured_media":0,"parent":0,"menu_order":0,"comment_status":"open","ping_status":"open","template":"","meta":{"footnotes":""},"yoast_head":"<!-- This site is optimized with the Yoast SEO plugin v22.2 - https:\/\/yoast.com\/wordpress\/plugins\/seo\/ -->\n<title>Energie stavieb - REGION TZB<\/title>\n<meta name=\"robots\" content=\"index, follow, max-snippet:-1, max-image-preview:large, max-video-preview:-1\" \/>\n<link rel=\"canonical\" href=\"https:\/\/regiontzb.sk\/?page_id=345\" \/>\n<meta property=\"og:locale\" content=\"sk_SK\" \/>\n<meta property=\"og:type\" content=\"article\" \/>\n<meta property=\"og:title\" content=\"Energie stavieb - REGION TZB\" \/>\n<meta property=\"og:url\" content=\"https:\/\/regiontzb.sk\/?page_id=345\" \/>\n<meta property=\"og:site_name\" content=\"REGION TZB\" \/>\n<meta property=\"article:modified_time\" content=\"2013-12-08T10:26:53+00:00\" \/>\n<meta name=\"twitter:card\" content=\"summary_large_image\" \/>\n<meta name=\"twitter:label1\" content=\"Predpokladan\u00fd \u010das \u010d\u00edtania\" \/>\n\t<meta name=\"twitter:data1\" content=\"1 min\u00fata\" \/>\n<script type=\"application\/ld+json\" class=\"yoast-schema-graph\">{\"@context\":\"https:\/\/schema.org\",\"@graph\":[{\"@type\":\"WebPage\",\"@id\":\"https:\/\/regiontzb.sk\/?page_id=345\",\"url\":\"https:\/\/regiontzb.sk\/?page_id=345\",\"name\":\"Energie stavieb - REGION TZB\",\"isPartOf\":{\"@id\":\"https:\/\/regiontzb.sk\/#website\"},\"datePublished\":\"2013-11-01T08:56:15+00:00\",\"dateModified\":\"2013-12-08T10:26:53+00:00\",\"breadcrumb\":{\"@id\":\"https:\/\/regiontzb.sk\/?page_id=345#breadcrumb\"},\"inLanguage\":\"sk-SK\",\"potentialAction\":[{\"@type\":\"ReadAction\",\"target\":[\"https:\/\/regiontzb.sk\/?page_id=345\"]}]},{\"@type\":\"BreadcrumbList\",\"@id\":\"https:\/\/regiontzb.sk\/?page_id=345#breadcrumb\",\"itemListElement\":[{\"@type\":\"ListItem\",\"position\":1,\"name\":\"Domovsk\u00e1 str\u00e1nka\",\"item\":\"https:\/\/regiontzb.sk\/\"},{\"@type\":\"ListItem\",\"position\":2,\"name\":\"Energie stavieb\"}]},{\"@type\":\"WebSite\",\"@id\":\"https:\/\/regiontzb.sk\/#website\",\"url\":\"https:\/\/regiontzb.sk\/\",\"name\":\"REGION TZB\",\"description\":\"v\u0161etko pre va\u0161e spokojn\u00e9 b\u00fdvanie\",\"potentialAction\":[{\"@type\":\"SearchAction\",\"target\":{\"@type\":\"EntryPoint\",\"urlTemplate\":\"https:\/\/regiontzb.sk\/?s={search_term_string}\"},\"query-input\":\"required name=search_term_string\"}],\"inLanguage\":\"sk-SK\"}]}<\/script>\n<!-- \/ Yoast SEO plugin. -->","yoast_head_json":{"title":"Energie stavieb - REGION TZB","robots":{"index":"index","follow":"follow","max-snippet":"max-snippet:-1","max-image-preview":"max-image-preview:large","max-video-preview":"max-video-preview:-1"},"canonical":"https:\/\/regiontzb.sk\/?page_id=345","og_locale":"sk_SK","og_type":"article","og_title":"Energie stavieb - REGION TZB","og_url":"https:\/\/regiontzb.sk\/?page_id=345","og_site_name":"REGION TZB","article_modified_time":"2013-12-08T10:26:53+00:00","twitter_card":"summary_large_image","twitter_misc":{"Predpokladan\u00fd \u010das \u010d\u00edtania":"1 min\u00fata"},"schema":{"@context":"https:\/\/schema.org","@graph":[{"@type":"WebPage","@id":"https:\/\/regiontzb.sk\/?page_id=345","url":"https:\/\/regiontzb.sk\/?page_id=345","name":"Energie stavieb - REGION TZB","isPartOf":{"@id":"https:\/\/regiontzb.sk\/#website"},"datePublished":"2013-11-01T08:56:15+00:00","dateModified":"2013-12-08T10:26:53+00:00","breadcrumb":{"@id":"https:\/\/regiontzb.sk\/?page_id=345#breadcrumb"},"inLanguage":"sk-SK","potentialAction":[{"@type":"ReadAction","target":["https:\/\/regiontzb.sk\/?page_id=345"]}]},{"@type":"BreadcrumbList","@id":"https:\/\/regiontzb.sk\/?page_id=345#breadcrumb","itemListElement":[{"@type":"ListItem","position":1,"name":"Domovsk\u00e1 str\u00e1nka","item":"https:\/\/regiontzb.sk\/"},{"@type":"ListItem","position":2,"name":"Energie stavieb"}]},{"@type":"WebSite","@id":"https:\/\/regiontzb.sk\/#website","url":"https:\/\/regiontzb.sk\/","name":"REGION TZB","description":"v\u0161etko pre va\u0161e spokojn\u00e9 b\u00fdvanie","potentialAction":[{"@type":"SearchAction","target":{"@type":"EntryPoint","urlTemplate":"https:\/\/regiontzb.sk\/?s={search_term_string}"},"query-input":"required name=search_term_string"}],"inLanguage":"sk-SK"}]}},"_links":{"self":[{"href":"https:\/\/regiontzb.sk\/index.php?rest_route=\/wp\/v2\/pages\/345"}],"collection":[{"href":"https:\/\/regiontzb.sk\/index.php?rest_route=\/wp\/v2\/pages"}],"about":[{"href":"https:\/\/regiontzb.sk\/index.php?rest_route=\/wp\/v2\/types\/page"}],"author":[{"embeddable":true,"href":"https:\/\/regiontzb.sk\/index.php?rest_route=\/wp\/v2\/users\/3"}],"replies":[{"embeddable":true,"href":"https:\/\/regiontzb.sk\/index.php?rest_route=%2Fwp%2Fv2%2Fcomments&post=345"}],"version-history":[{"count":5,"href":"https:\/\/regiontzb.sk\/index.php?rest_route=\/wp\/v2\/pages\/345\/revisions"}],"predecessor-version":[{"id":894,"href":"https:\/\/regiontzb.sk\/index.php?rest_route=\/wp\/v2\/pages\/345\/revisions\/894"}],"wp:attachment":[{"href":"https:\/\/regiontzb.sk\/index.php?rest_route=%2Fwp%2Fv2%2Fmedia&parent=345"}],"curies":[{"name":"wp","href":"https:\/\/api.w.org\/{rel}","templated":true}]}}