{"id":389,"date":"2013-11-03T10:09:39","date_gmt":"2013-11-03T09:09:39","guid":{"rendered":"http:\/\/janrehak.gur.sk\/?page_id=389"},"modified":"2013-12-08T10:41:13","modified_gmt":"2013-12-08T09:41:13","slug":"priemyselna-termografia","status":"publish","type":"page","link":"https:\/\/regiontzb.sk\/?page_id=389","title":{"rendered":"Priemyseln\u00e1 termografia"},"content":{"rendered":"<div   data-size='entry_with_sidebar'  data-lightbox_size='large'  data-animation='fade'  data-conditional_play=''  data-ids='870,869,407'  data-video_counter='0'  data-autoplay='true'  data-bg_slider='false'  data-slide_height=''  data-handle='av_slideshow'  data-interval='5'  data-class=' avia-builder-el-0  el_before_av_textblock  avia-builder-el-first  '  data-el_id=''  data-css_id=''  data-scroll_down=''  data-control_layout=''  data-custom_markup=''  data-perma_caption=''  data-autoplay_stopper=''  data-image_attachment=''  data-min_height='0px'  data-lazy_loading='disabled'  data-default-height='37.9881656805'  class='avia-slideshow avia-slideshow-1  av-default-height-applied avia-slideshow-entry_with_sidebar av_slideshow  avia-builder-el-0  el_before_av_textblock  avia-builder-el-first   avia-fade-slider '  itemprop=\"image\" itemscope=\"itemscope\" itemtype=\"https:\/\/schema.org\/ImageObject\" ><ul class='avia-slideshow-inner ' style='padding-bottom: 38.0281690141%;' ><li  class=' slide-1 ' ><div data-rel='slideshow-1' class='avia-slide-wrap '   ><img class=\"wp-image-870 avia-img-lazy-loading-not-870\"  src='https:\/\/regiontzb.sk\/wp-content\/uploads\/2013\/11\/pm_termografia_02_1030x360-710x270.png' width='710' height='270' title='Energetick\u00fd audit' alt=''  itemprop=\"thumbnailUrl\"   \/><\/div><\/li><li  class=' slide-2 ' ><div data-rel='slideshow-1' class='avia-slide-wrap '   ><img class=\"wp-image-869 avia-img-lazy-loading-not-869\"  src='https:\/\/regiontzb.sk\/wp-content\/uploads\/2013\/11\/pm_termografia_01_1030x360-710x270.png' width='710' height='270' title='pm_termografia_01_1030x360' alt=''  itemprop=\"thumbnailUrl\"   \/><\/div><\/li><li  class=' slide-3 ' ><div data-rel='slideshow-1' class='avia-slide-wrap '   ><img class=\"wp-image-407 avia-img-lazy-loading-not-407\"  src='https:\/\/regiontzb.sk\/wp-content\/uploads\/2013\/11\/pt_07-710x270.png' width='710' height='270' title='pt_07' alt=''  itemprop=\"thumbnailUrl\"   \/><\/div><\/li><\/ul><div class='avia-slideshow-arrows avia-slideshow-controls'><a href='#prev' class='prev-slide' aria-hidden='true' data-av_icon='\ue87c' data-av_iconfont='entypo-fontello'>Sp\u00e4\u0165<\/a><a href='#next' class='next-slide' aria-hidden='true' data-av_icon='\ue87d' data-av_iconfont='entypo-fontello'>\u010ealej<\/a><\/div><div class='avia-slideshow-dots avia-slideshow-controls'><a href='#1' class='goto-slide active' >1<\/a><a href='#2' class='goto-slide ' >2<\/a><a href='#3' class='goto-slide ' >3<\/a><\/div><\/div>\n<section class=\"av_textblock_section \"  itemscope=\"itemscope\" itemtype=\"https:\/\/schema.org\/CreativeWork\" ><div class='avia_textblock  '   itemprop=\"text\" ><p>Termografia sa osved\u010dila ako n\u00e1stroj prevent\u00edvnej \u00fadr\u017eby k sledovaniu ako mechanick\u00fdch atak aj elektrick\u00fdch zariaden\u00ed alebo v\u00fdrobn\u00fdch procesov. Termokamery nach\u00e1dzaj\u00fa svoje vyu\u017eitie tie\u017e v oblasti v\u00fdskumu a pri kontrole mikroelektronick\u00fdch s\u00fa\u010dast\u00ed.<\/p>\n<\/div><\/section>\n<div class=\"flex_column av_one_third  flex_column_div first  avia-builder-el-2  el_after_av_textblock  el_before_av_two_third  column-top-margin\" ><p><div  style='height:15px' class='hr hr-invisible   avia-builder-el-3  el_before_av_image  avia-builder-el-first '><span class='hr-inner ' ><span class='hr-inner-style'><\/span><\/span><\/div><br \/>\n<div  class='avia-image-container  av-styling-    avia-builder-el-4  el_after_av_hr  avia-builder-el-last  avia-align-center '  itemprop=\"image\" itemscope=\"itemscope\" itemtype=\"https:\/\/schema.org\/ImageObject\"  ><div class='avia-image-container-inner'><div class='avia-image-overlay-wrap'><img class='wp-image-396 avia-img-lazy-loading-not-396 avia_image' src='http:\/\/janrehak.gur.sk\/wp-content\/uploads\/2013\/11\/pt_01-300x268.png' alt='' title='pt_01'   itemprop=\"thumbnailUrl\"  \/><\/div><\/div><\/div><\/p><\/div>\n<div class=\"flex_column av_two_third  flex_column_div   avia-builder-el-5  el_after_av_one_third  el_before_av_one_third  column-top-margin\" ><section class=\"av_textblock_section \"  itemscope=\"itemscope\" itemtype=\"https:\/\/schema.org\/CreativeWork\" ><div class='avia_textblock  '   itemprop=\"text\" ><p><strong>Pravideln\u00e1 kontrola elektroin\u0161tal\u00e1ci\u00ed.<\/strong><\/p>\n<p style=\"text-align: justify;\">Termosn\u00edmky uk\u00e1\u017eu pr\u00edtomnos\u0165 vadn\u00fdch komponentov alebo pripojen\u00ed, a t\u00fdm je mo\u017en\u00e9 vykona\u0165 potrebn\u00e9 prevent\u00edvne opatrenie.<\/p>\n<\/div><\/section><\/div>\n<div class=\"flex_column av_one_third  flex_column_div first  avia-builder-el-7  el_after_av_two_third  el_before_av_two_third  column-top-margin\" ><p><div  style='height:15px' class='hr hr-invisible   avia-builder-el-8  el_before_av_image  avia-builder-el-first '><span class='hr-inner ' ><span class='hr-inner-style'><\/span><\/span><\/div><br \/>\n<div  class='avia-image-container  av-styling-    avia-builder-el-9  el_after_av_hr  avia-builder-el-last  avia-align-center '  itemprop=\"image\" itemscope=\"itemscope\" itemtype=\"https:\/\/schema.org\/ImageObject\"  ><div class='avia-image-container-inner'><div class='avia-image-overlay-wrap'><img class='wp-image-397 avia-img-lazy-loading-not-397 avia_image' src='http:\/\/janrehak.gur.sk\/wp-content\/uploads\/2013\/11\/pt_02-300x268.png' alt='' title='pt_02'   itemprop=\"thumbnailUrl\"  \/><\/div><\/div><\/div><\/p><\/div>\n<div class=\"flex_column av_two_third  flex_column_div   avia-builder-el-10  el_after_av_one_third  el_before_av_one_third  column-top-margin\" ><section class=\"av_textblock_section \"  itemscope=\"itemscope\" itemtype=\"https:\/\/schema.org\/CreativeWork\" ><div class='avia_textblock  '   itemprop=\"text\" ><p><strong>Podpora pri prevent\u00edvnej mechanickej \u00fadr\u017ebe.<\/strong><\/p>\n<p style=\"text-align: justify;\">Aby bolo mo\u017en\u00e9 zaru\u010di\u0165 spo\u013eahlivos\u0165 strojov, je nutn\u00e9 bezpe\u010dne a v\u010das rozpozna\u0165 mo\u017en\u00e9 z\u00e1vady u jednotliv\u00fdch komponentov zariadenia d\u00f4le\u017eit\u00fdch pre v\u00fdrobu. Predov\u0161etk\u00fdm u mechanick\u00fdch s\u00fa\u010dast\u00ed m\u00f4\u017ee zahrievanie ukazova\u0165 na ve\u013emi ve\u013ek\u00e9 za\u0165a\u017eenie. To vznik\u00e1 napr. tren\u00edm, alebo nedostatkom maziva.<\/p>\n<p style=\"text-align: justify;\">Termokamera testo so svoj\u00edm vysok\u00fdm teplotn\u00fdm rozl\u00ed\u0161en\u00edm umo\u017e\u0148uje presn\u00fa diagn\u00f3zu.<\/p>\n<\/div><\/section><\/div>\n<div class=\"flex_column av_one_third  flex_column_div first  avia-builder-el-12  el_after_av_two_third  el_before_av_two_third  column-top-margin\" ><p><div  style='height:15px' class='hr hr-invisible   avia-builder-el-13  el_before_av_image  avia-builder-el-first '><span class='hr-inner ' ><span class='hr-inner-style'><\/span><\/span><\/div><br \/>\n<div  class='avia-image-container  av-styling-    avia-builder-el-14  el_after_av_hr  avia-builder-el-last  avia-align-center '  itemprop=\"image\" itemscope=\"itemscope\" itemtype=\"https:\/\/schema.org\/ImageObject\"  ><div class='avia-image-container-inner'><div class='avia-image-overlay-wrap'><img class='wp-image-398 avia-img-lazy-loading-not-398 avia_image' src='http:\/\/janrehak.gur.sk\/wp-content\/uploads\/2013\/11\/pt_03-300x268.png' alt='' title='pt_03'   itemprop=\"thumbnailUrl\"  \/><\/div><\/div><\/div><\/p><\/div>\n<div class=\"flex_column av_two_third  flex_column_div   avia-builder-el-15  el_after_av_one_third  el_before_av_one_third  column-top-margin\" ><section class=\"av_textblock_section \"  itemscope=\"itemscope\" itemtype=\"https:\/\/schema.org\/CreativeWork\" ><div class='avia_textblock  '   itemprop=\"text\" ><p><strong>Zabezpe\u010denie v\u00fdroby energie<\/strong><\/p>\n<p style=\"text-align: justify;\">\u00a0Tepeln\u00e1 energia je d\u00f4le\u017eit\u00fd produkt, ktor\u00fd mus\u00ed by\u0165 st\u00e1le v dostato\u010dnom mno\u017estve k dispoz\u00edci\u00ed. Preto se elektr\u00e1rne a distribu\u010dn\u00e9 podniky staraj\u00fa o to, aby sa od v\u00fdroby energie a\u017e po jej distrib\u00faciu zabr\u00e1nilo tepeln\u00fdm strat\u00e1m. Termokamerou je mo\u017en\u00e9 u\u017e pri prevent\u00edvnej \u00fadr\u017ebe v\u010das rozpozna\u0165 po\u010diato\u010dn\u00e9 z\u00e1vady.<\/p>\n<\/div><\/section><\/div>\n<div class=\"flex_column av_one_third  flex_column_div first  avia-builder-el-17  el_after_av_two_third  el_before_av_two_third  column-top-margin\" ><p><div  style='height:15px' class='hr hr-invisible   avia-builder-el-18  el_before_av_image  avia-builder-el-first '><span class='hr-inner ' ><span class='hr-inner-style'><\/span><\/span><\/div><br \/>\n<div  class='avia-image-container  av-styling-    avia-builder-el-19  el_after_av_hr  avia-builder-el-last  avia-align-center '  itemprop=\"image\" itemscope=\"itemscope\" itemtype=\"https:\/\/schema.org\/ImageObject\"  ><div class='avia-image-container-inner'><div class='avia-image-overlay-wrap'><img class='wp-image-399 avia-img-lazy-loading-not-399 avia_image' src='http:\/\/janrehak.gur.sk\/wp-content\/uploads\/2013\/11\/pt_04-300x268.png' alt='' title='pt_04'   itemprop=\"thumbnailUrl\"  \/><\/div><\/div><\/div><\/p><\/div>\n<div class=\"flex_column av_two_third  flex_column_div   avia-builder-el-20  el_after_av_one_third  el_before_av_one_third  column-top-margin\" ><section class=\"av_textblock_section \"  itemscope=\"itemscope\" itemtype=\"https:\/\/schema.org\/CreativeWork\" ><div class='avia_textblock  '   itemprop=\"text\" ><p><strong>Pozorovanie a kontrola sol\u00e1rnych zariaden\u00ed<\/strong><\/p>\n<p style=\"text-align: justify;\">Dva hlavn\u00e9 d\u00f4vody: <strong>bezpe\u010dnos\u0165 a kontrola v\u00fdkonu<\/strong>. Sol\u00e1rne zariadenia prin\u00e1\u0161aj\u00fa maxim\u00e1lny v\u00fdkon pri plnom slne\u010dnom svite. S termokamerami testo je mo\u017en\u00e9 mal\u00e9 a ve\u013ek\u00e9 fotovoltick\u00e9 zariadenia rozsiahlo, bezdotykovo a efek\u00edvne pozorova\u0165. Rozpoznaj\u00fa sa chybn\u00e9 funkcie, zabezpe\u010d\u00ed sa bezprobl\u00e9mov\u00e9 fungovanie v\u0161etk\u00fdch s\u00fa\u010dast\u00ed a t\u00fdm sa dosiahne maxim\u00e1lnej hospod\u00e1rnosti.<\/p>\n<\/div><\/section><\/div>\n<div class=\"flex_column av_one_third  flex_column_div first  avia-builder-el-22  el_after_av_two_third  el_before_av_two_third  column-top-margin\" ><p><div  style='height:15px' class='hr hr-invisible   avia-builder-el-23  el_before_av_image  avia-builder-el-first '><span class='hr-inner ' ><span class='hr-inner-style'><\/span><\/span><\/div><br \/>\n<div  class='avia-image-container  av-styling-    avia-builder-el-24  el_after_av_hr  avia-builder-el-last  avia-align-center '  itemprop=\"image\" itemscope=\"itemscope\" itemtype=\"https:\/\/schema.org\/ImageObject\"  ><div class='avia-image-container-inner'><div class='avia-image-overlay-wrap'><img class='wp-image-401 avia-img-lazy-loading-not-401 avia_image' src='http:\/\/janrehak.gur.sk\/wp-content\/uploads\/2013\/11\/pt_06-298x300.png' alt='' title='pt_06'   itemprop=\"thumbnailUrl\"  \/><\/div><\/div><\/div><\/p><\/div>\n<div class=\"flex_column av_two_third  flex_column_div   avia-builder-el-25  el_after_av_one_third  el_before_av_heading  column-top-margin\" ><section class=\"av_textblock_section \"  itemscope=\"itemscope\" itemtype=\"https:\/\/schema.org\/CreativeWork\" ><div class='avia_textblock  '   itemprop=\"text\" ><p><strong>\u013dahk\u00e1 tvorba termografick\u00fdch spr\u00e1v<\/strong><\/p>\n<p style=\"text-align: justify;\">V\u00fdsledkom merania je termografick\u00e1 spr\u00e1va, ktor\u00e1 obsahuje infra\u010derven\u00e9 a re\u00e1lne obr\u00e1zky a najm\u00e4 ich popis.<\/p>\n<\/div><\/section><\/div>\n<div  style='padding-bottom:30px; ' class='av-special-heading av-special-heading-h3    avia-builder-el-27  el_after_av_two_third  el_before_av_image  '><h3 class='av-special-heading-tag '  itemprop=\"headline\"  >Meranie vykon\u00e1vame termokamerou Testo 880-3 Profesional<\/h3><div class='special-heading-border'><div class='special-heading-inner-border' ><\/div><\/div><\/div>\n<div  class='avia-image-container  av-styling-    avia-builder-el-28  el_after_av_heading  avia-builder-el-last  avia-align-center '  itemprop=\"image\" itemscope=\"itemscope\" itemtype=\"https:\/\/schema.org\/ImageObject\"  ><div class='avia-image-container-inner'><div class='avia-image-overlay-wrap'><img class='wp-image-408 avia-img-lazy-loading-not-408 avia_image' src='http:\/\/janrehak.gur.sk\/wp-content\/uploads\/2013\/11\/pt_08.png' alt='' title='pt_08'   itemprop=\"thumbnailUrl\"  \/><\/div><\/div><\/div>\n","protected":false},"excerpt":{"rendered":"","protected":false},"author":3,"featured_media":0,"parent":33,"menu_order":1,"comment_status":"open","ping_status":"open","template":"","meta":{"footnotes":""},"yoast_head":"<!-- This site is optimized with the Yoast SEO plugin v22.2 - https:\/\/yoast.com\/wordpress\/plugins\/seo\/ -->\n<title>Priemyseln\u00e1 termografia - REGION TZB<\/title>\n<meta name=\"robots\" content=\"index, follow, max-snippet:-1, max-image-preview:large, max-video-preview:-1\" \/>\n<link rel=\"canonical\" href=\"https:\/\/regiontzb.sk\/?page_id=389\" \/>\n<meta property=\"og:locale\" content=\"sk_SK\" \/>\n<meta property=\"og:type\" content=\"article\" \/>\n<meta property=\"og:title\" content=\"Priemyseln\u00e1 termografia - REGION TZB\" \/>\n<meta property=\"og:url\" content=\"https:\/\/regiontzb.sk\/?page_id=389\" \/>\n<meta property=\"og:site_name\" content=\"REGION TZB\" \/>\n<meta property=\"article:modified_time\" content=\"2013-12-08T09:41:13+00:00\" \/>\n<meta name=\"twitter:card\" content=\"summary_large_image\" \/>\n<meta name=\"twitter:label1\" content=\"Predpokladan\u00fd \u010das \u010d\u00edtania\" \/>\n\t<meta name=\"twitter:data1\" content=\"3 min\u00faty\" \/>\n<script type=\"application\/ld+json\" class=\"yoast-schema-graph\">{\"@context\":\"https:\/\/schema.org\",\"@graph\":[{\"@type\":\"WebPage\",\"@id\":\"https:\/\/regiontzb.sk\/?page_id=389\",\"url\":\"https:\/\/regiontzb.sk\/?page_id=389\",\"name\":\"Priemyseln\u00e1 termografia - REGION TZB\",\"isPartOf\":{\"@id\":\"https:\/\/regiontzb.sk\/#website\"},\"datePublished\":\"2013-11-03T09:09:39+00:00\",\"dateModified\":\"2013-12-08T09:41:13+00:00\",\"breadcrumb\":{\"@id\":\"https:\/\/regiontzb.sk\/?page_id=389#breadcrumb\"},\"inLanguage\":\"sk-SK\",\"potentialAction\":[{\"@type\":\"ReadAction\",\"target\":[\"https:\/\/regiontzb.sk\/?page_id=389\"]}]},{\"@type\":\"BreadcrumbList\",\"@id\":\"https:\/\/regiontzb.sk\/?page_id=389#breadcrumb\",\"itemListElement\":[{\"@type\":\"ListItem\",\"position\":1,\"name\":\"Domovsk\u00e1 str\u00e1nka\",\"item\":\"https:\/\/regiontzb.sk\/\"},{\"@type\":\"ListItem\",\"position\":2,\"name\":\"Energie stavieb\",\"item\":\"https:\/\/regiontzb.sk\/?page_id=345\"},{\"@type\":\"ListItem\",\"position\":3,\"name\":\"Termografia\",\"item\":\"https:\/\/regiontzb.sk\/?page_id=33\"},{\"@type\":\"ListItem\",\"position\":4,\"name\":\"Priemyseln\u00e1 termografia\"}]},{\"@type\":\"WebSite\",\"@id\":\"https:\/\/regiontzb.sk\/#website\",\"url\":\"https:\/\/regiontzb.sk\/\",\"name\":\"REGION TZB\",\"description\":\"v\u0161etko pre va\u0161e spokojn\u00e9 b\u00fdvanie\",\"potentialAction\":[{\"@type\":\"SearchAction\",\"target\":{\"@type\":\"EntryPoint\",\"urlTemplate\":\"https:\/\/regiontzb.sk\/?s={search_term_string}\"},\"query-input\":\"required name=search_term_string\"}],\"inLanguage\":\"sk-SK\"}]}<\/script>\n<!-- \/ Yoast SEO plugin. -->","yoast_head_json":{"title":"Priemyseln\u00e1 termografia - REGION TZB","robots":{"index":"index","follow":"follow","max-snippet":"max-snippet:-1","max-image-preview":"max-image-preview:large","max-video-preview":"max-video-preview:-1"},"canonical":"https:\/\/regiontzb.sk\/?page_id=389","og_locale":"sk_SK","og_type":"article","og_title":"Priemyseln\u00e1 termografia - REGION TZB","og_url":"https:\/\/regiontzb.sk\/?page_id=389","og_site_name":"REGION TZB","article_modified_time":"2013-12-08T09:41:13+00:00","twitter_card":"summary_large_image","twitter_misc":{"Predpokladan\u00fd \u010das \u010d\u00edtania":"3 min\u00faty"},"schema":{"@context":"https:\/\/schema.org","@graph":[{"@type":"WebPage","@id":"https:\/\/regiontzb.sk\/?page_id=389","url":"https:\/\/regiontzb.sk\/?page_id=389","name":"Priemyseln\u00e1 termografia - REGION TZB","isPartOf":{"@id":"https:\/\/regiontzb.sk\/#website"},"datePublished":"2013-11-03T09:09:39+00:00","dateModified":"2013-12-08T09:41:13+00:00","breadcrumb":{"@id":"https:\/\/regiontzb.sk\/?page_id=389#breadcrumb"},"inLanguage":"sk-SK","potentialAction":[{"@type":"ReadAction","target":["https:\/\/regiontzb.sk\/?page_id=389"]}]},{"@type":"BreadcrumbList","@id":"https:\/\/regiontzb.sk\/?page_id=389#breadcrumb","itemListElement":[{"@type":"ListItem","position":1,"name":"Domovsk\u00e1 str\u00e1nka","item":"https:\/\/regiontzb.sk\/"},{"@type":"ListItem","position":2,"name":"Energie stavieb","item":"https:\/\/regiontzb.sk\/?page_id=345"},{"@type":"ListItem","position":3,"name":"Termografia","item":"https:\/\/regiontzb.sk\/?page_id=33"},{"@type":"ListItem","position":4,"name":"Priemyseln\u00e1 termografia"}]},{"@type":"WebSite","@id":"https:\/\/regiontzb.sk\/#website","url":"https:\/\/regiontzb.sk\/","name":"REGION TZB","description":"v\u0161etko pre va\u0161e spokojn\u00e9 b\u00fdvanie","potentialAction":[{"@type":"SearchAction","target":{"@type":"EntryPoint","urlTemplate":"https:\/\/regiontzb.sk\/?s={search_term_string}"},"query-input":"required name=search_term_string"}],"inLanguage":"sk-SK"}]}},"_links":{"self":[{"href":"https:\/\/regiontzb.sk\/index.php?rest_route=\/wp\/v2\/pages\/389"}],"collection":[{"href":"https:\/\/regiontzb.sk\/index.php?rest_route=\/wp\/v2\/pages"}],"about":[{"href":"https:\/\/regiontzb.sk\/index.php?rest_route=\/wp\/v2\/types\/page"}],"author":[{"embeddable":true,"href":"https:\/\/regiontzb.sk\/index.php?rest_route=\/wp\/v2\/users\/3"}],"replies":[{"embeddable":true,"href":"https:\/\/regiontzb.sk\/index.php?rest_route=%2Fwp%2Fv2%2Fcomments&post=389"}],"version-history":[{"count":22,"href":"https:\/\/regiontzb.sk\/index.php?rest_route=\/wp\/v2\/pages\/389\/revisions"}],"predecessor-version":[{"id":873,"href":"https:\/\/regiontzb.sk\/index.php?rest_route=\/wp\/v2\/pages\/389\/revisions\/873"}],"up":[{"embeddable":true,"href":"https:\/\/regiontzb.sk\/index.php?rest_route=\/wp\/v2\/pages\/33"}],"wp:attachment":[{"href":"https:\/\/regiontzb.sk\/index.php?rest_route=%2Fwp%2Fv2%2Fmedia&parent=389"}],"curies":[{"name":"wp","href":"https:\/\/api.w.org\/{rel}","templated":true}]}}