{"id":469,"date":"2013-11-06T07:38:27","date_gmt":"2013-11-06T06:38:27","guid":{"rendered":"http:\/\/janrehak.gur.sk\/?page_id=469"},"modified":"2013-12-07T19:26:37","modified_gmt":"2013-12-07T18:26:37","slug":"plastove-okna-a-dvere","status":"publish","type":"page","link":"https:\/\/regiontzb.sk\/?page_id=469","title":{"rendered":"Plastov\u00e9 okn\u00e1 a dvere"},"content":{"rendered":"<div   data-size='entry_without_sidebar'  data-lightbox_size='large'  data-animation='fade'  data-conditional_play=''  data-ids='487,485,598,486,591'  data-video_counter='0'  data-autoplay='true'  data-bg_slider='false'  data-slide_height=''  data-handle='av_slideshow'  data-interval='5'  data-class=' avia-builder-el-0  el_before_av_one_third  avia-builder-el-first  '  data-el_id=''  data-css_id=''  data-scroll_down=''  data-control_layout=''  data-custom_markup=''  data-perma_caption=''  data-autoplay_stopper=''  data-image_attachment=''  data-min_height='0px'  data-lazy_loading='disabled'  data-default-height='34.958677686'  class='avia-slideshow avia-slideshow-1  av-default-height-applied avia-slideshow-entry_without_sidebar av_slideshow  avia-builder-el-0  el_before_av_one_third  avia-builder-el-first   avia-fade-slider '  itemprop=\"image\" itemscope=\"itemscope\" itemtype=\"https:\/\/schema.org\/ImageObject\" ><ul class='avia-slideshow-inner ' style='padding-bottom: 34.9514563107%;' ><li  class=' slide-1 ' ><div data-rel='slideshow-1' class='avia-slide-wrap '   ><div class=\"avia-caption av-slideshow-caption\"><div class=\"avia-inner-caption\"><h2  class='avia-caption-title  '  itemprop=\"name\" >HORIZONT PS\u00ae penta plus<\/h2><div class='avia-caption-content  '  itemprop=\"description\"  ><p>Dokonal\u00e1 tepeln\u00e1 izol\u00e1cia a modern\u00fd dizajn<\/p>\n<\/div><\/div><\/div><img class=\"wp-image-487 avia-img-lazy-loading-not-487\"  src='https:\/\/regiontzb.sk\/wp-content\/uploads\/2013\/11\/plastove_okna_1088_1030x390.png' width='1030' height='360' title='Plastov\u00e9 okn\u00e1 a dvere' alt=''  itemprop=\"thumbnailUrl\"   \/><\/div><\/li><li  class=' slide-2 ' ><div data-rel='slideshow-1' class='avia-slide-wrap '   ><img class=\"wp-image-485 avia-img-lazy-loading-not-485\"  src='https:\/\/regiontzb.sk\/wp-content\/uploads\/2013\/11\/vyroba_plastovych_okien_0881_1030x360.png' width='1030' height='360' title='vyroba_plastovych_okien_0881_1030x360' alt=''  itemprop=\"thumbnailUrl\"   \/><\/div><\/li><li  class=' slide-3 ' ><div data-rel='slideshow-1' class='avia-slide-wrap '   ><img class=\"wp-image-598 avia-img-lazy-loading-not-598\"  src='https:\/\/regiontzb.sk\/wp-content\/uploads\/2013\/11\/plastove_dvere_002_1030x360.png' width='1030' height='360' title='plastove_dvere_002_1030x360' alt=''  itemprop=\"thumbnailUrl\"   \/><\/div><\/li><li  class=' slide-4 ' ><div data-rel='slideshow-1' class='avia-slide-wrap '   ><img class=\"wp-image-486 avia-img-lazy-loading-not-486\"  src='https:\/\/regiontzb.sk\/wp-content\/uploads\/2013\/11\/vyroba_plastovych_okien_0979_1030x360.png' width='1030' height='360' title='V\u00fdroba plastov\u00fdch okien a dver\u00ed' alt=''  itemprop=\"thumbnailUrl\"   \/><\/div><\/li><li  class=' slide-5 ' ><div data-rel='slideshow-1' class='avia-slide-wrap '   ><div class=\"avia-caption av-slideshow-caption\"><div class=\"avia-inner-caption\"><h2  class='avia-caption-title  '  itemprop=\"name\" >R\u00edmske okno<\/h2><div class='avia-caption-content  '  itemprop=\"description\"  ><p>Carnuntum cca. 300.n.l.<\/p>\n<\/div><\/div><\/div><img class=\"wp-image-591 avia-img-lazy-loading-not-591\"  src='https:\/\/regiontzb.sk\/wp-content\/uploads\/2013\/09\/rim_okno_8849_1030x360.jpg' width='1030' height='360' title='rim_okno_8849_1030x360' alt=''  itemprop=\"thumbnailUrl\"   \/><\/div><\/li><\/ul><div class='avia-slideshow-arrows avia-slideshow-controls'><a href='#prev' class='prev-slide' aria-hidden='true' data-av_icon='\ue87c' data-av_iconfont='entypo-fontello'>Sp\u00e4\u0165<\/a><a href='#next' class='next-slide' aria-hidden='true' data-av_icon='\ue87d' data-av_iconfont='entypo-fontello'>\u010ealej<\/a><\/div><div class='avia-slideshow-dots avia-slideshow-controls'><a href='#1' class='goto-slide active' >1<\/a><a href='#2' class='goto-slide ' >2<\/a><a href='#3' class='goto-slide ' >3<\/a><a href='#4' class='goto-slide ' >4<\/a><a href='#5' class='goto-slide ' >5<\/a><\/div><\/div>\n<div class=\"flex_column av_one_third  flex_column_div first  avia-builder-el-1  el_after_av_slideshow  el_before_av_one_third  \" ><p><div  class='avia-image-container  av-styling-    avia-builder-el-2  el_before_av_textblock  avia-builder-el-first  avia-align-center '  itemprop=\"image\" itemscope=\"itemscope\" itemtype=\"https:\/\/schema.org\/ImageObject\"  ><div class='avia-image-container-inner'><div class='avia-image-overlay-wrap'><a href='https:\/\/regiontzb.sk\/?page_id=169' class='avia_image'  ><img class='wp-image-0 avia-img-lazy-loading-not-0 avia_image' src='http:\/\/regiontzb.sk\/wp-content\/uploads\/2013\/11\/plastove_okna_1088_1030x390-300x104.png' alt='' title=''  itemprop=\"thumbnailUrl\"  \/><\/a><\/div><\/div><\/div><br \/>\n<section class=\"av_textblock_section \"  itemscope=\"itemscope\" itemtype=\"https:\/\/schema.org\/CreativeWork\" ><div class='avia_textblock  '   itemprop=\"text\" ><p style=\"text-align: center;\">Plastov\u00e9 okn\u00e1<\/p>\n<\/div><\/section><\/p><\/div><div class=\"flex_column av_one_third  flex_column_div   avia-builder-el-4  el_after_av_one_third  el_before_av_one_third  \" ><p><div  class='avia-image-container  av-styling-    avia-builder-el-5  el_before_av_textblock  avia-builder-el-first  avia-align-center '  itemprop=\"image\" itemscope=\"itemscope\" itemtype=\"https:\/\/schema.org\/ImageObject\"  ><div class='avia-image-container-inner'><div class='avia-image-overlay-wrap'><a href='https:\/\/regiontzb.sk\/?page_id=257' class='avia_image'  ><img class='wp-image-597 avia-img-lazy-loading-not-597 avia_image' src='http:\/\/regiontzb.sk\/wp-content\/uploads\/2013\/11\/plastove_dvere_001_1030x360-300x104.png' alt='' title='Plastov\u00e9 dvere'  itemprop=\"thumbnailUrl\"  \/><\/a><\/div><\/div><\/div><br \/>\n<section class=\"av_textblock_section \"  itemscope=\"itemscope\" itemtype=\"https:\/\/schema.org\/CreativeWork\" ><div class='avia_textblock  '   itemprop=\"text\" ><p style=\"text-align: center;\">Plastov\u00e9 dvere<\/p>\n<\/div><\/section><\/p><\/div><\/p>\n<div class=\"flex_column av_one_third  flex_column_div   avia-builder-el-7  el_after_av_one_third  el_before_av_one_third  \" ><p><div  class='avia-image-container  av-styling-    avia-builder-el-8  el_before_av_textblock  avia-builder-el-first  avia-align-center '  itemprop=\"image\" itemscope=\"itemscope\" itemtype=\"https:\/\/schema.org\/ImageObject\"  ><div class='avia-image-container-inner'><div class='avia-image-overlay-wrap'><a href='https:\/\/regiontzb.sk\/?page_id=21' class='avia_image'  ><img class='wp-image-486 avia-img-lazy-loading-not-486 avia_image' src='http:\/\/regiontzb.sk\/wp-content\/uploads\/2013\/11\/vyroba_plastovych_okien_0979_1030x360-300x104.png' alt='' title='V\u00fdroba plastov\u00fdch okien a dver\u00ed'  itemprop=\"thumbnailUrl\"  \/><\/a><\/div><\/div><\/div><br \/>\n<section class=\"av_textblock_section \"  itemscope=\"itemscope\" itemtype=\"https:\/\/schema.org\/CreativeWork\" ><div class='avia_textblock  '   itemprop=\"text\" ><p style=\"text-align: center;\">V\u00fdroba plastov\u00fdch okien a dver\u00ed<\/p>\n<\/div><\/section><\/p><\/div>\n<div class=\"flex_column av_one_third  flex_column_div first  avia-builder-el-10  el_after_av_one_third  el_before_av_one_third  column-top-margin\" ><p><div  class='avia-image-container  av-styling-    avia-builder-el-11  el_before_av_textblock  avia-builder-el-first  avia-align-center '  itemprop=\"image\" itemscope=\"itemscope\" itemtype=\"https:\/\/schema.org\/ImageObject\"  ><div class='avia-image-container-inner'><div class='avia-image-overlay-wrap'><a href='https:\/\/regiontzb.sk\/?page_id=315' class='avia_image'  ><img class='wp-image-578 avia-img-lazy-loading-not-578 avia_image' src='http:\/\/regiontzb.sk\/wp-content\/uploads\/2013\/11\/plastove_okna_montaz_1178_1030x360-300x104.jpg' alt='' title='Profesion\u00e1lna mont\u00e1\u017e'  itemprop=\"thumbnailUrl\"  \/><\/a><\/div><\/div><\/div><br \/>\n<section class=\"av_textblock_section \"  itemscope=\"itemscope\" itemtype=\"https:\/\/schema.org\/CreativeWork\" ><div class='avia_textblock  '   itemprop=\"text\" ><p style=\"text-align: center;\">Profesion\u00e1lna mont\u00e1\u017e<\/p>\n<\/div><\/section><\/p><\/div>\n<div class=\"flex_column av_one_third  flex_column_div   avia-builder-el-13  el_after_av_one_third  el_before_av_one_third  column-top-margin\" ><p><div  class='avia-image-container  av-styling-    avia-builder-el-14  el_before_av_textblock  avia-builder-el-first  avia-align-center '  itemprop=\"image\" itemscope=\"itemscope\" itemtype=\"https:\/\/schema.org\/ImageObject\"  ><div class='avia-image-container-inner'><div class='avia-image-overlay-wrap'><a href='https:\/\/regiontzb.sk\/?page_id=321' class='avia_image'  ><img class='wp-image-0 avia-img-lazy-loading-not-0 avia_image' src='http:\/\/regiontzb.sk\/wp-content\/uploads\/2013\/09\/main_02-300x104.png' alt='' title=''  itemprop=\"thumbnailUrl\"  \/><\/a><\/div><\/div><\/div><br \/>\n<section class=\"av_textblock_section \"  itemscope=\"itemscope\" itemtype=\"https:\/\/schema.org\/CreativeWork\" ><div class='avia_textblock  '   itemprop=\"text\" ><p style=\"text-align: center;\">Z\u00e1ruka a servis<\/p>\n<\/div><\/section><\/p><\/div>\n<div class=\"flex_column av_one_third  flex_column_div   avia-builder-el-16  el_after_av_one_third  avia-builder-el-last  column-top-margin\" ><p><div  class='avia-image-container  av-styling-    avia-builder-el-17  el_before_av_textblock  avia-builder-el-first  avia-align-center '  itemprop=\"image\" itemscope=\"itemscope\" itemtype=\"https:\/\/schema.org\/ImageObject\"  ><div class='avia-image-container-inner'><div class='avia-image-overlay-wrap'><a href='https:\/\/regiontzb.sk\/?page_id=319' class='avia_image'  ><img class='wp-image-582 avia-img-lazy-loading-not-582 avia_image' src='http:\/\/regiontzb.sk\/wp-content\/uploads\/2013\/11\/plastove_okna_doplnky_1191_1030x360-300x104.jpg' alt='' title='Doplnky'  itemprop=\"thumbnailUrl\"  \/><\/a><\/div><\/div><\/div><br \/>\n<section class=\"av_textblock_section \"  itemscope=\"itemscope\" itemtype=\"https:\/\/schema.org\/CreativeWork\" ><div class='avia_textblock  '   itemprop=\"text\" ><p style=\"text-align: center;\">Doplnky<\/p>\n<\/div><\/section><\/p><\/div>\n","protected":false},"excerpt":{"rendered":"","protected":false},"author":3,"featured_media":0,"parent":0,"menu_order":0,"comment_status":"open","ping_status":"open","template":"","meta":{"footnotes":""},"yoast_head":"<!-- This site is optimized with the Yoast SEO plugin v22.2 - https:\/\/yoast.com\/wordpress\/plugins\/seo\/ -->\n<title>Plastov\u00e9 okn\u00e1 a dvere - REGION TZB<\/title>\n<meta name=\"robots\" content=\"index, follow, max-snippet:-1, max-image-preview:large, max-video-preview:-1\" \/>\n<link rel=\"canonical\" href=\"https:\/\/regiontzb.sk\/?page_id=469\" \/>\n<meta property=\"og:locale\" content=\"sk_SK\" \/>\n<meta property=\"og:type\" content=\"article\" \/>\n<meta property=\"og:title\" content=\"Plastov\u00e9 okn\u00e1 a dvere - REGION TZB\" \/>\n<meta property=\"og:url\" content=\"https:\/\/regiontzb.sk\/?page_id=469\" \/>\n<meta property=\"og:site_name\" content=\"REGION TZB\" \/>\n<meta property=\"article:modified_time\" content=\"2013-12-07T18:26:37+00:00\" \/>\n<meta name=\"twitter:card\" content=\"summary_large_image\" \/>\n<meta name=\"twitter:label1\" content=\"Predpokladan\u00fd \u010das \u010d\u00edtania\" \/>\n\t<meta name=\"twitter:data1\" content=\"2 min\u00faty\" \/>\n<script type=\"application\/ld+json\" class=\"yoast-schema-graph\">{\"@context\":\"https:\/\/schema.org\",\"@graph\":[{\"@type\":\"WebPage\",\"@id\":\"https:\/\/regiontzb.sk\/?page_id=469\",\"url\":\"https:\/\/regiontzb.sk\/?page_id=469\",\"name\":\"Plastov\u00e9 okn\u00e1 a dvere - REGION TZB\",\"isPartOf\":{\"@id\":\"https:\/\/regiontzb.sk\/#website\"},\"datePublished\":\"2013-11-06T06:38:27+00:00\",\"dateModified\":\"2013-12-07T18:26:37+00:00\",\"breadcrumb\":{\"@id\":\"https:\/\/regiontzb.sk\/?page_id=469#breadcrumb\"},\"inLanguage\":\"sk-SK\",\"potentialAction\":[{\"@type\":\"ReadAction\",\"target\":[\"https:\/\/regiontzb.sk\/?page_id=469\"]}]},{\"@type\":\"BreadcrumbList\",\"@id\":\"https:\/\/regiontzb.sk\/?page_id=469#breadcrumb\",\"itemListElement\":[{\"@type\":\"ListItem\",\"position\":1,\"name\":\"Domovsk\u00e1 str\u00e1nka\",\"item\":\"https:\/\/regiontzb.sk\/\"},{\"@type\":\"ListItem\",\"position\":2,\"name\":\"Plastov\u00e9 okn\u00e1 a dvere\"}]},{\"@type\":\"WebSite\",\"@id\":\"https:\/\/regiontzb.sk\/#website\",\"url\":\"https:\/\/regiontzb.sk\/\",\"name\":\"REGION TZB\",\"description\":\"v\u0161etko pre va\u0161e spokojn\u00e9 b\u00fdvanie\",\"potentialAction\":[{\"@type\":\"SearchAction\",\"target\":{\"@type\":\"EntryPoint\",\"urlTemplate\":\"https:\/\/regiontzb.sk\/?s={search_term_string}\"},\"query-input\":\"required name=search_term_string\"}],\"inLanguage\":\"sk-SK\"}]}<\/script>\n<!-- \/ Yoast SEO plugin. -->","yoast_head_json":{"title":"Plastov\u00e9 okn\u00e1 a dvere - REGION TZB","robots":{"index":"index","follow":"follow","max-snippet":"max-snippet:-1","max-image-preview":"max-image-preview:large","max-video-preview":"max-video-preview:-1"},"canonical":"https:\/\/regiontzb.sk\/?page_id=469","og_locale":"sk_SK","og_type":"article","og_title":"Plastov\u00e9 okn\u00e1 a dvere - REGION TZB","og_url":"https:\/\/regiontzb.sk\/?page_id=469","og_site_name":"REGION TZB","article_modified_time":"2013-12-07T18:26:37+00:00","twitter_card":"summary_large_image","twitter_misc":{"Predpokladan\u00fd \u010das \u010d\u00edtania":"2 min\u00faty"},"schema":{"@context":"https:\/\/schema.org","@graph":[{"@type":"WebPage","@id":"https:\/\/regiontzb.sk\/?page_id=469","url":"https:\/\/regiontzb.sk\/?page_id=469","name":"Plastov\u00e9 okn\u00e1 a dvere - REGION TZB","isPartOf":{"@id":"https:\/\/regiontzb.sk\/#website"},"datePublished":"2013-11-06T06:38:27+00:00","dateModified":"2013-12-07T18:26:37+00:00","breadcrumb":{"@id":"https:\/\/regiontzb.sk\/?page_id=469#breadcrumb"},"inLanguage":"sk-SK","potentialAction":[{"@type":"ReadAction","target":["https:\/\/regiontzb.sk\/?page_id=469"]}]},{"@type":"BreadcrumbList","@id":"https:\/\/regiontzb.sk\/?page_id=469#breadcrumb","itemListElement":[{"@type":"ListItem","position":1,"name":"Domovsk\u00e1 str\u00e1nka","item":"https:\/\/regiontzb.sk\/"},{"@type":"ListItem","position":2,"name":"Plastov\u00e9 okn\u00e1 a dvere"}]},{"@type":"WebSite","@id":"https:\/\/regiontzb.sk\/#website","url":"https:\/\/regiontzb.sk\/","name":"REGION TZB","description":"v\u0161etko pre va\u0161e spokojn\u00e9 b\u00fdvanie","potentialAction":[{"@type":"SearchAction","target":{"@type":"EntryPoint","urlTemplate":"https:\/\/regiontzb.sk\/?s={search_term_string}"},"query-input":"required name=search_term_string"}],"inLanguage":"sk-SK"}]}},"_links":{"self":[{"href":"https:\/\/regiontzb.sk\/index.php?rest_route=\/wp\/v2\/pages\/469"}],"collection":[{"href":"https:\/\/regiontzb.sk\/index.php?rest_route=\/wp\/v2\/pages"}],"about":[{"href":"https:\/\/regiontzb.sk\/index.php?rest_route=\/wp\/v2\/types\/page"}],"author":[{"embeddable":true,"href":"https:\/\/regiontzb.sk\/index.php?rest_route=\/wp\/v2\/users\/3"}],"replies":[{"embeddable":true,"href":"https:\/\/regiontzb.sk\/index.php?rest_route=%2Fwp%2Fv2%2Fcomments&post=469"}],"version-history":[{"count":22,"href":"https:\/\/regiontzb.sk\/index.php?rest_route=\/wp\/v2\/pages\/469\/revisions"}],"predecessor-version":[{"id":841,"href":"https:\/\/regiontzb.sk\/index.php?rest_route=\/wp\/v2\/pages\/469\/revisions\/841"}],"wp:attachment":[{"href":"https:\/\/regiontzb.sk\/index.php?rest_route=%2Fwp%2Fv2%2Fmedia&parent=469"}],"curies":[{"name":"wp","href":"https:\/\/api.w.org\/{rel}","templated":true}]}}