{"id":7,"date":"2013-11-04T16:10:45","date_gmt":"2013-11-04T15:10:45","guid":{"rendered":"http:\/\/janrehak.gur.sk\/?page_id=7"},"modified":"2020-01-17T10:31:45","modified_gmt":"2020-01-17T09:31:45","slug":"main","status":"publish","type":"page","link":"https:\/\/regiontzb.sk\/","title":{"rendered":"\u00davod"},"content":{"rendered":"<div   data-size='entry_without_sidebar'  data-lightbox_size='large'  data-animation='fade'  data-conditional_play=''  data-ids='1085,995,690,963,484,485,141,531,532,1248,570'  data-video_counter='0'  data-autoplay='true'  data-bg_slider='false'  data-slide_height=''  data-handle='av_slideshow'  data-interval='5'  data-class=' avia-builder-el-0  el_before_av_one_fourth  avia-builder-el-first  '  data-el_id=''  data-css_id=''  data-scroll_down=''  data-control_layout='av-control-default'  data-custom_markup=''  data-perma_caption=''  data-autoplay_stopper=''  data-image_attachment=''  data-min_height='0px'  data-lazy_loading='disabled'  data-default-height='34.958677686'  class='avia-slideshow avia-slideshow-1  av-control-default av-default-height-applied avia-slideshow-entry_without_sidebar av_slideshow  avia-builder-el-0  el_before_av_one_fourth  avia-builder-el-first   avia-fade-slider '  itemprop=\"image\" itemscope=\"itemscope\" itemtype=\"https:\/\/schema.org\/ImageObject\" ><ul class='avia-slideshow-inner ' style='padding-bottom: 34.9514563107%;' ><li  class=' slide-1 ' ><div data-rel='slideshow-1' class='avia-slide-wrap '   ><img class=\"wp-image-1085 avia-img-lazy-loading-not-1085\"  src='https:\/\/regiontzb.sk\/wp-content\/uploads\/2013\/11\/BANER_ZIGGY2-1030x360.jpg' width='1030' height='360' title='BANER_ZIGGY2' alt=''  itemprop=\"thumbnailUrl\"   \/><\/div><\/li><li  class=' slide-2 ' ><div data-rel='slideshow-1' class='avia-slide-wrap '   ><img class=\"wp-image-995 avia-img-lazy-loading-not-995\"  src='https:\/\/regiontzb.sk\/wp-content\/uploads\/2014\/05\/ban_solar_FV_11-1030x360.png' width='1030' height='360' title='ban_solar_FV_11' alt=''  itemprop=\"thumbnailUrl\"   \/><\/div><\/li><li  class=' slide-3 ' ><div data-rel='slideshow-1' class='avia-slide-wrap '   ><img class=\"wp-image-690 avia-img-lazy-loading-not-690\"  src='https:\/\/regiontzb.sk\/wp-content\/uploads\/2013\/11\/junkers_kotly_od_999.png' width='1030' height='360' title='junkers_kotly_od_999' alt=''  itemprop=\"thumbnailUrl\"   \/><\/div><\/li><li  class=' slide-4 ' ><div data-rel='slideshow-1' class='avia-slide-wrap '   ><div class=\"avia-caption av-slideshow-caption\"><div class=\"avia-inner-caption\"><h2  class='avia-caption-title  '  itemprop=\"name\" >Sol\u00e1rne zostavy na ohrev vody.<\/h2><\/div><\/div><img class=\"wp-image-963 avia-img-lazy-loading-not-963\"  src='https:\/\/regiontzb.sk\/wp-content\/uploads\/2013\/09\/ban_solar_1.png' width='1030' height='360' title='ban_solar_1' alt=''  itemprop=\"thumbnailUrl\"   \/><\/div><\/li><li  class=' slide-5 ' ><div data-rel='slideshow-1' class='avia-slide-wrap '   ><div class=\"avia-caption av-slideshow-caption\"><div class=\"avia-inner-caption\"><h2  class='avia-caption-title  '  itemprop=\"name\" >Rob\u00edme v\u0161etko pre va\u0161e spokojn\u00e9 b\u00fdvanie<\/h2><\/div><\/div><img class=\"wp-image-484 avia-img-lazy-loading-not-484\"  src='https:\/\/regiontzb.sk\/wp-content\/uploads\/2013\/11\/plastove_okna_1078_1030x390.png' width='1030' height='360' title='plastove_okna_1078_1030x390' alt=''  itemprop=\"thumbnailUrl\"   \/><\/div><\/li><li  class=' slide-6 ' ><div data-rel='slideshow-1' class='avia-slide-wrap '   ><div class=\"avia-caption av-slideshow-caption\"><div class=\"avia-inner-caption\"><h2  class='avia-caption-title  '  itemprop=\"name\" >Vyr\u00e1bame a montujeme pre V\u00e1s plastov\u00e9 okn\u00e1 a dvere.<\/h2><\/div><\/div><img class=\"wp-image-485 avia-img-lazy-loading-not-485\"  src='https:\/\/regiontzb.sk\/wp-content\/uploads\/2013\/11\/vyroba_plastovych_okien_0881_1030x360.png' width='1030' height='360' title='vyroba_plastovych_okien_0881_1030x360' alt=''  itemprop=\"thumbnailUrl\"   \/><\/div><\/li><li  class=' slide-7 ' ><div data-rel='slideshow-1' class='avia-slide-wrap '   ><div class=\"avia-caption av-slideshow-caption\"><div class=\"avia-inner-caption\"><h2  class='avia-caption-title  '  itemprop=\"name\" >Navrhujeme a in\u0161talujeme pre v\u00e1\u0161 dom vykurovanie a zdravotechnick\u00e9 in\u0161tal\u00e1cie.<\/h2><\/div><\/div><img class=\"wp-image-141 avia-img-lazy-loading-not-141\"  src='https:\/\/regiontzb.sk\/wp-content\/uploads\/2013\/09\/main_08.png' width='1030' height='360' title='main_08' alt=''  itemprop=\"thumbnailUrl\"   \/><\/div><\/li><li  class=' slide-8 ' ><div data-rel='slideshow-1' class='avia-slide-wrap '   ><div class=\"avia-caption av-slideshow-caption\"><div class=\"avia-inner-caption\"><h2  class='avia-caption-title  '  itemprop=\"name\" >Zni\u017eujeme V\u00e1m va\u0161u spotrebu energi\u00ed.<\/h2><\/div><\/div><img class=\"wp-image-531 avia-img-lazy-loading-not-531\"  src='https:\/\/regiontzb.sk\/wp-content\/uploads\/2013\/09\/vykurovanie_0005_1030x360.png' width='1030' height='360' title='vykurovanie_0005_1030x360' alt=''  itemprop=\"thumbnailUrl\"   \/><\/div><\/li><li  class=' slide-9 ' ><div data-rel='slideshow-1' class='avia-slide-wrap '   ><div class=\"avia-caption av-slideshow-caption\"><div class=\"avia-inner-caption\"><h2  class='avia-caption-title  '  itemprop=\"name\" >Rekon\u0161trujeme potrubn\u00e9 rozvody, kotolne,...<\/h2><\/div><\/div><img class=\"wp-image-532 avia-img-lazy-loading-not-532\"  src='https:\/\/regiontzb.sk\/wp-content\/uploads\/2013\/09\/vykurovanie_0007_1030x360.png' width='1030' height='360' title='Stavby TZB' alt=''  itemprop=\"thumbnailUrl\"   \/><\/div><\/li><li  class=' slide-10 ' ><div data-rel='slideshow-1' class='avia-slide-wrap '   ><div class=\"avia-caption av-slideshow-caption\"><div class=\"avia-inner-caption\"><h2  class='avia-caption-title  '  itemprop=\"name\" >Dot\u00e1cie na obnovite\u013en\u00e9 zdroje vybav\u00edme za v\u00e1s!<\/h2><\/div><\/div><img class=\"wp-image-1248 avia-img-lazy-loading-not-1248\"  src='https:\/\/regiontzb.sk\/wp-content\/uploads\/2016\/01\/dotacie2020-e1579249530814.jpg' width='1008' height='354' title='dotacie2020' alt=''  itemprop=\"thumbnailUrl\"   \/><\/div><\/li><li  class=' slide-11 ' ><a href='https:\/\/regiontzb.sk\/wp-content\/uploads\/2013\/09\/projekty_stavieb_0006_1030x360.jpg' data-rel='slideshow-1' class='avia-slide-wrap '   ><div class=\"avia-caption av-slideshow-caption\"><div class=\"avia-inner-caption\"><h2  class='avia-caption-title  '  itemprop=\"name\" >Projektujeme pre V\u00e1s modern\u00e9 technick\u00e9 zariadenia budov.<\/h2><\/div><\/div><img class=\"wp-image-570 avia-img-lazy-loading-not-570\"  src='https:\/\/regiontzb.sk\/wp-content\/uploads\/2013\/09\/projekty_stavieb_0006_1030x360.jpg' width='1030' height='360' title='Projekty stavieb' alt=''  itemprop=\"thumbnailUrl\"   \/><\/a><\/li><\/ul><div class='avia-slideshow-arrows avia-slideshow-controls'><a href='#prev' class='prev-slide' aria-hidden='true' data-av_icon='\ue87c' data-av_iconfont='entypo-fontello'>Sp\u00e4\u0165<\/a><a href='#next' class='next-slide' aria-hidden='true' data-av_icon='\ue87d' data-av_iconfont='entypo-fontello'>\u010ealej<\/a><\/div><div class='avia-slideshow-dots avia-slideshow-controls'><a href='#1' class='goto-slide active' >1<\/a><a href='#2' class='goto-slide ' >2<\/a><a href='#3' class='goto-slide ' >3<\/a><a href='#4' class='goto-slide ' >4<\/a><a href='#5' class='goto-slide ' >5<\/a><a href='#6' class='goto-slide ' >6<\/a><a href='#7' class='goto-slide ' >7<\/a><a href='#8' class='goto-slide ' >8<\/a><a href='#9' class='goto-slide ' >9<\/a><a href='#10' class='goto-slide ' >10<\/a><a href='#11' class='goto-slide ' >11<\/a><\/div><\/div>\n<div class=\"flex_column av_one_fourth  flex_column_div first  avia-builder-el-1  el_after_av_slideshow  el_before_av_one_fourth  \" ><p><div  class='avia-image-container  av-styling-    avia-builder-el-2  el_before_av_textblock  avia-builder-el-first  avia-align-center '  itemprop=\"image\" itemscope=\"itemscope\" itemtype=\"https:\/\/schema.org\/ImageObject\"  ><div class='avia-image-container-inner'><div class='avia-image-overlay-wrap'><a href='https:\/\/regiontzb.sk\/?page_id=469' class='avia_image'  ><img class='wp-image-0 avia-img-lazy-loading-not-0 avia_image' src='http:\/\/regiontzb.sk\/wp-content\/uploads\/2013\/11\/plastove_okna_1088_1030x390-300x104.png' alt='' title=''  itemprop=\"thumbnailUrl\"  \/><\/a><\/div><\/div><\/div><br \/>\n<section class=\"av_textblock_section \"  itemscope=\"itemscope\" itemtype=\"https:\/\/schema.org\/CreativeWork\" ><div class='avia_textblock  '   itemprop=\"text\" ><blockquote>\n<p>Plastov\u00e9 okn\u00e1 a dvere<\/p>\n<\/blockquote>\n<\/div><\/section><\/p><\/div>\n<div class=\"flex_column av_one_fourth  flex_column_div av-zero-column-padding   avia-builder-el-4  el_after_av_one_fourth  el_before_av_one_fourth  \" style='border-radius:0px; '><p><div  class='avia-image-container  av-styling-    avia-builder-el-5  el_before_av_textblock  avia-builder-el-first  avia-align-center '  itemprop=\"image\" itemscope=\"itemscope\" itemtype=\"https:\/\/schema.org\/ImageObject\"  ><div class='avia-image-container-inner'><div class='avia-image-overlay-wrap'><a href='https:\/\/regiontzb.sk\/?page_id=19' class='avia_image'  ><img class='wp-image-0 avia-img-lazy-loading-not-0 avia_image' src='http:\/\/regiontzb.sk\/wp-content\/uploads\/2013\/09\/vykurovanie_0007_1030x360-300x104.png' alt='' title=''  itemprop=\"thumbnailUrl\"  \/><\/a><\/div><\/div><\/div><br \/>\n<section class=\"av_textblock_section \"  itemscope=\"itemscope\" itemtype=\"https:\/\/schema.org\/CreativeWork\" ><div class='avia_textblock  '   itemprop=\"text\" ><blockquote>\n<p>\u00a0Slu\u017eby TZB<\/p>\n<\/blockquote>\n<\/div><\/section><\/p><\/div>\n<div class=\"flex_column av_one_fourth  flex_column_div av-zero-column-padding   avia-builder-el-7  el_after_av_one_fourth  el_before_av_one_fourth  \" style='border-radius:0px; '><p><div  class='avia-image-container  av-styling-    avia-builder-el-8  el_before_av_textblock  avia-builder-el-first  avia-align-center '  itemprop=\"image\" itemscope=\"itemscope\" itemtype=\"https:\/\/schema.org\/ImageObject\"  ><div class='avia-image-container-inner'><div class='avia-image-overlay-wrap'><a href='https:\/\/regiontzb.sk\/?page_id=29' class='avia_image'  ><img class='wp-image-0 avia-img-lazy-loading-not-0 avia_image' src='http:\/\/regiontzb.sk\/wp-content\/uploads\/2013\/09\/projekty_stavieb_0006_1030x360-300x104.jpg' alt='' title=''  itemprop=\"thumbnailUrl\"  \/><\/a><\/div><\/div><\/div><br \/>\n<section class=\"av_textblock_section \"  itemscope=\"itemscope\" itemtype=\"https:\/\/schema.org\/CreativeWork\" ><div class='avia_textblock  '   itemprop=\"text\" ><blockquote>\n<p>Projekty stavieb<\/p>\n<\/blockquote>\n<\/div><\/section><\/p><\/div>\n<div class=\"flex_column av_one_fourth  flex_column_div   avia-builder-el-10  el_after_av_one_fourth  avia-builder-el-last  \" ><p><div  class='avia-image-container  av-styling-    avia-builder-el-11  el_before_av_textblock  avia-builder-el-first  avia-align-center '  itemprop=\"image\" itemscope=\"itemscope\" itemtype=\"https:\/\/schema.org\/ImageObject\"  ><div class='avia-image-container-inner'><div class='avia-image-overlay-wrap'><a href='https:\/\/regiontzb.sk\/?page_id=345' class='avia_image'  ><img class='wp-image-0 avia-img-lazy-loading-not-0 avia_image' src='http:\/\/regiontzb.sk\/wp-content\/uploads\/2013\/09\/main_05-300x104.png' alt='' title=''  itemprop=\"thumbnailUrl\"  \/><\/a><\/div><\/div><\/div><br \/>\n<section class=\"av_textblock_section \"  itemscope=\"itemscope\" itemtype=\"https:\/\/schema.org\/CreativeWork\" ><div class='avia_textblock  '   itemprop=\"text\" ><p><a title=\"Energie stavieb\" href=\"http:\/\/janrehak.gur.sk\/?page_id=345\"><\/a><\/p>\n<blockquote>\n<p style=\"text-align: left;\">Energie stavieb<\/p>\n<\/blockquote>\n<\/div><\/section><\/p><\/div>\n","protected":false},"excerpt":{"rendered":"","protected":false},"author":3,"featured_media":0,"parent":0,"menu_order":0,"comment_status":"closed","ping_status":"closed","template":"","meta":{"footnotes":""},"yoast_head":"<!-- This site is optimized with the Yoast SEO plugin v22.2 - https:\/\/yoast.com\/wordpress\/plugins\/seo\/ -->\n<title>\u00davod - REGION TZB<\/title>\n<meta name=\"robots\" content=\"index, follow, max-snippet:-1, max-image-preview:large, max-video-preview:-1\" \/>\n<link rel=\"canonical\" href=\"https:\/\/regiontzb.sk\/\" \/>\n<meta property=\"og:locale\" content=\"sk_SK\" \/>\n<meta property=\"og:type\" content=\"article\" \/>\n<meta property=\"og:title\" content=\"\u00davod - REGION TZB\" \/>\n<meta property=\"og:url\" content=\"https:\/\/regiontzb.sk\/\" \/>\n<meta property=\"og:site_name\" content=\"REGION TZB\" \/>\n<meta property=\"article:modified_time\" content=\"2020-01-17T09:31:45+00:00\" \/>\n<meta name=\"twitter:card\" content=\"summary_large_image\" \/>\n<meta name=\"twitter:label1\" content=\"Predpokladan\u00fd \u010das \u010d\u00edtania\" \/>\n\t<meta name=\"twitter:data1\" content=\"5 min\u00fat\" \/>\n<script type=\"application\/ld+json\" class=\"yoast-schema-graph\">{\"@context\":\"https:\/\/schema.org\",\"@graph\":[{\"@type\":\"WebPage\",\"@id\":\"https:\/\/regiontzb.sk\/\",\"url\":\"https:\/\/regiontzb.sk\/\",\"name\":\"\u00davod - REGION TZB\",\"isPartOf\":{\"@id\":\"https:\/\/regiontzb.sk\/#website\"},\"datePublished\":\"2013-11-04T15:10:45+00:00\",\"dateModified\":\"2020-01-17T09:31:45+00:00\",\"breadcrumb\":{\"@id\":\"https:\/\/regiontzb.sk\/#breadcrumb\"},\"inLanguage\":\"sk-SK\",\"potentialAction\":[{\"@type\":\"ReadAction\",\"target\":[\"https:\/\/regiontzb.sk\/\"]}]},{\"@type\":\"BreadcrumbList\",\"@id\":\"https:\/\/regiontzb.sk\/#breadcrumb\",\"itemListElement\":[{\"@type\":\"ListItem\",\"position\":1,\"name\":\"Domovsk\u00e1 str\u00e1nka\",\"item\":\"https:\/\/regiontzb.sk\/\"},{\"@type\":\"ListItem\",\"position\":2,\"name\":\"\u00davod\"}]},{\"@type\":\"WebSite\",\"@id\":\"https:\/\/regiontzb.sk\/#website\",\"url\":\"https:\/\/regiontzb.sk\/\",\"name\":\"REGION TZB\",\"description\":\"v\u0161etko pre va\u0161e spokojn\u00e9 b\u00fdvanie\",\"potentialAction\":[{\"@type\":\"SearchAction\",\"target\":{\"@type\":\"EntryPoint\",\"urlTemplate\":\"https:\/\/regiontzb.sk\/?s={search_term_string}\"},\"query-input\":\"required name=search_term_string\"}],\"inLanguage\":\"sk-SK\"}]}<\/script>\n<!-- \/ Yoast SEO plugin. -->","yoast_head_json":{"title":"\u00davod - REGION TZB","robots":{"index":"index","follow":"follow","max-snippet":"max-snippet:-1","max-image-preview":"max-image-preview:large","max-video-preview":"max-video-preview:-1"},"canonical":"https:\/\/regiontzb.sk\/","og_locale":"sk_SK","og_type":"article","og_title":"\u00davod - REGION TZB","og_url":"https:\/\/regiontzb.sk\/","og_site_name":"REGION TZB","article_modified_time":"2020-01-17T09:31:45+00:00","twitter_card":"summary_large_image","twitter_misc":{"Predpokladan\u00fd \u010das \u010d\u00edtania":"5 min\u00fat"},"schema":{"@context":"https:\/\/schema.org","@graph":[{"@type":"WebPage","@id":"https:\/\/regiontzb.sk\/","url":"https:\/\/regiontzb.sk\/","name":"\u00davod - REGION TZB","isPartOf":{"@id":"https:\/\/regiontzb.sk\/#website"},"datePublished":"2013-11-04T15:10:45+00:00","dateModified":"2020-01-17T09:31:45+00:00","breadcrumb":{"@id":"https:\/\/regiontzb.sk\/#breadcrumb"},"inLanguage":"sk-SK","potentialAction":[{"@type":"ReadAction","target":["https:\/\/regiontzb.sk\/"]}]},{"@type":"BreadcrumbList","@id":"https:\/\/regiontzb.sk\/#breadcrumb","itemListElement":[{"@type":"ListItem","position":1,"name":"Domovsk\u00e1 str\u00e1nka","item":"https:\/\/regiontzb.sk\/"},{"@type":"ListItem","position":2,"name":"\u00davod"}]},{"@type":"WebSite","@id":"https:\/\/regiontzb.sk\/#website","url":"https:\/\/regiontzb.sk\/","name":"REGION TZB","description":"v\u0161etko pre va\u0161e spokojn\u00e9 b\u00fdvanie","potentialAction":[{"@type":"SearchAction","target":{"@type":"EntryPoint","urlTemplate":"https:\/\/regiontzb.sk\/?s={search_term_string}"},"query-input":"required name=search_term_string"}],"inLanguage":"sk-SK"}]}},"_links":{"self":[{"href":"https:\/\/regiontzb.sk\/index.php?rest_route=\/wp\/v2\/pages\/7"}],"collection":[{"href":"https:\/\/regiontzb.sk\/index.php?rest_route=\/wp\/v2\/pages"}],"about":[{"href":"https:\/\/regiontzb.sk\/index.php?rest_route=\/wp\/v2\/types\/page"}],"author":[{"embeddable":true,"href":"https:\/\/regiontzb.sk\/index.php?rest_route=\/wp\/v2\/users\/3"}],"replies":[{"embeddable":true,"href":"https:\/\/regiontzb.sk\/index.php?rest_route=%2Fwp%2Fv2%2Fcomments&post=7"}],"version-history":[{"count":86,"href":"https:\/\/regiontzb.sk\/index.php?rest_route=\/wp\/v2\/pages\/7\/revisions"}],"predecessor-version":[{"id":1329,"href":"https:\/\/regiontzb.sk\/index.php?rest_route=\/wp\/v2\/pages\/7\/revisions\/1329"}],"wp:attachment":[{"href":"https:\/\/regiontzb.sk\/index.php?rest_route=%2Fwp%2Fv2%2Fmedia&parent=7"}],"curies":[{"name":"wp","href":"https:\/\/api.w.org\/{rel}","templated":true}]}}