{"id":999,"date":"2014-05-30T13:51:30","date_gmt":"2014-05-30T12:51:30","guid":{"rendered":"http:\/\/regiontzb.sk\/?page_id=999"},"modified":"2014-05-30T13:51:30","modified_gmt":"2014-05-30T12:51:30","slug":"fv-mikroinstalacne-sety","status":"publish","type":"page","link":"https:\/\/regiontzb.sk\/?page_id=999","title":{"rendered":"FV Mikroin\u0161tala\u010dn\u00e9 sety"},"content":{"rendered":"<div   data-size='entry_with_sidebar'  data-lightbox_size='large'  data-animation='slide'  data-conditional_play=''  data-ids='1026,1027'  data-video_counter='0'  data-autoplay='true'  data-bg_slider='false'  data-slide_height=''  data-handle='av_slideshow'  data-interval='5'  data-class=' avia-builder-el-0  el_before_av_textblock  avia-builder-el-first  '  data-el_id=''  data-css_id=''  data-scroll_down=''  data-control_layout=''  data-custom_markup=''  data-perma_caption=''  data-autoplay_stopper=''  data-image_attachment=''  data-min_height='0px'  data-lazy_loading='disabled'  data-default-height='37.9881656805'  class='avia-slideshow avia-slideshow-1  av-default-height-applied avia-slideshow-entry_with_sidebar av_slideshow  avia-builder-el-0  el_before_av_textblock  avia-builder-el-first   avia-slide-slider '  itemprop=\"image\" itemscope=\"itemscope\" itemtype=\"https:\/\/schema.org\/ImageObject\" ><ul class='avia-slideshow-inner ' style='padding-bottom: 38.0281690141%;' ><li  class=' slide-1 ' ><div data-rel='slideshow-1' class='avia-slide-wrap '   ><img class=\"wp-image-1026 avia-img-lazy-loading-not-1026\"  src='https:\/\/regiontzb.sk\/wp-content\/uploads\/2014\/05\/set_1_710_270.png' width='710' height='270' title='set_1_710_270' alt=''  itemprop=\"thumbnailUrl\"   \/><\/div><\/li><li  class=' slide-2 ' ><div data-rel='slideshow-1' class='avia-slide-wrap '   ><img class=\"wp-image-1027 avia-img-lazy-loading-not-1027\"  src='https:\/\/regiontzb.sk\/wp-content\/uploads\/2014\/05\/set_2_710_270.png' width='710' height='270' title='set_2_710_270' alt=''  itemprop=\"thumbnailUrl\"   \/><\/div><\/li><\/ul><div class='avia-slideshow-arrows avia-slideshow-controls'><a href='#prev' class='prev-slide' aria-hidden='true' data-av_icon='\ue87c' data-av_iconfont='entypo-fontello'>Sp\u00e4\u0165<\/a><a href='#next' class='next-slide' aria-hidden='true' data-av_icon='\ue87d' data-av_iconfont='entypo-fontello'>\u010ealej<\/a><\/div><div class='avia-slideshow-dots avia-slideshow-controls'><a href='#1' class='goto-slide active' >1<\/a><a href='#2' class='goto-slide ' >2<\/a><\/div><\/div>\n<section class=\"av_textblock_section \"  itemscope=\"itemscope\" itemtype=\"https:\/\/schema.org\/CreativeWork\" ><div class='avia_textblock  '   itemprop=\"text\" ><h3>MIKROIN\u0160TALA\u010cN\u00c9 \u00a0FV SETY<\/h3>\n<p>Vyu\u017eite na\u0161e v\u00fdhodn\u00fa ponuku komponentov &#8211; FV mikroin\u0161tala\u010dn\u00e9 sety, ktor\u00e9 s\u00fa skladan\u00e9 tak, aby v\u0161etka enegria bola spotrebovan\u00e1 priamo u V\u00e1s.<\/p>\n<p>FV sety obsahuj\u00fa : fotovoltaick\u00e9 panely, meni\u010de, mont\u00e1\u017ene kon\u0161trukcie.<\/p>\n<ul>\n<li>fotovoltaick\u00e9 panely Luxor Eco 72\/200 W mono alebo<\/li>\n<li>\u00a0fotovoltaick\u00e9 panely Axitec AXIpower AC-240P polykry\u0161talick\u00e9<\/li>\n<li><span style=\"color: #000000;\">meni\u010de \/ strieda\u010de\u00a0Solarmax SPU 200S, SMA SB 1200, SMA SB 2500, SMA SB 3300, KACO 4202, Kostal Piko 3,6<\/span><\/li>\n<li><span style=\"color: #000000;\">mont\u00e1\u017ene kon\u0161trukcie K2 system \u00a0<\/span><\/li>\n<\/ul>\n<p>FV sety pon\u00fakame o ve\u013ekostiach :<\/p>\n<h4>1,40 kWp, \u00a0 2,16 kWp, \u00a0 2,64 kWp, \u00a0 2,88 kWp, \u00a0 3,36 kWp, \u00a0 3,84 kWp<\/h4>\n<p>Ponuka mikroin\u0161tala\u010dn\u00fdch setov platia do odvolania alebo do vypredania z\u00e1sob.<\/p>\n<p>Pre podrobnej\u0161ie inform\u00e1cie n\u00e1s pros\u00edm <a href=\"http:\/\/http:\/\/regiontzb.sk\/?page_id=10\">kontaktujte<\/a>.<\/p>\n<\/div><\/section>\n<div class=\"flex_column av_one_fourth  flex_column_div first  avia-builder-el-2  el_after_av_textblock  el_before_av_one_fourth  column-top-margin\" ><div  class='avia-image-container  av-styling-    avia-builder-el-3  avia-builder-el-no-sibling  avia-align-center '  itemprop=\"image\" itemscope=\"itemscope\" itemtype=\"https:\/\/schema.org\/ImageObject\"  ><div class='avia-image-container-inner'><div class='avia-image-overlay-wrap'><img class='wp-image-1006 avia-img-lazy-loading-not-1006 avia_image' src='http:\/\/regiontzb.sk\/wp-content\/uploads\/2014\/05\/set_1.png' alt='' title='set_1'   itemprop=\"thumbnailUrl\"  \/><\/div><\/div><\/div><\/div>\n<div class=\"flex_column av_one_fourth  flex_column_div   avia-builder-el-4  el_after_av_one_fourth  el_before_av_one_fourth  column-top-margin\" ><section class=\"av_textblock_section \"  itemscope=\"itemscope\" itemtype=\"https:\/\/schema.org\/CreativeWork\" ><div class='avia_textblock  '   itemprop=\"text\" ><h4>FV Set \u010d.1<\/h4>\n<h4>1,4 kWp<\/h4>\n<ul>\n<li>7 x sol\u00e1rny panel Luxor Eco Line<\/li>\n<li>72 \/200 W monokrystal<\/li>\n<li>1 x meni\u010d SMA SB 1200<\/li>\n<li>kon\u0161trukcia a mont\u00e1\u017ene h\u00e1ky Vario 2<\/li>\n<li>mont\u00e1\u017e<\/li>\n<\/ul>\n<h4><span style=\"color: #ff0000;\"><strong>Cena :<\/strong><\/span><\/h4>\n<h4><span style=\"color: #ff0000;\"><strong>2.099 \u20ac s DPH<\/strong><\/span><\/h4>\n<p>(cena bez mont\u00e1\u017ee 1.599\u20ac s DPH)<\/p>\n<\/div><\/section><\/div>\n<div class=\"flex_column av_one_fourth  flex_column_div   avia-builder-el-6  el_after_av_one_fourth  el_before_av_one_fourth  column-top-margin\" ><div  class='avia-image-container  av-styling-    avia-builder-el-7  avia-builder-el-no-sibling  avia-align-center '  itemprop=\"image\" itemscope=\"itemscope\" itemtype=\"https:\/\/schema.org\/ImageObject\"  ><div class='avia-image-container-inner'><div class='avia-image-overlay-wrap'><img class='wp-image-1010 avia-img-lazy-loading-not-1010 avia_image' src='http:\/\/regiontzb.sk\/wp-content\/uploads\/2014\/05\/set_2.png' alt='' title='set_2'   itemprop=\"thumbnailUrl\"  \/><\/div><\/div><\/div><\/div>\n<div class=\"flex_column av_one_fourth  flex_column_div   avia-builder-el-8  el_after_av_one_fourth  el_before_av_one_fourth  column-top-margin\" ><section class=\"av_textblock_section \"  itemscope=\"itemscope\" itemtype=\"https:\/\/schema.org\/CreativeWork\" ><div class='avia_textblock  '   itemprop=\"text\" ><h3>FV Set \u010d.2<\/h3>\n<h3>2,16 kWp<\/h3>\n<ul>\n<li>9 x sol\u00e1rny panel Axitec<\/li>\n<li>AXIpower AC-240P polykrystal<\/li>\n<li>1 x meni\u010d \u00a0SPU 200S<\/li>\n<li>kon\u0161trukcia a mont\u00e1\u017ene h\u00e1ky Vario 2<\/li>\n<li>mont\u00e1\u017e<\/li>\n<\/ul>\n<h4><span style=\"color: #ff0000;\">Cena :<\/span><\/h4>\n<h4><span style=\"color: #ff0000;\">2.699 \u20ac s DPH<\/span><\/h4>\n<p>(cena bez mont\u00e1\u017ee 2.199\u20ac s DPH)<\/p>\n<\/div><\/section><\/div>\n<div class=\"flex_column av_one_fourth  flex_column_div first  avia-builder-el-10  el_after_av_one_fourth  el_before_av_one_fourth  column-top-margin\" ><div  class='avia-image-container  av-styling-    avia-builder-el-11  avia-builder-el-no-sibling  avia-align-center '  itemprop=\"image\" itemscope=\"itemscope\" itemtype=\"https:\/\/schema.org\/ImageObject\"  ><div class='avia-image-container-inner'><div class='avia-image-overlay-wrap'><img class='wp-image-1012 avia-img-lazy-loading-not-1012 avia_image' src='http:\/\/regiontzb.sk\/wp-content\/uploads\/2014\/05\/set_3.png' alt='' title='set_3'   itemprop=\"thumbnailUrl\"  \/><\/div><\/div><\/div><\/div>\n<div class=\"flex_column av_one_fourth  flex_column_div   avia-builder-el-12  el_after_av_one_fourth  el_before_av_one_fourth  column-top-margin\" ><section class=\"av_textblock_section \"  itemscope=\"itemscope\" itemtype=\"https:\/\/schema.org\/CreativeWork\" ><div class='avia_textblock  '   itemprop=\"text\" ><h3>FV Set \u010d.3<\/h3>\n<h3>2,64 kWp<\/h3>\n<ul>\n<li>11 x sol\u00e1rny panel Axitec<\/li>\n<li>AXIpower AC-240P polykrystal<\/li>\n<li>1 x meni\u010d SMA SB 2500<\/li>\n<li>kon\u0161trukcia a mont\u00e1\u017ene h\u00e1ky Vario 2<\/li>\n<li>mont\u00e1\u017e<\/li>\n<\/ul>\n<h4><span style=\"color: #ff0000;\">Cena :<\/span><\/h4>\n<h4><span style=\"color: #ff0000;\">3.399 \u20ac s DPH<\/span><\/h4>\n<p>(cena bez mont\u00e1\u017ee 2.899\u20ac s DPH)<\/p>\n<\/div><\/section><\/div>\n<div class=\"flex_column av_one_fourth  flex_column_div   avia-builder-el-14  el_after_av_one_fourth  el_before_av_one_fourth  column-top-margin\" ><div  class='avia-image-container  av-styling-    avia-builder-el-15  avia-builder-el-no-sibling  avia-align-center '  itemprop=\"image\" itemscope=\"itemscope\" itemtype=\"https:\/\/schema.org\/ImageObject\"  ><div class='avia-image-container-inner'><div class='avia-image-overlay-wrap'><img class='wp-image-1014 avia-img-lazy-loading-not-1014 avia_image' src='http:\/\/regiontzb.sk\/wp-content\/uploads\/2014\/05\/set_4.png' alt='' title='set_4'   itemprop=\"thumbnailUrl\"  \/><\/div><\/div><\/div><\/div>\n<div class=\"flex_column av_one_fourth  flex_column_div   avia-builder-el-16  el_after_av_one_fourth  el_before_av_one_fourth  column-top-margin\" ><section class=\"av_textblock_section \"  itemscope=\"itemscope\" itemtype=\"https:\/\/schema.org\/CreativeWork\" ><div class='avia_textblock  '   itemprop=\"text\" ><h3>FV Set \u010d.4<\/h3>\n<h3>2,88 kWp<\/h3>\n<ul>\n<li>12 x sol\u00e1rny panel Axitec<\/li>\n<li>AXIpower AC-240P polykrystal<\/li>\n<li>1 x meni\u010d SMA SB 3300<\/li>\n<li>kon\u0161trukcia a mont\u00e1\u017ene h\u00e1ky Vario 2<\/li>\n<li>mont\u00e1\u017e<\/li>\n<\/ul>\n<h4><span style=\"color: #ff0000;\">Cena :<\/span><\/h4>\n<h4><span style=\"color: #ff0000;\">3.699 \u20ac s DPH<\/span><\/h4>\n<p>(cena bez mont\u00e1\u017ee 3.099\u20ac s DPH)<\/p>\n<\/div><\/section><\/div><div class=\"flex_column av_one_fourth  flex_column_div first  avia-builder-el-18  el_after_av_one_fourth  el_before_av_one_fourth  column-top-margin\" ><div  class='avia-image-container  av-styling-    avia-builder-el-19  avia-builder-el-no-sibling  avia-align-center '  itemprop=\"image\" itemscope=\"itemscope\" itemtype=\"https:\/\/schema.org\/ImageObject\"  ><div class='avia-image-container-inner'><div class='avia-image-overlay-wrap'><img class='wp-image-1015 avia-img-lazy-loading-not-1015 avia_image' src='http:\/\/regiontzb.sk\/wp-content\/uploads\/2014\/05\/set_5.png' alt='' title='set_5'   itemprop=\"thumbnailUrl\"  \/><\/div><\/div><\/div><\/div><\/p>\n<div class=\"flex_column av_one_fourth  flex_column_div   avia-builder-el-20  el_after_av_one_fourth  el_before_av_one_fourth  column-top-margin\" ><section class=\"av_textblock_section \"  itemscope=\"itemscope\" itemtype=\"https:\/\/schema.org\/CreativeWork\" ><div class='avia_textblock  '   itemprop=\"text\" ><h3>FV Set \u010d.5<\/h3>\n<h3>3,36 kWp<\/h3>\n<ul>\n<li>14 x sol\u00e1rny panel Axitec<\/li>\n<li>AXIpower AC-240P polykrystal<\/li>\n<li>1 x meni\u010d Kaco 4202<\/li>\n<li>kon\u0161trukcia a mont\u00e1\u017ene h\u00e1ky Vario 2<\/li>\n<li>mont\u00e1\u017e<\/li>\n<\/ul>\n<h4><span style=\"color: #ff0000;\">Cena :<\/span><\/h4>\n<h4><span style=\"color: #ff0000;\">4.199 \u20ac s DPH<\/span><\/h4>\n<p>(cena bez mont\u00e1\u017ee 3.599\u20ac s DPH)<\/p>\n<\/div><\/section><\/div>\n<div class=\"flex_column av_one_fourth  flex_column_div   avia-builder-el-22  el_after_av_one_fourth  el_before_av_one_fourth  column-top-margin\" ><div  class='avia-image-container  av-styling-    avia-builder-el-23  avia-builder-el-no-sibling  avia-align-center '  itemprop=\"image\" itemscope=\"itemscope\" itemtype=\"https:\/\/schema.org\/ImageObject\"  ><div class='avia-image-container-inner'><div class='avia-image-overlay-wrap'><img class='wp-image-1017 avia-img-lazy-loading-not-1017 avia_image' src='http:\/\/regiontzb.sk\/wp-content\/uploads\/2014\/05\/set_6.png' alt='' title='set_6'   itemprop=\"thumbnailUrl\"  \/><\/div><\/div><\/div><\/div>\n<div class=\"flex_column av_one_fourth  flex_column_div   avia-builder-el-24  el_after_av_one_fourth  el_before_av_one_third  column-top-margin\" ><section class=\"av_textblock_section \"  itemscope=\"itemscope\" itemtype=\"https:\/\/schema.org\/CreativeWork\" ><div class='avia_textblock  '   itemprop=\"text\" ><h3>FV Set \u010d.6<\/h3>\n<h3>3,84 kWp<\/h3>\n<ul>\n<li>16 x sol\u00e1rny panel Axitec<\/li>\n<li>AXIpower AC-240P polykrystal<\/li>\n<li>1 x meni\u010d Kostal Piko 3,6<\/li>\n<li>kon\u0161trukcia a mont\u00e1\u017ene h\u00e1ky Vario 2<\/li>\n<li>mont\u00e1\u017e<\/li>\n<\/ul>\n<h4><span style=\"color: #ff0000;\">Cena :<\/span><\/h4>\n<h4><span style=\"color: #ff0000;\">4.999 \u20ac s DPH<\/span><\/h4>\n<p>(cena bez mont\u00e1\u017ee 4.299\u20ac s DPH)<\/p>\n<\/div><\/section><\/div>\n<div class=\"flex_column av_one_third  flex_column_div first  avia-builder-el-26  el_after_av_one_fourth  el_before_av_two_third  column-top-margin\" ><section class=\"av_textblock_section \"  itemscope=\"itemscope\" itemtype=\"https:\/\/schema.org\/CreativeWork\" ><div class='avia_textblock  '   itemprop=\"text\" ><p>Za pr\u00edplatok s setom pon\u00fakame :<\/p>\n<ul>\n<li>Wattrouter cWX za 200\u20ac s DPH,<\/li>\n<li>k\u00e1bel 4 mm2 za 0,55\u20ac \/ m.<\/li>\n<\/ul>\n<p><a href=\"http:\/\/regiontzb.sk\/wp-content\/uploads\/2014\/05\/wattrouter.jpg\"><img loading=\"lazy\" decoding=\"async\" class=\"alignnone  wp-image-1022\" alt=\"wattrouter\" src=\"http:\/\/regiontzb.sk\/wp-content\/uploads\/2014\/05\/wattrouter.jpg\" width=\"91\" height=\"53\" \/><\/a><\/p>\n<\/div><\/section><\/div>\n<div class=\"flex_column av_two_third  flex_column_div   avia-builder-el-28  el_after_av_one_third  avia-builder-el-last  column-top-margin\" ><section class=\"av_textblock_section \"  itemscope=\"itemscope\" itemtype=\"https:\/\/schema.org\/CreativeWork\" ><div class='avia_textblock  '   itemprop=\"text\" ><p>Od z\u00e1kladnej ceny setu je mo\u017en\u00e9 odpo\u010d\u00edta\u0165 z\u013eavu na :<\/p>\n<ul>\n<li>mont\u00e1\u017ene prvky pre \u0161indlov\u00fa strechu &#8211; z\u013eava 14\u20ac \/kWp<\/li>\n<li>mont\u00e1\u017ene prvky pre bobrovku &#8211; z\u013eava 15\u20ac \/kWp<\/li>\n<li>kombivrut &#8211; z\u013eava 30\u20ac \/ kWp<\/li>\n<\/ul>\n<p><a href=\"http:\/\/regiontzb.sk\/wp-content\/uploads\/2014\/05\/spoje.png\"><img loading=\"lazy\" decoding=\"async\" class=\"alignnone size-full wp-image-1019\" alt=\"spoje\" src=\"http:\/\/regiontzb.sk\/wp-content\/uploads\/2014\/05\/spoje.png\" width=\"225\" height=\"80\" \/><\/a><\/p>\n<\/div><\/section><\/div>\n","protected":false},"excerpt":{"rendered":"","protected":false},"author":3,"featured_media":0,"parent":25,"menu_order":0,"comment_status":"open","ping_status":"open","template":"","meta":{"footnotes":""},"yoast_head":"<!-- This site is optimized with the Yoast SEO plugin v22.2 - https:\/\/yoast.com\/wordpress\/plugins\/seo\/ -->\n<title>FV Mikroin\u0161tala\u010dn\u00e9 sety - REGION TZB<\/title>\n<meta name=\"robots\" content=\"index, follow, max-snippet:-1, max-image-preview:large, max-video-preview:-1\" \/>\n<link rel=\"canonical\" href=\"https:\/\/regiontzb.sk\/?page_id=999\" \/>\n<meta property=\"og:locale\" content=\"sk_SK\" \/>\n<meta property=\"og:type\" content=\"article\" \/>\n<meta property=\"og:title\" content=\"FV Mikroin\u0161tala\u010dn\u00e9 sety - REGION TZB\" \/>\n<meta property=\"og:url\" content=\"https:\/\/regiontzb.sk\/?page_id=999\" \/>\n<meta property=\"og:site_name\" content=\"REGION TZB\" \/>\n<meta property=\"og:image\" content=\"http:\/\/regiontzb.sk\/wp-content\/uploads\/2014\/05\/wattrouter.jpg\" \/>\n<meta name=\"twitter:card\" content=\"summary_large_image\" \/>\n<meta name=\"twitter:label1\" content=\"Predpokladan\u00fd \u010das \u010d\u00edtania\" \/>\n\t<meta name=\"twitter:data1\" content=\"3 min\u00faty\" \/>\n<script type=\"application\/ld+json\" class=\"yoast-schema-graph\">{\"@context\":\"https:\/\/schema.org\",\"@graph\":[{\"@type\":\"WebPage\",\"@id\":\"https:\/\/regiontzb.sk\/?page_id=999\",\"url\":\"https:\/\/regiontzb.sk\/?page_id=999\",\"name\":\"FV Mikroin\u0161tala\u010dn\u00e9 sety - REGION TZB\",\"isPartOf\":{\"@id\":\"https:\/\/regiontzb.sk\/#website\"},\"primaryImageOfPage\":{\"@id\":\"https:\/\/regiontzb.sk\/?page_id=999#primaryimage\"},\"image\":{\"@id\":\"https:\/\/regiontzb.sk\/?page_id=999#primaryimage\"},\"thumbnailUrl\":\"http:\/\/regiontzb.sk\/wp-content\/uploads\/2014\/05\/wattrouter.jpg\",\"datePublished\":\"2014-05-30T12:51:30+00:00\",\"dateModified\":\"2014-05-30T12:51:30+00:00\",\"breadcrumb\":{\"@id\":\"https:\/\/regiontzb.sk\/?page_id=999#breadcrumb\"},\"inLanguage\":\"sk-SK\",\"potentialAction\":[{\"@type\":\"ReadAction\",\"target\":[\"https:\/\/regiontzb.sk\/?page_id=999\"]}]},{\"@type\":\"ImageObject\",\"inLanguage\":\"sk-SK\",\"@id\":\"https:\/\/regiontzb.sk\/?page_id=999#primaryimage\",\"url\":\"http:\/\/regiontzb.sk\/wp-content\/uploads\/2014\/05\/wattrouter.jpg\",\"contentUrl\":\"http:\/\/regiontzb.sk\/wp-content\/uploads\/2014\/05\/wattrouter.jpg\"},{\"@type\":\"BreadcrumbList\",\"@id\":\"https:\/\/regiontzb.sk\/?page_id=999#breadcrumb\",\"itemListElement\":[{\"@type\":\"ListItem\",\"position\":1,\"name\":\"Domovsk\u00e1 str\u00e1nka\",\"item\":\"https:\/\/regiontzb.sk\/\"},{\"@type\":\"ListItem\",\"position\":2,\"name\":\"Slu\u017eby TZB\",\"item\":\"https:\/\/regiontzb.sk\/?page_id=19\"},{\"@type\":\"ListItem\",\"position\":3,\"name\":\"Sol\u00e1rne syst\u00e9my\",\"item\":\"https:\/\/regiontzb.sk\/?page_id=25\"},{\"@type\":\"ListItem\",\"position\":4,\"name\":\"FV Mikroin\u0161tala\u010dn\u00e9 sety\"}]},{\"@type\":\"WebSite\",\"@id\":\"https:\/\/regiontzb.sk\/#website\",\"url\":\"https:\/\/regiontzb.sk\/\",\"name\":\"REGION TZB\",\"description\":\"v\u0161etko pre va\u0161e spokojn\u00e9 b\u00fdvanie\",\"potentialAction\":[{\"@type\":\"SearchAction\",\"target\":{\"@type\":\"EntryPoint\",\"urlTemplate\":\"https:\/\/regiontzb.sk\/?s={search_term_string}\"},\"query-input\":\"required name=search_term_string\"}],\"inLanguage\":\"sk-SK\"}]}<\/script>\n<!-- \/ Yoast SEO plugin. -->","yoast_head_json":{"title":"FV Mikroin\u0161tala\u010dn\u00e9 sety - REGION TZB","robots":{"index":"index","follow":"follow","max-snippet":"max-snippet:-1","max-image-preview":"max-image-preview:large","max-video-preview":"max-video-preview:-1"},"canonical":"https:\/\/regiontzb.sk\/?page_id=999","og_locale":"sk_SK","og_type":"article","og_title":"FV Mikroin\u0161tala\u010dn\u00e9 sety - REGION TZB","og_url":"https:\/\/regiontzb.sk\/?page_id=999","og_site_name":"REGION TZB","og_image":[{"url":"http:\/\/regiontzb.sk\/wp-content\/uploads\/2014\/05\/wattrouter.jpg"}],"twitter_card":"summary_large_image","twitter_misc":{"Predpokladan\u00fd \u010das \u010d\u00edtania":"3 min\u00faty"},"schema":{"@context":"https:\/\/schema.org","@graph":[{"@type":"WebPage","@id":"https:\/\/regiontzb.sk\/?page_id=999","url":"https:\/\/regiontzb.sk\/?page_id=999","name":"FV Mikroin\u0161tala\u010dn\u00e9 sety - REGION TZB","isPartOf":{"@id":"https:\/\/regiontzb.sk\/#website"},"primaryImageOfPage":{"@id":"https:\/\/regiontzb.sk\/?page_id=999#primaryimage"},"image":{"@id":"https:\/\/regiontzb.sk\/?page_id=999#primaryimage"},"thumbnailUrl":"http:\/\/regiontzb.sk\/wp-content\/uploads\/2014\/05\/wattrouter.jpg","datePublished":"2014-05-30T12:51:30+00:00","dateModified":"2014-05-30T12:51:30+00:00","breadcrumb":{"@id":"https:\/\/regiontzb.sk\/?page_id=999#breadcrumb"},"inLanguage":"sk-SK","potentialAction":[{"@type":"ReadAction","target":["https:\/\/regiontzb.sk\/?page_id=999"]}]},{"@type":"ImageObject","inLanguage":"sk-SK","@id":"https:\/\/regiontzb.sk\/?page_id=999#primaryimage","url":"http:\/\/regiontzb.sk\/wp-content\/uploads\/2014\/05\/wattrouter.jpg","contentUrl":"http:\/\/regiontzb.sk\/wp-content\/uploads\/2014\/05\/wattrouter.jpg"},{"@type":"BreadcrumbList","@id":"https:\/\/regiontzb.sk\/?page_id=999#breadcrumb","itemListElement":[{"@type":"ListItem","position":1,"name":"Domovsk\u00e1 str\u00e1nka","item":"https:\/\/regiontzb.sk\/"},{"@type":"ListItem","position":2,"name":"Slu\u017eby TZB","item":"https:\/\/regiontzb.sk\/?page_id=19"},{"@type":"ListItem","position":3,"name":"Sol\u00e1rne syst\u00e9my","item":"https:\/\/regiontzb.sk\/?page_id=25"},{"@type":"ListItem","position":4,"name":"FV Mikroin\u0161tala\u010dn\u00e9 sety"}]},{"@type":"WebSite","@id":"https:\/\/regiontzb.sk\/#website","url":"https:\/\/regiontzb.sk\/","name":"REGION TZB","description":"v\u0161etko pre va\u0161e spokojn\u00e9 b\u00fdvanie","potentialAction":[{"@type":"SearchAction","target":{"@type":"EntryPoint","urlTemplate":"https:\/\/regiontzb.sk\/?s={search_term_string}"},"query-input":"required name=search_term_string"}],"inLanguage":"sk-SK"}]}},"_links":{"self":[{"href":"https:\/\/regiontzb.sk\/index.php?rest_route=\/wp\/v2\/pages\/999"}],"collection":[{"href":"https:\/\/regiontzb.sk\/index.php?rest_route=\/wp\/v2\/pages"}],"about":[{"href":"https:\/\/regiontzb.sk\/index.php?rest_route=\/wp\/v2\/types\/page"}],"author":[{"embeddable":true,"href":"https:\/\/regiontzb.sk\/index.php?rest_route=\/wp\/v2\/users\/3"}],"replies":[{"embeddable":true,"href":"https:\/\/regiontzb.sk\/index.php?rest_route=%2Fwp%2Fv2%2Fcomments&post=999"}],"version-history":[{"count":35,"href":"https:\/\/regiontzb.sk\/index.php?rest_route=\/wp\/v2\/pages\/999\/revisions"}],"predecessor-version":[{"id":1049,"href":"https:\/\/regiontzb.sk\/index.php?rest_route=\/wp\/v2\/pages\/999\/revisions\/1049"}],"up":[{"embeddable":true,"href":"https:\/\/regiontzb.sk\/index.php?rest_route=\/wp\/v2\/pages\/25"}],"wp:attachment":[{"href":"https:\/\/regiontzb.sk\/index.php?rest_route=%2Fwp%2Fv2%2Fmedia&parent=999"}],"curies":[{"name":"wp","href":"https:\/\/api.w.org\/{rel}","templated":true}]}}